{"id":115,"date":"2014-02-25T00:08:43","date_gmt":"2014-02-24T22:08:43","guid":{"rendered":"http:\/\/thelostest.org\/?page_id=115"},"modified":"2021-03-08T15:41:58","modified_gmt":"2021-03-08T12:41:58","slug":"nc-kontrollu-jant-duzeltme-makinasi","status":"publish","type":"page","link":"https:\/\/www.k-mak.com\/en\/urunlerimiz-2\/yerli-makinalar\/jant-duzeltme-makineleri\/nc-kontrollu-jant-duzeltme-makinasi\/","title":{"rendered":"NC B\u0130LG\u0130SAYAR KONTROLL\u00dc JANT D\u00dcZELTME MAK\u0130NASI"},"content":{"rendered":"<div class=\"vc_row wpb_row vc_row-fluid\"><div class=\"wpb_column vc_column_container vc_col-sm-12\"><div class=\"vc_column-inner\"><div class=\"wpb_wrapper\">\n\t<div  class=\"wpb_single_image wpb_content_element vc_align_left\">\n\t\t\n\t\t<figure class=\"wpb_wrapper vc_figure\">\n\t\t\t<div class=\"vc_single_image-wrapper   vc_box_border_grey\"><img class=\"vc_single_image-img\" src=\"https:\/\/www.k-mak.com\/wp-content\/uploads\/2014\/02\/micro-onayli.png\" width=\"778\" height=\"290\" alt=\"micro-onayli\" title=\"micro-onayli\" \/><\/div>\n\t\t<\/figure>\n\t<\/div>\n<\/div><\/div><\/div><\/div><div class=\"vc_row wpb_row vc_row-fluid\"><div class=\"wpb_column vc_column_container vc_col-sm-12\"><div class=\"vc_column-inner\"><div class=\"wpb_wrapper\">\n\t<div class=\"wpb_tabs wpb_content_element\" data-interval=\"\">\n\t\t<div class=\"wpb_wrapper wpb_tour_tabs_wrapper ui-tabs vc_clearfix\">\n\t\t\t<h2 class=\"wpb_heading wpb_tabs_heading\"> <\/h2><ul class=\"wpb_tabs_nav ui-tabs-nav vc_clearfix\"><li><a href=\"#tab-1393279723-1-13\">TEKN\u0130K \u00d6ZELL\u0130KLER<\/a><\/li><li><a href=\"#tab-1393279723-2-36\">\u00dcR\u00dcN\u00dcN V\u0130DEOSU<\/a><\/li><li><a href=\"#tab-1393280758329-2-5\">\u00dcR\u00dcN\u00dcN APARATLARI<\/a><\/li><\/ul>\n\t<div id=\"tab-1393279723-1-13\" class=\"wpb_tab ui-tabs-panel wpb_ui-tabs-hide vc_clearfix\">\n\t\t[vc_meta_block title=&#8221;TEKN\u0130K \u00d6ZELL\u0130KLER&#8221; icon_color=&#8221;#555&#8243;]<\/p>\n<table width=\"565\" border=\"1\" cellspacing=\"0\" cellpadding=\"0\">\n<tbody>\n<tr>\n<td valign=\"top\" width=\"206\"><span style=\"font-family: Calibri;\">Maksimum Jant \u00c7ap\u0131<\/span><\/td>\n<td valign=\"top\" width=\"359\"><span style=\"font-family: Calibri;\">10\u2019\u2019-30\u2019\u2019<\/span><\/td>\n<\/tr>\n<tr>\n<td valign=\"top\" width=\"206\"><span style=\"font-family: Calibri;\">Makimum Jant Geni\u015fli\u011fi\u00a0\u00a0\u00a0\u00a0\u00a0\u00a0\u00a0\u00a0\u00a0<\/span><\/td>\n<td valign=\"top\" width=\"359\"><span style=\"font-family: Calibri;\">12\u2019\u2019<\/span><\/td>\n<\/tr>\n<tr>\n<td valign=\"top\" width=\"206\"><span style=\"font-family: Calibri;\">Hidrolik Motor G\u00fcc\u00fc\u00a0\u00a0\u00a0\u00a0\u00a0\u00a0\u00a0\u00a0<\/span><\/td>\n<td valign=\"top\" width=\"359\"><span style=\"font-family: Calibri;\">0,75 kW, 380 V, 50Hz Trifaze<\/span><\/td>\n<\/tr>\n<tr>\n<td valign=\"top\" width=\"206\"><span style=\"font-family: Calibri;\">Fener Mili Motoru<\/span><\/td>\n<td valign=\"top\" width=\"359\"><span style=\"font-family: Calibri;\">100 hp\/100 d\/dk, 0,75 kW, 24 V-DC Frenli Red\u00fckt\u00f6r<\/span><\/td>\n<\/tr>\n<tr>\n<td valign=\"top\" width=\"206\"><span style=\"font-family: Calibri;\">\u00c7al\u0131\u015fma Bas\u0131nc\u0131\u00a0\u00a0\u00a0\u00a0\u00a0\u00a0\u00a0\u00a0\u00a0\u00a0\u00a0\u00a0\u00a0\u00a0\u00a0\u00a0\u00a0<\/span><\/td>\n<td valign=\"top\" width=\"359\"><span style=\"font-family: Calibri;\">0-175 bar ( Standart 150 bar )<\/span><\/td>\n<\/tr>\n<tr>\n<td valign=\"top\" width=\"206\"><span style=\"font-family: Calibri;\">Ses \u015eiddeti\u00a0\u00a0\u00a0\u00a0\u00a0\u00a0\u00a0\u00a0\u00a0\u00a0\u00a0\u00a0\u00a0\u00a0\u00a0\u00a0\u00a0\u00a0\u00a0\u00a0\u00a0\u00a0\u00a0\u00a0\u00a0<\/span><\/td>\n<td valign=\"top\" width=\"359\"><span style=\"font-family: Calibri;\">70 dBA<\/span><\/td>\n<\/tr>\n<tr>\n<td valign=\"top\" width=\"206\"><span style=\"font-family: Calibri;\">Renk<\/span><\/td>\n<td valign=\"top\" width=\"359\"><span style=\"font-family: Calibri;\">RAL 7011 Gri, RAL 3000 K\u0131rm\u0131z\u0131<\/span><\/td>\n<\/tr>\n<\/tbody>\n<\/table>\n<h3><\/h3>\n<h2 style=\"text-align: center;\"><span style=\"color: #3366ff;\"><strong><span style=\"font-family: Calibri; font-size: medium;\">\u00a0<\/span><span style=\"font-family: Calibri;\">\u00dcr\u00fcn A\u00e7\u0131klamas\u0131 :<\/span><\/strong><\/span><\/h2>\n<h4 style=\"text-align: justify;\"><span style=\"color: #000000;\">Makinemiz 10&#8221; ile 30&#8221; aras\u0131 jantlar\u0131n d\u00fczeltilmesi i\u00e7in yap\u0131lm\u0131\u015ft\u0131r. Binek ve hafif ticari ara\u00e7lar\u0131n jantlar\u0131n\u0131n her b\u00f6lgesine m\u00fcdahale edilebilir. Red\u00fckt\u00f6rl\u00fc motor ve fren sistemi ile d\u00fczeltme i\u015flemi s\u0131ras\u0131nda jant\u0131 otomatik olarak sabitleme \u00f6zelli\u011fi vard\u0131r.\u00a0<\/span><\/h4>\n<h4 style=\"text-align: justify;\"><span style=\"color: #000000;\">Micro\u00a010&#8221; 30&#8221; \u00d6zel dizayn\u0131 sayesinde jant ve lastik servislerinde \u00e7al\u0131\u015fan her balans operat\u00f6r\u00fc taraf\u0131ndan kolayca \u00f6\u011frenilip kullan\u0131lmaktad\u0131r.Ar\u0131zal\u0131 b\u00f6lgeyi okuyucusu ile 360\u00b0 de 1 \u00e7evre hassasiyeti ve 0.05 mm hata oran\u0131 ile tespit ederek dokunmatik ekrana bilgi verir. Sonra (+) ve (-) referans noktalar\u0131 tam pistonun alt\u0131na gelerek d\u00fczeltme hassas \u015fekilde yap\u0131l\u0131r. Computer ile kalite kontrol yap\u0131l\u0131r b\u00f6ylece kalite kontrol operator\u00fcn insiyatifine b\u0131rak\u0131lmaz.<\/span><\/h4>\n<h4 style=\"text-align: justify;\"><span style=\"color: #000000;\">Micro 10&#8221; 30&#8221; ile kombine edilebilen opsiyonel base lathe 10&#8221; 30&#8221; tornalama makinesi jant\u0131n hasarl\u0131 kenarlar\u0131n\u0131 d\u00fczeltme i\u015fleminden sonra torna etmektedir. Makinenin te\u015fkilat\u0131 ile birlikte \u00e7e\u015fitli otomobil jant \u00f6l\u00e7\u00fclerine g\u00f6re jant g\u00f6bek adaptasyon bur\u00e7lar\u0131, \u00e7e\u015fitli piston uzatma kollar\u0131, jant ba\u011flama kiti, d\u00fczeltme ba\u015fl\u0131klar\u0131 ve levyesi standart aksesuarlar olarak teslim edilmektedir.<\/span><\/h4>\n<p><a href=\"http:\/\/www.k-mak.com\/wp-content\/uploads\/2014\/02\/micro_tek_1.jpg\"><img loading=\"lazy\" class=\"alignnone size-full wp-image-127\" alt=\"micro_tek_1\" src=\"http:\/\/www.k-mak.com\/wp-content\/uploads\/2014\/02\/micro_tek_1.jpg\" width=\"631\" height=\"317\" srcset=\"https:\/\/www.k-mak.com\/wp-content\/uploads\/2014\/02\/micro_tek_1.jpg 631w, https:\/\/www.k-mak.com\/wp-content\/uploads\/2014\/02\/micro_tek_1-600x301.jpg 600w, https:\/\/www.k-mak.com\/wp-content\/uploads\/2014\/02\/micro_tek_1-300x150.jpg 300w\" sizes=\"(max-width: 631px) 100vw, 631px\" \/><\/a>[\/vc_meta_block]\n\t<\/div>\n\n\t<div id=\"tab-1393279723-2-36\" class=\"wpb_tab ui-tabs-panel wpb_ui-tabs-hide vc_clearfix\">\n\t\t\n\t<div class=\"wpb_video_widget wpb_content_element vc_clearfix   vc_video-aspect-ratio-169 vc_video-el-width-100 vc_video-align-left\" >\n\t\t<div class=\"wpb_wrapper\">\n\t\t\t\n\t\t\t<div class=\"wpb_video_wrapper\"><iframe title=\"09 Micro 10\uf020  30\uf020 NC Control Wheel Straightening Machine\" width=\"1060\" height=\"596\" src=\"https:\/\/www.youtube.com\/embed\/AVIrZgpuJvs?feature=oembed\" frameborder=\"0\" allow=\"accelerometer; autoplay; clipboard-write; encrypted-media; gyroscope; picture-in-picture\" allowfullscreen><\/iframe><\/div>\n\t\t<\/div>\n\t<\/div>\n\n\t<\/div>\n\n\t<div id=\"tab-1393280758329-2-5\" class=\"wpb_tab ui-tabs-panel wpb_ui-tabs-hide vc_clearfix\">\n\t\t\n\t<div  class=\"wpb_single_image wpb_content_element vc_align_left\">\n\t\t\n\t\t<figure class=\"wpb_wrapper vc_figure\">\n\t\t\t<div class=\"vc_single_image-wrapper   vc_box_border_grey\"><img class=\"vc_single_image-img\" src=\"https:\/\/www.k-mak.com\/wp-content\/uploads\/2014\/02\/micro_apar.jpg\" width=\"477\" height=\"947\" alt=\"micro_apar\" title=\"micro_apar\" \/><\/div>\n\t\t<\/figure>\n\t<\/div>\n\n\t<\/div>\n\n\t\t<\/div>\n\t<\/div>\n<\/div><\/div><\/div><\/div>","protected":false},"excerpt":{"rendered":"TEKN\u0130K \u00d6ZELL\u0130KLER\u00dcR\u00dcN\u00dcN V\u0130DEOSU\u00dcR\u00dcN\u00dcN APARATLARI [vc_meta_block title=\"TEKN\u0130K \u00d6ZELL\u0130KLER\" icon_color=\"#555\"] Maksimum Jant \u00c7ap\u0131 10\u2019\u2019-30\u2019\u2019 Makimum Jant Geni\u015fli\u011fi\u00a0\u00a0\u00a0\u00a0\u00a0\u00a0\u00a0\u00a0\u00a0 12\u2019\u2019 Hidrolik Motor G\u00fcc\u00fc\u00a0\u00a0\u00a0\u00a0\u00a0\u00a0\u00a0\u00a0 0,75 kW, 380 V, 50Hz Trifaze Fener Mili Motoru 100 hp\/100 d\/dk, 0,75 kW, 24 V-DC Frenli Red\u00fckt\u00f6r \u00c7al\u0131\u015fma Bas\u0131nc\u0131\u00a0\u00a0\u00a0\u00a0\u00a0\u00a0\u00a0\u00a0\u00a0\u00a0\u00a0\u00a0\u00a0\u00a0\u00a0\u00a0\u00a0 0-175 bar ( Standart 150 bar...","protected":false},"author":1,"featured_media":0,"parent":94,"menu_order":0,"comment_status":"open","ping_status":"open","template":"","meta":{"_mi_skip_tracking":false},"yoast_head":"<!-- This site is optimized with the Yoast SEO plugin v19.6.1 - https:\/\/yoast.com\/wordpress\/plugins\/seo\/ -->\r\n<title>NC B\u0130LG\u0130SAYAR KONTROLL\u00dc JANT D\u00dcZELTME MAK\u0130NASI - K-MAK OTOMOT\u0130V SERV\u0130S EK\u0130PMANLARI<\/title>\r\n<meta name=\"robots\" content=\"index, follow, max-snippet:-1, max-image-preview:large, max-video-preview:-1\" \/>\r\n<link rel=\"canonical\" href=\"https:\/\/www.k-mak.com\/en\/urunlerimiz-2\/yerli-makinalar\/jant-duzeltme-makineleri\/nc-kontrollu-jant-duzeltme-makinasi\/\" \/>\r\n<meta property=\"og:locale\" content=\"en_US\" \/>\r\n<meta property=\"og:type\" content=\"article\" \/>\r\n<meta property=\"og:title\" content=\"NC B\u0130LG\u0130SAYAR KONTROLL\u00dc JANT D\u00dcZELTME MAK\u0130NASI - K-MAK OTOMOT\u0130V SERV\u0130S EK\u0130PMANLARI\" \/>\r\n<meta property=\"og:url\" content=\"https:\/\/www.k-mak.com\/en\/urunlerimiz-2\/yerli-makinalar\/jant-duzeltme-makineleri\/nc-kontrollu-jant-duzeltme-makinasi\/\" \/>\r\n<meta property=\"og:site_name\" content=\"K-MAK OTOMOT\u0130V SERV\u0130S EK\u0130PMANLARI\" \/>\r\n<meta property=\"article:modified_time\" content=\"2021-03-08T12:41:58+00:00\" \/>\r\n<meta property=\"og:image\" content=\"http:\/\/www.k-mak.com\/wp-content\/uploads\/2014\/02\/micro_tek_1.jpg\" \/>\r\n<meta name=\"twitter:card\" content=\"summary_large_image\" \/>\r\n<meta name=\"twitter:label1\" content=\"Est. reading time\" \/>\n\t<meta name=\"twitter:data1\" content=\"2 minutes\" \/>\r\n<script type=\"application\/ld+json\" class=\"yoast-schema-graph\">{\"@context\":\"https:\/\/schema.org\",\"@graph\":[{\"@type\":\"WebPage\",\"@id\":\"https:\/\/www.k-mak.com\/urunlerimiz-2\/yerli-makinalar\/jant-duzeltme-makineleri\/nc-kontrollu-jant-duzeltme-makinasi\/\",\"url\":\"https:\/\/www.k-mak.com\/urunlerimiz-2\/yerli-makinalar\/jant-duzeltme-makineleri\/nc-kontrollu-jant-duzeltme-makinasi\/\",\"name\":\"NC B\u0130LG\u0130SAYAR KONTROLL\u00dc JANT D\u00dcZELTME MAK\u0130NASI - K-MAK OTOMOT\u0130V SERV\u0130S EK\u0130PMANLARI\",\"isPartOf\":{\"@id\":\"https:\/\/www.k-mak.com\/#website\"},\"datePublished\":\"2014-02-24T22:08:43+00:00\",\"dateModified\":\"2021-03-08T12:41:58+00:00\",\"breadcrumb\":{\"@id\":\"https:\/\/www.k-mak.com\/urunlerimiz-2\/yerli-makinalar\/jant-duzeltme-makineleri\/nc-kontrollu-jant-duzeltme-makinasi\/#breadcrumb\"},\"inLanguage\":\"en-US\",\"potentialAction\":[{\"@type\":\"ReadAction\",\"target\":[\"https:\/\/www.k-mak.com\/urunlerimiz-2\/yerli-makinalar\/jant-duzeltme-makineleri\/nc-kontrollu-jant-duzeltme-makinasi\/\"]}]},{\"@type\":\"BreadcrumbList\",\"@id\":\"https:\/\/www.k-mak.com\/urunlerimiz-2\/yerli-makinalar\/jant-duzeltme-makineleri\/nc-kontrollu-jant-duzeltme-makinasi\/#breadcrumb\",\"itemListElement\":[{\"@type\":\"ListItem\",\"position\":1,\"name\":\"Anasayfa\",\"item\":\"https:\/\/www.k-mak.com\/\"},{\"@type\":\"ListItem\",\"position\":2,\"name\":\"\u00dcR\u00dcNLER\u0130M\u0130Z\",\"item\":\"https:\/\/www.k-mak.com\/urunlerimiz-2\/\"},{\"@type\":\"ListItem\",\"position\":3,\"name\":\"YERL\u0130 MAK\u0130NALAR\",\"item\":\"https:\/\/www.k-mak.com\/urunlerimiz-2\/yerli-makinalar\/\"},{\"@type\":\"ListItem\",\"position\":4,\"name\":\"JANT D\u00dcZELTME MAK\u0130NELER\u0130\",\"item\":\"https:\/\/www.k-mak.com\/urunlerimiz-2\/yerli-makinalar\/jant-duzeltme-makineleri\/\"},{\"@type\":\"ListItem\",\"position\":5,\"name\":\"NC B\u0130LG\u0130SAYAR KONTROLL\u00dc JANT D\u00dcZELTME MAK\u0130NASI\"}]},{\"@type\":\"WebSite\",\"@id\":\"https:\/\/www.k-mak.com\/#website\",\"url\":\"https:\/\/www.k-mak.com\/\",\"name\":\"K-MAK OTOMOT\u0130V SERV\u0130S EK\u0130PMANLARI\",\"description\":\"Jant D\u00fczeltme Makinalar\u0131 \u00fcretimini birinci elden ger\u00e7ekle\u015ftiren K-MAK Otomotiv Servis ekipmanlar\u0131 alan\u0131nda bulunan Jant d\u00fczeltme makinas\u0131 \u00fcretiminde y\u0131llardan bu yana en kaliteli \u00fcr\u00fcnleri i\u00e7 ve d\u0131\u015f piyasaya vermektedir. Jant d\u00fczeltme makinas\u0131 fiyatlar\u0131 \u00fcr\u00fcnlerin fonksiyonlar\u0131na g\u00f6re de\u011fi\u015fmektedir.\",\"publisher\":{\"@id\":\"https:\/\/www.k-mak.com\/#organization\"},\"potentialAction\":[{\"@type\":\"SearchAction\",\"target\":{\"@type\":\"EntryPoint\",\"urlTemplate\":\"https:\/\/www.k-mak.com\/?s={search_term_string}\"},\"query-input\":\"required name=search_term_string\"}],\"inLanguage\":\"en-US\"},{\"@type\":\"Organization\",\"@id\":\"https:\/\/www.k-mak.com\/#organization\",\"name\":\"K-MAK OTOMOT\u0130V SERV\u0130S EK\u0130PMANLARI\",\"url\":\"https:\/\/www.k-mak.com\/\",\"sameAs\":[],\"logo\":{\"@type\":\"ImageObject\",\"inLanguage\":\"en-US\",\"@id\":\"https:\/\/www.k-mak.com\/#\/schema\/logo\/image\/\",\"url\":\"https:\/\/www.k-mak.com\/wp-content\/uploads\/2022\/09\/LOGO...-removebg-preview-1.png\",\"contentUrl\":\"https:\/\/www.k-mak.com\/wp-content\/uploads\/2022\/09\/LOGO...-removebg-preview-1.png\",\"width\":711,\"height\":351,\"caption\":\"K-MAK OTOMOT\u0130V SERV\u0130S EK\u0130PMANLARI\"},\"image\":{\"@id\":\"https:\/\/www.k-mak.com\/#\/schema\/logo\/image\/\"}}]}<\/script>\r\n<!-- \/ Yoast SEO plugin. -->","yoast_head_json":{"title":"NC B\u0130LG\u0130SAYAR KONTROLL\u00dc JANT D\u00dcZELTME MAK\u0130NASI - K-MAK OTOMOT\u0130V SERV\u0130S EK\u0130PMANLARI","robots":{"index":"index","follow":"follow","max-snippet":"max-snippet:-1","max-image-preview":"max-image-preview:large","max-video-preview":"max-video-preview:-1"},"canonical":"https:\/\/www.k-mak.com\/en\/urunlerimiz-2\/yerli-makinalar\/jant-duzeltme-makineleri\/nc-kontrollu-jant-duzeltme-makinasi\/","og_locale":"en_US","og_type":"article","og_title":"NC B\u0130LG\u0130SAYAR KONTROLL\u00dc JANT D\u00dcZELTME MAK\u0130NASI - K-MAK OTOMOT\u0130V SERV\u0130S EK\u0130PMANLARI","og_url":"https:\/\/www.k-mak.com\/en\/urunlerimiz-2\/yerli-makinalar\/jant-duzeltme-makineleri\/nc-kontrollu-jant-duzeltme-makinasi\/","og_site_name":"K-MAK OTOMOT\u0130V SERV\u0130S EK\u0130PMANLARI","article_modified_time":"2021-03-08T12:41:58+00:00","og_image":[{"url":"http:\/\/www.k-mak.com\/wp-content\/uploads\/2014\/02\/micro_tek_1.jpg"}],"twitter_card":"summary_large_image","twitter_misc":{"Est. reading time":"2 minutes"},"schema":{"@context":"https:\/\/schema.org","@graph":[{"@type":"WebPage","@id":"https:\/\/www.k-mak.com\/urunlerimiz-2\/yerli-makinalar\/jant-duzeltme-makineleri\/nc-kontrollu-jant-duzeltme-makinasi\/","url":"https:\/\/www.k-mak.com\/urunlerimiz-2\/yerli-makinalar\/jant-duzeltme-makineleri\/nc-kontrollu-jant-duzeltme-makinasi\/","name":"NC B\u0130LG\u0130SAYAR KONTROLL\u00dc JANT D\u00dcZELTME MAK\u0130NASI - K-MAK OTOMOT\u0130V SERV\u0130S EK\u0130PMANLARI","isPartOf":{"@id":"https:\/\/www.k-mak.com\/#website"},"datePublished":"2014-02-24T22:08:43+00:00","dateModified":"2021-03-08T12:41:58+00:00","breadcrumb":{"@id":"https:\/\/www.k-mak.com\/urunlerimiz-2\/yerli-makinalar\/jant-duzeltme-makineleri\/nc-kontrollu-jant-duzeltme-makinasi\/#breadcrumb"},"inLanguage":"en-US","potentialAction":[{"@type":"ReadAction","target":["https:\/\/www.k-mak.com\/urunlerimiz-2\/yerli-makinalar\/jant-duzeltme-makineleri\/nc-kontrollu-jant-duzeltme-makinasi\/"]}]},{"@type":"BreadcrumbList","@id":"https:\/\/www.k-mak.com\/urunlerimiz-2\/yerli-makinalar\/jant-duzeltme-makineleri\/nc-kontrollu-jant-duzeltme-makinasi\/#breadcrumb","itemListElement":[{"@type":"ListItem","position":1,"name":"Anasayfa","item":"https:\/\/www.k-mak.com\/"},{"@type":"ListItem","position":2,"name":"\u00dcR\u00dcNLER\u0130M\u0130Z","item":"https:\/\/www.k-mak.com\/urunlerimiz-2\/"},{"@type":"ListItem","position":3,"name":"YERL\u0130 MAK\u0130NALAR","item":"https:\/\/www.k-mak.com\/urunlerimiz-2\/yerli-makinalar\/"},{"@type":"ListItem","position":4,"name":"JANT D\u00dcZELTME MAK\u0130NELER\u0130","item":"https:\/\/www.k-mak.com\/urunlerimiz-2\/yerli-makinalar\/jant-duzeltme-makineleri\/"},{"@type":"ListItem","position":5,"name":"NC B\u0130LG\u0130SAYAR KONTROLL\u00dc JANT D\u00dcZELTME MAK\u0130NASI"}]},{"@type":"WebSite","@id":"https:\/\/www.k-mak.com\/#website","url":"https:\/\/www.k-mak.com\/","name":"K-MAK OTOMOT\u0130V SERV\u0130S EK\u0130PMANLARI","description":"Jant D\u00fczeltme Makinalar\u0131 \u00fcretimini birinci elden ger\u00e7ekle\u015ftiren K-MAK Otomotiv Servis ekipmanlar\u0131 alan\u0131nda bulunan Jant d\u00fczeltme makinas\u0131 \u00fcretiminde y\u0131llardan bu yana en kaliteli \u00fcr\u00fcnleri i\u00e7 ve d\u0131\u015f piyasaya vermektedir. Jant d\u00fczeltme makinas\u0131 fiyatlar\u0131 \u00fcr\u00fcnlerin fonksiyonlar\u0131na g\u00f6re de\u011fi\u015fmektedir.","publisher":{"@id":"https:\/\/www.k-mak.com\/#organization"},"potentialAction":[{"@type":"SearchAction","target":{"@type":"EntryPoint","urlTemplate":"https:\/\/www.k-mak.com\/?s={search_term_string}"},"query-input":"required name=search_term_string"}],"inLanguage":"en-US"},{"@type":"Organization","@id":"https:\/\/www.k-mak.com\/#organization","name":"K-MAK OTOMOT\u0130V SERV\u0130S EK\u0130PMANLARI","url":"https:\/\/www.k-mak.com\/","sameAs":[],"logo":{"@type":"ImageObject","inLanguage":"en-US","@id":"https:\/\/www.k-mak.com\/#\/schema\/logo\/image\/","url":"https:\/\/www.k-mak.com\/wp-content\/uploads\/2022\/09\/LOGO...-removebg-preview-1.png","contentUrl":"https:\/\/www.k-mak.com\/wp-content\/uploads\/2022\/09\/LOGO...-removebg-preview-1.png","width":711,"height":351,"caption":"K-MAK OTOMOT\u0130V SERV\u0130S EK\u0130PMANLARI"},"image":{"@id":"https:\/\/www.k-mak.com\/#\/schema\/logo\/image\/"}}]}},"_links":{"self":[{"href":"https:\/\/www.k-mak.com\/en\/wp-json\/wp\/v2\/pages\/115"}],"collection":[{"href":"https:\/\/www.k-mak.com\/en\/wp-json\/wp\/v2\/pages"}],"about":[{"href":"https:\/\/www.k-mak.com\/en\/wp-json\/wp\/v2\/types\/page"}],"author":[{"embeddable":true,"href":"https:\/\/www.k-mak.com\/en\/wp-json\/wp\/v2\/users\/1"}],"replies":[{"embeddable":true,"href":"https:\/\/www.k-mak.com\/en\/wp-json\/wp\/v2\/comments?post=115"}],"version-history":[{"count":25,"href":"https:\/\/www.k-mak.com\/en\/wp-json\/wp\/v2\/pages\/115\/revisions"}],"predecessor-version":[{"id":972,"href":"https:\/\/www.k-mak.com\/en\/wp-json\/wp\/v2\/pages\/115\/revisions\/972"}],"up":[{"embeddable":true,"href":"https:\/\/www.k-mak.com\/en\/wp-json\/wp\/v2\/pages\/94"}],"wp:attachment":[{"href":"https:\/\/www.k-mak.com\/en\/wp-json\/wp\/v2\/media?parent=115"}],"curies":[{"name":"wp","href":"https:\/\/api.w.org\/{rel}","templated":true}]}}