{"id":248,"date":"2014-03-08T14:26:21","date_gmt":"2014-03-08T12:26:21","guid":{"rendered":"http:\/\/www.k-mak.com\/?page_id=248"},"modified":"2021-03-29T08:32:01","modified_gmt":"2021-03-29T05:32:01","slug":"4-pistonlu-hidrolik-tornali-jant-duzeltme-makinasi","status":"publish","type":"page","link":"https:\/\/www.k-mak.com\/en\/urunlerimiz-2\/yerli-makinalar\/jant-duzeltme-makineleri\/4-pistonlu-hidrolik-tornali-jant-duzeltme-makinasi\/","title":{"rendered":"4 P\u0130STONLU H\u0130DROL\u0130K TORNALI JANT D\u00dcZELTME MAK\u0130NASI"},"content":{"rendered":"<div class=\"vc_row wpb_row vc_row-fluid\"><div class=\"wpb_column vc_column_container vc_col-sm-12\"><div class=\"vc_column-inner\"><div class=\"wpb_wrapper\">\n\t<div  class=\"wpb_single_image wpb_content_element vc_align_left\">\n\t\t\n\t\t<figure class=\"wpb_wrapper vc_figure\">\n\t\t\t<div class=\"vc_single_image-wrapper   vc_box_border_grey\"><img class=\"vc_single_image-img\" src=\"https:\/\/www.k-mak.com\/wp-content\/uploads\/2014\/03\/doruk-pro-onayli31.jpg\" width=\"778\" height=\"290\" alt=\"doruk-pro-onayli3\" title=\"doruk-pro-onayli3\" \/><\/div>\n\t\t<\/figure>\n\t<\/div>\n<\/div><\/div><\/div><\/div><div class=\"vc_row wpb_row vc_row-fluid\"><div class=\"wpb_column vc_column_container vc_col-sm-12\"><div class=\"vc_column-inner\"><div class=\"wpb_wrapper\">\n\t<div class=\"wpb_tabs wpb_content_element\" data-interval=\"\">\n\t\t<div class=\"wpb_wrapper wpb_tour_tabs_wrapper ui-tabs vc_clearfix\">\n\t\t\t<ul class=\"wpb_tabs_nav ui-tabs-nav vc_clearfix\"><li><a href=\"#tab-1394281209-1-23\">TEKN\u0130K \u00d6ZELL\u0130KLER<\/a><\/li><li><a href=\"#tab-1394281209-2-21\">\u00dcR\u00dcN\u00dcN V\u0130DEOLARI<\/a><\/li><li><a href=\"#tab-1394281458079-2-3\">\u00dcR\u00dcN\u00dcN APARATLARI<\/a><\/li><\/ul>\n\t<div id=\"tab-1394281209-1-23\" class=\"wpb_tab ui-tabs-panel wpb_ui-tabs-hide vc_clearfix\">\n\t\t[vc_meta_block title=&#8221;TEKN\u0130K \u00d6ZELL\u0130KLER&#8221; icon_color=&#8221;#555&#8243;]<\/p>\n<table width=\"621\" border=\"1\" cellspacing=\"0\" cellpadding=\"0\">\n<tbody>\n<tr>\n<td valign=\"top\" width=\"225\"><span style=\"font-family: Calibri;\">Maksimum Jant \u00c7ap\u0131<\/span><\/td>\n<td valign=\"top\" width=\"397\"><span style=\"font-family: Calibri;\">10&#8221; 30&#8221;<\/span><\/td>\n<\/tr>\n<tr>\n<td valign=\"top\" width=\"225\"><span style=\"font-family: Calibri;\">Maksimum Jant Geni\u015fli\u011fi<\/span><\/td>\n<td valign=\"top\" width=\"397\"><span style=\"font-family: Calibri;\">20&#8221;<\/span><\/td>\n<\/tr>\n<tr>\n<td valign=\"top\" width=\"225\"><span style=\"font-family: Calibri;\">Hidrolik Motor G\u00fcc\u00fc<\/span><\/td>\n<td valign=\"top\" width=\"397\"><span style=\"font-family: Calibri;\">0.75 kW, 50 Hz, 380 V Trifaze<\/span><\/td>\n<\/tr>\n<tr>\n<td valign=\"top\" width=\"225\"><span style=\"font-family: Calibri;\">Fener Mili Motoru<\/span><\/td>\n<td valign=\"top\" width=\"397\"><span style=\"font-family: Calibri;\">100 hp\/100 d\/dk, 0.75 kW, 24 V-DC Frenli Red\u00fckt\u00f6r<\/span><\/td>\n<\/tr>\n<tr>\n<td valign=\"top\" width=\"225\"><span style=\"font-family: Calibri;\">\u00c7al\u0131\u015fma Bas\u0131nc\u0131<\/span><\/td>\n<td valign=\"top\" width=\"397\"><span style=\"font-family: Calibri;\">0-200 bar (Standart 150 bar)<\/span><\/td>\n<\/tr>\n<tr>\n<td valign=\"top\" width=\"225\"><span style=\"font-family: Calibri;\">Ses \u015eiddeti<\/span><\/td>\n<td valign=\"top\" width=\"397\"><span style=\"font-family: Calibri;\">70 dBA<\/span><\/td>\n<\/tr>\n<tr>\n<td valign=\"top\" width=\"225\"><span style=\"font-family: Calibri;\">Renk<\/span><\/td>\n<td valign=\"top\" width=\"397\"><span style=\"font-family: Calibri;\">RAL 3000 K\u0131rm\u0131z\u0131, RAL 7011 Gri<\/span><\/td>\n<\/tr>\n<\/tbody>\n<\/table>\n<h2><span style=\"color: #3366ff;\"><b><span style=\"font-family: Calibri; font-size: medium;\">\u00a0<\/span><\/b><span style=\"font-family: Calibri;\">\u00dcr\u00fcn A\u00e7\u0131klamas\u0131 :<\/span><\/span><\/h2>\n<h4 style=\"text-align: justify;\"><strong><span style=\"font-family: Calibri; font-size: medium;\">4 Piston Doruk Pro 10&#8221; 30&#8221; Jant D\u00fczeltme Makinesi ile 10&#8221; den 30&#8221; e kadar hasarl\u0131\u00a0\u00a0jantlar\u0131n d\u00fczeltilmesi ger\u00e7ekle\u015ftirilir. Binek ve hafif ticari ara\u00e7lar\u0131n jantlar\u0131n\u0131n her b\u00f6lgesine m\u00fcdahale edilebilir. \u00d6zel dizayn\u0131 sayesinde jant ve lastik servislerinde \u00e7al\u0131\u015fan her balans operat\u00f6r\u00fc taraf\u0131ndan kolayca \u00f6\u011frenilip kullan\u0131lmaktad\u0131r. \u00d6zellikle pistonlar\u0131n sabit ask\u0131da durmas\u0131 sebebi ile hasarl\u0131 b\u00f6lgeyi tespit etmek ve uygulama yapmak \u00e7ok kolay olmaktad\u0131r. Di\u011fer modellerde bu \u00f6zellikler yoktur veya \u00e7ok k\u0131s\u0131tl\u0131d\u0131r. 4 Piston bulunmas\u0131 kimi zaman i\u015flem s\u00fcresini 1-2 dakikaya kadar d\u00fc\u015f\u00fcrebilir. Opsiyonel olarak torna aparat\u0131, h\u0131z kontrol sistemi bulunmaktad\u0131r.<\/span><\/strong><\/h4>\n<p><img loading=\"lazy\" class=\"alignnone size-full wp-image-307\" alt=\"doruk_pro_tek_1\" src=\"http:\/\/www.k-mak.com\/wp-content\/uploads\/2014\/03\/doruk_pro_tek_1.jpg\" width=\"629\" height=\"315\" srcset=\"https:\/\/www.k-mak.com\/wp-content\/uploads\/2014\/03\/doruk_pro_tek_1.jpg 629w, https:\/\/www.k-mak.com\/wp-content\/uploads\/2014\/03\/doruk_pro_tek_1-600x300.jpg 600w, https:\/\/www.k-mak.com\/wp-content\/uploads\/2014\/03\/doruk_pro_tek_1-300x150.jpg 300w\" sizes=\"(max-width: 629px) 100vw, 629px\" \/>[\/vc_meta_block]\n\t<\/div>\n\n\t<div id=\"tab-1394281209-2-21\" class=\"wpb_tab ui-tabs-panel wpb_ui-tabs-hide vc_clearfix\">\n\t\t4 P\u0130STONLU H\u0130DROL\u0130K TORNALI JANT D\u00dcZELTME MAK\u0130NASI\n\t<\/div>\n\n\t<div id=\"tab-1394281458079-2-3\" class=\"wpb_tab ui-tabs-panel wpb_ui-tabs-hide vc_clearfix\">\n\t\t\n\t<div  class=\"wpb_single_image wpb_content_element vc_align_left\">\n\t\t\n\t\t<figure class=\"wpb_wrapper vc_figure\">\n\t\t\t<div class=\"vc_single_image-wrapper   vc_box_border_grey\"><img class=\"vc_single_image-img\" src=\"https:\/\/www.k-mak.com\/wp-content\/uploads\/2014\/03\/doruk_4piston.jpg\" width=\"635\" height=\"1473\" alt=\"doruk_4piston\" title=\"doruk_4piston\" \/><\/div>\n\t\t<\/figure>\n\t<\/div>\n\n\t<\/div>\n\n\t\t<\/div>\n\t<\/div>\n<\/div><\/div><\/div><\/div>","protected":false},"excerpt":{"rendered":"TEKN\u0130K \u00d6ZELL\u0130KLER\u00dcR\u00dcN\u00dcN V\u0130DEOLARI\u00dcR\u00dcN\u00dcN APARATLARI [vc_meta_block title=\"TEKN\u0130K \u00d6ZELL\u0130KLER\" icon_color=\"#555\"] Maksimum Jant \u00c7ap\u0131 10'' 30'' Maksimum Jant Geni\u015fli\u011fi 20'' Hidrolik Motor G\u00fcc\u00fc 0.75 kW, 50 Hz, 380 V Trifaze Fener Mili Motoru 100 hp\/100 d\/dk, 0.75 kW, 24 V-DC Frenli Red\u00fckt\u00f6r \u00c7al\u0131\u015fma Bas\u0131nc\u0131 0-200 bar (Standart 150...","protected":false},"author":1,"featured_media":0,"parent":94,"menu_order":0,"comment_status":"open","ping_status":"open","template":"","meta":{"_mi_skip_tracking":false},"yoast_head":"<!-- This site is optimized with the Yoast SEO plugin v19.6.1 - https:\/\/yoast.com\/wordpress\/plugins\/seo\/ -->\r\n<title>4 P\u0130STONLU H\u0130DROL\u0130K TORNALI JANT D\u00dcZELTME MAK\u0130NASI - K-MAK OTOMOT\u0130V SERV\u0130S EK\u0130PMANLARI<\/title>\r\n<meta name=\"robots\" content=\"index, follow, max-snippet:-1, max-image-preview:large, max-video-preview:-1\" \/>\r\n<link rel=\"canonical\" href=\"https:\/\/www.k-mak.com\/en\/urunlerimiz-2\/yerli-makinalar\/jant-duzeltme-makineleri\/4-pistonlu-hidrolik-tornali-jant-duzeltme-makinasi\/\" \/>\r\n<meta property=\"og:locale\" content=\"en_US\" \/>\r\n<meta property=\"og:type\" content=\"article\" \/>\r\n<meta property=\"og:title\" content=\"4 P\u0130STONLU H\u0130DROL\u0130K TORNALI JANT D\u00dcZELTME MAK\u0130NASI - K-MAK OTOMOT\u0130V SERV\u0130S EK\u0130PMANLARI\" \/>\r\n<meta property=\"og:url\" content=\"https:\/\/www.k-mak.com\/en\/urunlerimiz-2\/yerli-makinalar\/jant-duzeltme-makineleri\/4-pistonlu-hidrolik-tornali-jant-duzeltme-makinasi\/\" \/>\r\n<meta property=\"og:site_name\" content=\"K-MAK OTOMOT\u0130V SERV\u0130S EK\u0130PMANLARI\" \/>\r\n<meta property=\"article:modified_time\" content=\"2021-03-29T05:32:01+00:00\" \/>\r\n<meta property=\"og:image\" content=\"http:\/\/www.k-mak.com\/wp-content\/uploads\/2014\/03\/doruk_pro_tek_1.jpg\" \/>\r\n<meta name=\"twitter:card\" content=\"summary_large_image\" \/>\r\n<meta name=\"twitter:label1\" content=\"Est. reading time\" \/>\n\t<meta name=\"twitter:data1\" content=\"1 minute\" \/>\r\n<script type=\"application\/ld+json\" class=\"yoast-schema-graph\">{\"@context\":\"https:\/\/schema.org\",\"@graph\":[{\"@type\":\"WebPage\",\"@id\":\"https:\/\/www.k-mak.com\/urunlerimiz-2\/yerli-makinalar\/jant-duzeltme-makineleri\/4-pistonlu-hidrolik-tornali-jant-duzeltme-makinasi\/\",\"url\":\"https:\/\/www.k-mak.com\/urunlerimiz-2\/yerli-makinalar\/jant-duzeltme-makineleri\/4-pistonlu-hidrolik-tornali-jant-duzeltme-makinasi\/\",\"name\":\"4 P\u0130STONLU H\u0130DROL\u0130K TORNALI JANT D\u00dcZELTME MAK\u0130NASI - K-MAK OTOMOT\u0130V SERV\u0130S EK\u0130PMANLARI\",\"isPartOf\":{\"@id\":\"https:\/\/www.k-mak.com\/#website\"},\"datePublished\":\"2014-03-08T12:26:21+00:00\",\"dateModified\":\"2021-03-29T05:32:01+00:00\",\"breadcrumb\":{\"@id\":\"https:\/\/www.k-mak.com\/urunlerimiz-2\/yerli-makinalar\/jant-duzeltme-makineleri\/4-pistonlu-hidrolik-tornali-jant-duzeltme-makinasi\/#breadcrumb\"},\"inLanguage\":\"en-US\",\"potentialAction\":[{\"@type\":\"ReadAction\",\"target\":[\"https:\/\/www.k-mak.com\/urunlerimiz-2\/yerli-makinalar\/jant-duzeltme-makineleri\/4-pistonlu-hidrolik-tornali-jant-duzeltme-makinasi\/\"]}]},{\"@type\":\"BreadcrumbList\",\"@id\":\"https:\/\/www.k-mak.com\/urunlerimiz-2\/yerli-makinalar\/jant-duzeltme-makineleri\/4-pistonlu-hidrolik-tornali-jant-duzeltme-makinasi\/#breadcrumb\",\"itemListElement\":[{\"@type\":\"ListItem\",\"position\":1,\"name\":\"Anasayfa\",\"item\":\"https:\/\/www.k-mak.com\/\"},{\"@type\":\"ListItem\",\"position\":2,\"name\":\"\u00dcR\u00dcNLER\u0130M\u0130Z\",\"item\":\"https:\/\/www.k-mak.com\/urunlerimiz-2\/\"},{\"@type\":\"ListItem\",\"position\":3,\"name\":\"YERL\u0130 MAK\u0130NALAR\",\"item\":\"https:\/\/www.k-mak.com\/urunlerimiz-2\/yerli-makinalar\/\"},{\"@type\":\"ListItem\",\"position\":4,\"name\":\"JANT D\u00dcZELTME MAK\u0130NELER\u0130\",\"item\":\"https:\/\/www.k-mak.com\/urunlerimiz-2\/yerli-makinalar\/jant-duzeltme-makineleri\/\"},{\"@type\":\"ListItem\",\"position\":5,\"name\":\"4 P\u0130STONLU H\u0130DROL\u0130K TORNALI JANT D\u00dcZELTME MAK\u0130NASI\"}]},{\"@type\":\"WebSite\",\"@id\":\"https:\/\/www.k-mak.com\/#website\",\"url\":\"https:\/\/www.k-mak.com\/\",\"name\":\"K-MAK OTOMOT\u0130V SERV\u0130S EK\u0130PMANLARI\",\"description\":\"Jant D\u00fczeltme Makinalar\u0131 \u00fcretimini birinci elden ger\u00e7ekle\u015ftiren K-MAK Otomotiv Servis ekipmanlar\u0131 alan\u0131nda bulunan Jant d\u00fczeltme makinas\u0131 \u00fcretiminde y\u0131llardan bu yana en kaliteli \u00fcr\u00fcnleri i\u00e7 ve d\u0131\u015f piyasaya vermektedir. Jant d\u00fczeltme makinas\u0131 fiyatlar\u0131 \u00fcr\u00fcnlerin fonksiyonlar\u0131na g\u00f6re de\u011fi\u015fmektedir.\",\"publisher\":{\"@id\":\"https:\/\/www.k-mak.com\/#organization\"},\"potentialAction\":[{\"@type\":\"SearchAction\",\"target\":{\"@type\":\"EntryPoint\",\"urlTemplate\":\"https:\/\/www.k-mak.com\/?s={search_term_string}\"},\"query-input\":\"required name=search_term_string\"}],\"inLanguage\":\"en-US\"},{\"@type\":\"Organization\",\"@id\":\"https:\/\/www.k-mak.com\/#organization\",\"name\":\"K-MAK OTOMOT\u0130V SERV\u0130S EK\u0130PMANLARI\",\"url\":\"https:\/\/www.k-mak.com\/\",\"sameAs\":[],\"logo\":{\"@type\":\"ImageObject\",\"inLanguage\":\"en-US\",\"@id\":\"https:\/\/www.k-mak.com\/#\/schema\/logo\/image\/\",\"url\":\"https:\/\/www.k-mak.com\/wp-content\/uploads\/2022\/09\/LOGO...-removebg-preview-1.png\",\"contentUrl\":\"https:\/\/www.k-mak.com\/wp-content\/uploads\/2022\/09\/LOGO...-removebg-preview-1.png\",\"width\":711,\"height\":351,\"caption\":\"K-MAK OTOMOT\u0130V SERV\u0130S EK\u0130PMANLARI\"},\"image\":{\"@id\":\"https:\/\/www.k-mak.com\/#\/schema\/logo\/image\/\"}}]}<\/script>\r\n<!-- \/ Yoast SEO plugin. -->","yoast_head_json":{"title":"4 P\u0130STONLU H\u0130DROL\u0130K TORNALI JANT D\u00dcZELTME MAK\u0130NASI - K-MAK OTOMOT\u0130V SERV\u0130S EK\u0130PMANLARI","robots":{"index":"index","follow":"follow","max-snippet":"max-snippet:-1","max-image-preview":"max-image-preview:large","max-video-preview":"max-video-preview:-1"},"canonical":"https:\/\/www.k-mak.com\/en\/urunlerimiz-2\/yerli-makinalar\/jant-duzeltme-makineleri\/4-pistonlu-hidrolik-tornali-jant-duzeltme-makinasi\/","og_locale":"en_US","og_type":"article","og_title":"4 P\u0130STONLU H\u0130DROL\u0130K TORNALI JANT D\u00dcZELTME MAK\u0130NASI - K-MAK OTOMOT\u0130V SERV\u0130S EK\u0130PMANLARI","og_url":"https:\/\/www.k-mak.com\/en\/urunlerimiz-2\/yerli-makinalar\/jant-duzeltme-makineleri\/4-pistonlu-hidrolik-tornali-jant-duzeltme-makinasi\/","og_site_name":"K-MAK OTOMOT\u0130V SERV\u0130S EK\u0130PMANLARI","article_modified_time":"2021-03-29T05:32:01+00:00","og_image":[{"url":"http:\/\/www.k-mak.com\/wp-content\/uploads\/2014\/03\/doruk_pro_tek_1.jpg"}],"twitter_card":"summary_large_image","twitter_misc":{"Est. reading time":"1 minute"},"schema":{"@context":"https:\/\/schema.org","@graph":[{"@type":"WebPage","@id":"https:\/\/www.k-mak.com\/urunlerimiz-2\/yerli-makinalar\/jant-duzeltme-makineleri\/4-pistonlu-hidrolik-tornali-jant-duzeltme-makinasi\/","url":"https:\/\/www.k-mak.com\/urunlerimiz-2\/yerli-makinalar\/jant-duzeltme-makineleri\/4-pistonlu-hidrolik-tornali-jant-duzeltme-makinasi\/","name":"4 P\u0130STONLU H\u0130DROL\u0130K TORNALI JANT D\u00dcZELTME MAK\u0130NASI - K-MAK OTOMOT\u0130V SERV\u0130S EK\u0130PMANLARI","isPartOf":{"@id":"https:\/\/www.k-mak.com\/#website"},"datePublished":"2014-03-08T12:26:21+00:00","dateModified":"2021-03-29T05:32:01+00:00","breadcrumb":{"@id":"https:\/\/www.k-mak.com\/urunlerimiz-2\/yerli-makinalar\/jant-duzeltme-makineleri\/4-pistonlu-hidrolik-tornali-jant-duzeltme-makinasi\/#breadcrumb"},"inLanguage":"en-US","potentialAction":[{"@type":"ReadAction","target":["https:\/\/www.k-mak.com\/urunlerimiz-2\/yerli-makinalar\/jant-duzeltme-makineleri\/4-pistonlu-hidrolik-tornali-jant-duzeltme-makinasi\/"]}]},{"@type":"BreadcrumbList","@id":"https:\/\/www.k-mak.com\/urunlerimiz-2\/yerli-makinalar\/jant-duzeltme-makineleri\/4-pistonlu-hidrolik-tornali-jant-duzeltme-makinasi\/#breadcrumb","itemListElement":[{"@type":"ListItem","position":1,"name":"Anasayfa","item":"https:\/\/www.k-mak.com\/"},{"@type":"ListItem","position":2,"name":"\u00dcR\u00dcNLER\u0130M\u0130Z","item":"https:\/\/www.k-mak.com\/urunlerimiz-2\/"},{"@type":"ListItem","position":3,"name":"YERL\u0130 MAK\u0130NALAR","item":"https:\/\/www.k-mak.com\/urunlerimiz-2\/yerli-makinalar\/"},{"@type":"ListItem","position":4,"name":"JANT D\u00dcZELTME MAK\u0130NELER\u0130","item":"https:\/\/www.k-mak.com\/urunlerimiz-2\/yerli-makinalar\/jant-duzeltme-makineleri\/"},{"@type":"ListItem","position":5,"name":"4 P\u0130STONLU H\u0130DROL\u0130K TORNALI JANT D\u00dcZELTME MAK\u0130NASI"}]},{"@type":"WebSite","@id":"https:\/\/www.k-mak.com\/#website","url":"https:\/\/www.k-mak.com\/","name":"K-MAK OTOMOT\u0130V SERV\u0130S EK\u0130PMANLARI","description":"Jant D\u00fczeltme Makinalar\u0131 \u00fcretimini birinci elden ger\u00e7ekle\u015ftiren K-MAK Otomotiv Servis ekipmanlar\u0131 alan\u0131nda bulunan Jant d\u00fczeltme makinas\u0131 \u00fcretiminde y\u0131llardan bu yana en kaliteli \u00fcr\u00fcnleri i\u00e7 ve d\u0131\u015f piyasaya vermektedir. Jant d\u00fczeltme makinas\u0131 fiyatlar\u0131 \u00fcr\u00fcnlerin fonksiyonlar\u0131na g\u00f6re de\u011fi\u015fmektedir.","publisher":{"@id":"https:\/\/www.k-mak.com\/#organization"},"potentialAction":[{"@type":"SearchAction","target":{"@type":"EntryPoint","urlTemplate":"https:\/\/www.k-mak.com\/?s={search_term_string}"},"query-input":"required name=search_term_string"}],"inLanguage":"en-US"},{"@type":"Organization","@id":"https:\/\/www.k-mak.com\/#organization","name":"K-MAK OTOMOT\u0130V SERV\u0130S EK\u0130PMANLARI","url":"https:\/\/www.k-mak.com\/","sameAs":[],"logo":{"@type":"ImageObject","inLanguage":"en-US","@id":"https:\/\/www.k-mak.com\/#\/schema\/logo\/image\/","url":"https:\/\/www.k-mak.com\/wp-content\/uploads\/2022\/09\/LOGO...-removebg-preview-1.png","contentUrl":"https:\/\/www.k-mak.com\/wp-content\/uploads\/2022\/09\/LOGO...-removebg-preview-1.png","width":711,"height":351,"caption":"K-MAK OTOMOT\u0130V SERV\u0130S EK\u0130PMANLARI"},"image":{"@id":"https:\/\/www.k-mak.com\/#\/schema\/logo\/image\/"}}]}},"_links":{"self":[{"href":"https:\/\/www.k-mak.com\/en\/wp-json\/wp\/v2\/pages\/248"}],"collection":[{"href":"https:\/\/www.k-mak.com\/en\/wp-json\/wp\/v2\/pages"}],"about":[{"href":"https:\/\/www.k-mak.com\/en\/wp-json\/wp\/v2\/types\/page"}],"author":[{"embeddable":true,"href":"https:\/\/www.k-mak.com\/en\/wp-json\/wp\/v2\/users\/1"}],"replies":[{"embeddable":true,"href":"https:\/\/www.k-mak.com\/en\/wp-json\/wp\/v2\/comments?post=248"}],"version-history":[{"count":9,"href":"https:\/\/www.k-mak.com\/en\/wp-json\/wp\/v2\/pages\/248\/revisions"}],"predecessor-version":[{"id":1107,"href":"https:\/\/www.k-mak.com\/en\/wp-json\/wp\/v2\/pages\/248\/revisions\/1107"}],"up":[{"embeddable":true,"href":"https:\/\/www.k-mak.com\/en\/wp-json\/wp\/v2\/pages\/94"}],"wp:attachment":[{"href":"https:\/\/www.k-mak.com\/en\/wp-json\/wp\/v2\/media?parent=248"}],"curies":[{"name":"wp","href":"https:\/\/api.w.org\/{rel}","templated":true}]}}