{"id":36,"date":"2014-02-24T00:23:07","date_gmt":"2014-02-23T22:23:07","guid":{"rendered":"http:\/\/thelostest.org\/?page_id=36"},"modified":"2014-04-02T06:09:27","modified_gmt":"2014-04-02T03:09:27","slug":"yerli-makinalar","status":"publish","type":"page","link":"https:\/\/www.k-mak.com\/en\/urunlerimiz-2\/yerli-makinalar\/","title":{"rendered":"YERL\u0130 MAK\u0130NALAR"},"content":{"rendered":"<div class=\"vc_row wpb_row vc_row-fluid\"><div class=\"wpb_column vc_column_container vc_col-sm-12\"><div class=\"vc_column-inner\"><div class=\"wpb_wrapper\"><div class=\"vc_separator wpb_content_element vc_separator_align_center vc_sep_width_100 vc_separator-has-text\" ><span class=\"vc_sep_holder vc_sep_holder_l\"><span  class=\"vc_sep_line\"><\/span><\/span><h4><\/p>\n<h1>YERL\u0130 MAK\u0130NALAR<\/h1>\n<p><\/h4><span class=\"vc_sep_holder vc_sep_holder_r\"><span  class=\"vc_sep_line\"><\/span><\/span>\n<\/div><div class=\"vc_separator wpb_content_element vc_separator_align_center vc_sep_width_100 vc_separator_no_text\" ><span class=\"vc_sep_holder vc_sep_holder_l\"><span  class=\"vc_sep_line\"><\/span><\/span><span class=\"vc_sep_holder vc_sep_holder_r\"><span  class=\"vc_sep_line\"><\/span><\/span>\n<\/div><\/div><\/div><\/div><\/div><div class=\"vc_row wpb_row vc_row-fluid\"><div class=\"wpb_column vc_column_container vc_col-sm-4\"><div class=\"vc_column-inner\"><div class=\"wpb_wrapper\">[vc_featured_module_3 image=&#8221;153&#8243; url=&#8221;jant-duzeltme-makineleri&#8221; title=&#8221; &#8221; label=&#8221;Jant D\u00fczeltme Makineleri&#8221; bg=&#8221;#3980bf&#8221;] [\/vc_featured_module_3]<\/div><\/div><\/div><div class=\"wpb_column vc_column_container vc_col-sm-4\"><div class=\"vc_column-inner\"><div class=\"wpb_wrapper\">[vc_featured_module_3 image=&#8221;155&#8243; url=&#8221;http:\/\/www.k-mak.com\/urunlerimiz-2\/yerli-makinalar\/lastik-degistiriciler\/&#8221; title=&#8221; &#8221; label=&#8221;Lastik S\u00f6kme Takma M.&#8221; bg=&#8221;#3980bf&#8221;] [\/vc_featured_module_3]<\/div><\/div><\/div><div class=\"wpb_column vc_column_container vc_col-sm-4\"><div class=\"vc_column-inner\"><div class=\"wpb_wrapper\">[vc_featured_module_3 image=&#8221;157&#8243; url=&#8221;http:\/\/www.k-mak.com\/urunlerimiz-2\/yerli-makinalar\/kompresor-makineleri\/&#8221; title=&#8221; &#8221; label=&#8221;Kompres\u00f6r&#8221; bg=&#8221;#3980bf&#8221;] [\/vc_featured_module_3]<\/div><\/div><\/div><\/div><div class=\"vc_row wpb_row vc_row-fluid\"><div class=\"wpb_column vc_column_container vc_col-sm-4\"><div class=\"vc_column-inner\"><div class=\"wpb_wrapper\">[vc_featured_module_3 image=&#8221;309&#8243; url=&#8221;http:\/\/www.k-mak.com\/urunlerimiz-2\/yerli-makinalar\/lift-makineleri\/&#8221; label=&#8221;Liftler&#8221; bg=&#8221;#3980bf&#8221;] [\/vc_featured_module_3]<\/div><\/div><\/div><div class=\"wpb_column vc_column_container vc_col-sm-4\"><div class=\"vc_column-inner\"><div class=\"wpb_wrapper\">[vc_featured_module_3 image=&#8221;314&#8243; url=&#8221;http:\/\/www.k-mak.com\/urunlerimiz-2\/yerli-makinalar\/nitrojen-makineleri\/&#8221; title=&#8221; &#8221; label=&#8221;Nitrojen Jenarat\u00f6rleri&#8221; bg=&#8221;#3980bf&#8221;] [\/vc_featured_module_3]<\/div><\/div><\/div><div class=\"wpb_column vc_column_container vc_col-sm-4\"><div class=\"vc_column-inner\"><div class=\"wpb_wrapper\">[vc_featured_module_3 image=&#8221;315&#8243; url=&#8221;http:\/\/www.k-mak.com\/urunlerimiz-2\/yerli-makinalar\/fren-test-kampana-torna-ve-hidrolik-cihazlari\/&#8221; title=&#8221; &#8221; label=&#8221;Fren Test,Kampana Torna ve Hidrolik Cihazlar\u0131&#8221; bg=&#8221;#3980bf&#8221;] [\/vc_featured_module_3]<\/div><\/div><\/div><\/div>","protected":false},"excerpt":{"rendered":"YERL\u0130 MAK\u0130NALAR [vc_featured_module_3 image=\"153\" url=\"jant-duzeltme-makineleri\" title=\" \" label=\"Jant D\u00fczeltme Makineleri\" bg=\"#3980bf\"] [\/vc_featured_module_3][vc_featured_module_3 image=\"155\" url=\"http:\/\/www.k-mak.com\/urunlerimiz-2\/yerli-makinalar\/lastik-degistiriciler\/\" title=\" \" label=\"Lastik S\u00f6kme Takma M.\" bg=\"#3980bf\"] [\/vc_featured_module_3][vc_featured_module_3 image=\"157\" url=\"http:\/\/www.k-mak.com\/urunlerimiz-2\/yerli-makinalar\/kompresor-makineleri\/\" title=\" \" label=\"Kompres\u00f6r\" bg=\"#3980bf\"] [\/vc_featured_module_3][vc_featured_module_3 image=\"309\" url=\"http:\/\/www.k-mak.com\/urunlerimiz-2\/yerli-makinalar\/lift-makineleri\/\" label=\"Liftler\" bg=\"#3980bf\"] [\/vc_featured_module_3][vc_featured_module_3 image=\"314\" url=\"http:\/\/www.k-mak.com\/urunlerimiz-2\/yerli-makinalar\/nitrojen-makineleri\/\" title=\" \" label=\"Nitrojen Jenarat\u00f6rleri\" bg=\"#3980bf\"] [\/vc_featured_module_3][vc_featured_module_3 image=\"315\" url=\"http:\/\/www.k-mak.com\/urunlerimiz-2\/yerli-makinalar\/fren-test-kampana-torna-ve-hidrolik-cihazlari\/\" title=\"...","protected":false},"author":1,"featured_media":0,"parent":38,"menu_order":0,"comment_status":"open","ping_status":"open","template":"","meta":{"_mi_skip_tracking":false},"yoast_head":"<!-- This site is optimized with the Yoast SEO plugin v19.6.1 - https:\/\/yoast.com\/wordpress\/plugins\/seo\/ -->\r\n<title>YERL\u0130 MAK\u0130NALAR - K-MAK OTOMOT\u0130V SERV\u0130S EK\u0130PMANLARI<\/title>\r\n<meta name=\"robots\" content=\"index, follow, max-snippet:-1, max-image-preview:large, max-video-preview:-1\" \/>\r\n<link rel=\"canonical\" href=\"https:\/\/www.k-mak.com\/en\/urunlerimiz-2\/yerli-makinalar\/\" \/>\r\n<meta property=\"og:locale\" content=\"en_US\" \/>\r\n<meta property=\"og:type\" content=\"article\" \/>\r\n<meta property=\"og:title\" content=\"YERL\u0130 MAK\u0130NALAR - K-MAK OTOMOT\u0130V SERV\u0130S EK\u0130PMANLARI\" \/>\r\n<meta property=\"og:url\" content=\"https:\/\/www.k-mak.com\/en\/urunlerimiz-2\/yerli-makinalar\/\" \/>\r\n<meta property=\"og:site_name\" content=\"K-MAK OTOMOT\u0130V SERV\u0130S EK\u0130PMANLARI\" \/>\r\n<meta property=\"article:modified_time\" content=\"2014-04-02T03:09:27+00:00\" \/>\r\n<meta name=\"twitter:card\" content=\"summary_large_image\" \/>\r\n<meta name=\"twitter:label1\" content=\"Est. reading time\" \/>\n\t<meta name=\"twitter:data1\" content=\"1 minute\" \/>\r\n<script type=\"application\/ld+json\" class=\"yoast-schema-graph\">{\"@context\":\"https:\/\/schema.org\",\"@graph\":[{\"@type\":\"WebPage\",\"@id\":\"https:\/\/www.k-mak.com\/urunlerimiz-2\/yerli-makinalar\/\",\"url\":\"https:\/\/www.k-mak.com\/urunlerimiz-2\/yerli-makinalar\/\",\"name\":\"YERL\u0130 MAK\u0130NALAR - K-MAK OTOMOT\u0130V SERV\u0130S EK\u0130PMANLARI\",\"isPartOf\":{\"@id\":\"https:\/\/www.k-mak.com\/#website\"},\"datePublished\":\"2014-02-23T22:23:07+00:00\",\"dateModified\":\"2014-04-02T03:09:27+00:00\",\"breadcrumb\":{\"@id\":\"https:\/\/www.k-mak.com\/urunlerimiz-2\/yerli-makinalar\/#breadcrumb\"},\"inLanguage\":\"en-US\",\"potentialAction\":[{\"@type\":\"ReadAction\",\"target\":[\"https:\/\/www.k-mak.com\/urunlerimiz-2\/yerli-makinalar\/\"]}]},{\"@type\":\"BreadcrumbList\",\"@id\":\"https:\/\/www.k-mak.com\/urunlerimiz-2\/yerli-makinalar\/#breadcrumb\",\"itemListElement\":[{\"@type\":\"ListItem\",\"position\":1,\"name\":\"Anasayfa\",\"item\":\"https:\/\/www.k-mak.com\/\"},{\"@type\":\"ListItem\",\"position\":2,\"name\":\"\u00dcR\u00dcNLER\u0130M\u0130Z\",\"item\":\"https:\/\/www.k-mak.com\/urunlerimiz-2\/\"},{\"@type\":\"ListItem\",\"position\":3,\"name\":\"YERL\u0130 MAK\u0130NALAR\"}]},{\"@type\":\"WebSite\",\"@id\":\"https:\/\/www.k-mak.com\/#website\",\"url\":\"https:\/\/www.k-mak.com\/\",\"name\":\"K-MAK OTOMOT\u0130V SERV\u0130S EK\u0130PMANLARI\",\"description\":\"Jant D\u00fczeltme Makinalar\u0131 \u00fcretimini birinci elden ger\u00e7ekle\u015ftiren K-MAK Otomotiv Servis ekipmanlar\u0131 alan\u0131nda bulunan Jant d\u00fczeltme makinas\u0131 \u00fcretiminde y\u0131llardan bu yana en kaliteli \u00fcr\u00fcnleri i\u00e7 ve d\u0131\u015f piyasaya vermektedir. Jant d\u00fczeltme makinas\u0131 fiyatlar\u0131 \u00fcr\u00fcnlerin fonksiyonlar\u0131na g\u00f6re de\u011fi\u015fmektedir.\",\"publisher\":{\"@id\":\"https:\/\/www.k-mak.com\/#organization\"},\"potentialAction\":[{\"@type\":\"SearchAction\",\"target\":{\"@type\":\"EntryPoint\",\"urlTemplate\":\"https:\/\/www.k-mak.com\/?s={search_term_string}\"},\"query-input\":\"required name=search_term_string\"}],\"inLanguage\":\"en-US\"},{\"@type\":\"Organization\",\"@id\":\"https:\/\/www.k-mak.com\/#organization\",\"name\":\"K-MAK OTOMOT\u0130V SERV\u0130S EK\u0130PMANLARI\",\"url\":\"https:\/\/www.k-mak.com\/\",\"sameAs\":[],\"logo\":{\"@type\":\"ImageObject\",\"inLanguage\":\"en-US\",\"@id\":\"https:\/\/www.k-mak.com\/#\/schema\/logo\/image\/\",\"url\":\"https:\/\/www.k-mak.com\/wp-content\/uploads\/2022\/09\/LOGO...-removebg-preview-1.png\",\"contentUrl\":\"https:\/\/www.k-mak.com\/wp-content\/uploads\/2022\/09\/LOGO...-removebg-preview-1.png\",\"width\":711,\"height\":351,\"caption\":\"K-MAK OTOMOT\u0130V SERV\u0130S EK\u0130PMANLARI\"},\"image\":{\"@id\":\"https:\/\/www.k-mak.com\/#\/schema\/logo\/image\/\"}}]}<\/script>\r\n<!-- \/ Yoast SEO plugin. -->","yoast_head_json":{"title":"YERL\u0130 MAK\u0130NALAR - K-MAK OTOMOT\u0130V SERV\u0130S EK\u0130PMANLARI","robots":{"index":"index","follow":"follow","max-snippet":"max-snippet:-1","max-image-preview":"max-image-preview:large","max-video-preview":"max-video-preview:-1"},"canonical":"https:\/\/www.k-mak.com\/en\/urunlerimiz-2\/yerli-makinalar\/","og_locale":"en_US","og_type":"article","og_title":"YERL\u0130 MAK\u0130NALAR - K-MAK OTOMOT\u0130V SERV\u0130S EK\u0130PMANLARI","og_url":"https:\/\/www.k-mak.com\/en\/urunlerimiz-2\/yerli-makinalar\/","og_site_name":"K-MAK OTOMOT\u0130V SERV\u0130S EK\u0130PMANLARI","article_modified_time":"2014-04-02T03:09:27+00:00","twitter_card":"summary_large_image","twitter_misc":{"Est. reading time":"1 minute"},"schema":{"@context":"https:\/\/schema.org","@graph":[{"@type":"WebPage","@id":"https:\/\/www.k-mak.com\/urunlerimiz-2\/yerli-makinalar\/","url":"https:\/\/www.k-mak.com\/urunlerimiz-2\/yerli-makinalar\/","name":"YERL\u0130 MAK\u0130NALAR - K-MAK OTOMOT\u0130V SERV\u0130S EK\u0130PMANLARI","isPartOf":{"@id":"https:\/\/www.k-mak.com\/#website"},"datePublished":"2014-02-23T22:23:07+00:00","dateModified":"2014-04-02T03:09:27+00:00","breadcrumb":{"@id":"https:\/\/www.k-mak.com\/urunlerimiz-2\/yerli-makinalar\/#breadcrumb"},"inLanguage":"en-US","potentialAction":[{"@type":"ReadAction","target":["https:\/\/www.k-mak.com\/urunlerimiz-2\/yerli-makinalar\/"]}]},{"@type":"BreadcrumbList","@id":"https:\/\/www.k-mak.com\/urunlerimiz-2\/yerli-makinalar\/#breadcrumb","itemListElement":[{"@type":"ListItem","position":1,"name":"Anasayfa","item":"https:\/\/www.k-mak.com\/"},{"@type":"ListItem","position":2,"name":"\u00dcR\u00dcNLER\u0130M\u0130Z","item":"https:\/\/www.k-mak.com\/urunlerimiz-2\/"},{"@type":"ListItem","position":3,"name":"YERL\u0130 MAK\u0130NALAR"}]},{"@type":"WebSite","@id":"https:\/\/www.k-mak.com\/#website","url":"https:\/\/www.k-mak.com\/","name":"K-MAK OTOMOT\u0130V SERV\u0130S EK\u0130PMANLARI","description":"Jant D\u00fczeltme Makinalar\u0131 \u00fcretimini birinci elden ger\u00e7ekle\u015ftiren K-MAK Otomotiv Servis ekipmanlar\u0131 alan\u0131nda bulunan Jant d\u00fczeltme makinas\u0131 \u00fcretiminde y\u0131llardan bu yana en kaliteli \u00fcr\u00fcnleri i\u00e7 ve d\u0131\u015f piyasaya vermektedir. Jant d\u00fczeltme makinas\u0131 fiyatlar\u0131 \u00fcr\u00fcnlerin fonksiyonlar\u0131na g\u00f6re de\u011fi\u015fmektedir.","publisher":{"@id":"https:\/\/www.k-mak.com\/#organization"},"potentialAction":[{"@type":"SearchAction","target":{"@type":"EntryPoint","urlTemplate":"https:\/\/www.k-mak.com\/?s={search_term_string}"},"query-input":"required name=search_term_string"}],"inLanguage":"en-US"},{"@type":"Organization","@id":"https:\/\/www.k-mak.com\/#organization","name":"K-MAK OTOMOT\u0130V SERV\u0130S EK\u0130PMANLARI","url":"https:\/\/www.k-mak.com\/","sameAs":[],"logo":{"@type":"ImageObject","inLanguage":"en-US","@id":"https:\/\/www.k-mak.com\/#\/schema\/logo\/image\/","url":"https:\/\/www.k-mak.com\/wp-content\/uploads\/2022\/09\/LOGO...-removebg-preview-1.png","contentUrl":"https:\/\/www.k-mak.com\/wp-content\/uploads\/2022\/09\/LOGO...-removebg-preview-1.png","width":711,"height":351,"caption":"K-MAK OTOMOT\u0130V SERV\u0130S EK\u0130PMANLARI"},"image":{"@id":"https:\/\/www.k-mak.com\/#\/schema\/logo\/image\/"}}]}},"_links":{"self":[{"href":"https:\/\/www.k-mak.com\/en\/wp-json\/wp\/v2\/pages\/36"}],"collection":[{"href":"https:\/\/www.k-mak.com\/en\/wp-json\/wp\/v2\/pages"}],"about":[{"href":"https:\/\/www.k-mak.com\/en\/wp-json\/wp\/v2\/types\/page"}],"author":[{"embeddable":true,"href":"https:\/\/www.k-mak.com\/en\/wp-json\/wp\/v2\/users\/1"}],"replies":[{"embeddable":true,"href":"https:\/\/www.k-mak.com\/en\/wp-json\/wp\/v2\/comments?post=36"}],"version-history":[{"count":12,"href":"https:\/\/www.k-mak.com\/en\/wp-json\/wp\/v2\/pages\/36\/revisions"}],"predecessor-version":[{"id":559,"href":"https:\/\/www.k-mak.com\/en\/wp-json\/wp\/v2\/pages\/36\/revisions\/559"}],"up":[{"embeddable":true,"href":"https:\/\/www.k-mak.com\/en\/wp-json\/wp\/v2\/pages\/38"}],"wp:attachment":[{"href":"https:\/\/www.k-mak.com\/en\/wp-json\/wp\/v2\/media?parent=36"}],"curies":[{"name":"wp","href":"https:\/\/api.w.org\/{rel}","templated":true}]}}