{"id":38,"date":"2014-02-24T00:23:51","date_gmt":"2014-02-23T22:23:51","guid":{"rendered":"http:\/\/thelostest.org\/?page_id=38"},"modified":"2022-09-03T16:46:25","modified_gmt":"2022-09-03T13:46:25","slug":"urunlerimiz-2","status":"publish","type":"page","link":"https:\/\/www.k-mak.com\/en\/urunlerimiz-2\/","title":{"rendered":"PRODUCTS"},"content":{"rendered":"<div data-elementor-type=\"wp-page\" data-elementor-id=\"38\" class=\"elementor elementor-38\">\n\t\t\t\t\t\t\t\t\t<section class=\"elementor-section elementor-top-section elementor-element elementor-element-49ed20f elementor-section-boxed elementor-section-height-default elementor-section-height-default parallax_section_no qode_elementor_container_no\" data-id=\"49ed20f\" data-element_type=\"section\">\n\t\t\t\t\t\t<div class=\"elementor-container elementor-column-gap-default\">\n\t\t\t\t\t<div class=\"elementor-column elementor-col-100 elementor-top-column elementor-element elementor-element-220c8e24\" data-id=\"220c8e24\" data-element_type=\"column\">\n\t\t\t<div class=\"elementor-widget-wrap elementor-element-populated\">\n\t\t\t\t\t\t\t\t<div class=\"elementor-element elementor-element-8c4b667 elementor-widget elementor-widget-heading\" data-id=\"8c4b667\" data-element_type=\"widget\" data-widget_type=\"heading.default\">\n\t\t\t\t<div class=\"elementor-widget-container\">\n\t\t\t<style>\/*! elementor - v3.7.4 - 31-08-2022 *\/\n.elementor-heading-title{padding:0;margin:0;line-height:1}.elementor-widget-heading .elementor-heading-title[class*=elementor-size-]>a{color:inherit;font-size:inherit;line-height:inherit}.elementor-widget-heading .elementor-heading-title.elementor-size-small{font-size:15px}.elementor-widget-heading .elementor-heading-title.elementor-size-medium{font-size:19px}.elementor-widget-heading .elementor-heading-title.elementor-size-large{font-size:29px}.elementor-widget-heading .elementor-heading-title.elementor-size-xl{font-size:39px}.elementor-widget-heading .elementor-heading-title.elementor-size-xxl{font-size:59px}<\/style><h1 class=\"elementor-heading-title elementor-size-default\">K-MAK YERL\u0130 \u00dcR\u00dcNLER<\/h1>\t\t<\/div>\n\t\t\t\t<\/div>\n\t\t\t\t<div class=\"elementor-element elementor-element-a10e7c6 elementor-widget elementor-widget-text-editor\" data-id=\"a10e7c6\" data-element_type=\"widget\" data-widget_type=\"text-editor.default\">\n\t\t\t\t<div class=\"elementor-widget-container\">\n\t\t\t<style>\/*! elementor - v3.7.4 - 31-08-2022 *\/\n.elementor-widget-text-editor.elementor-drop-cap-view-stacked .elementor-drop-cap{background-color:#818a91;color:#fff}.elementor-widget-text-editor.elementor-drop-cap-view-framed .elementor-drop-cap{color:#818a91;border:3px solid;background-color:transparent}.elementor-widget-text-editor:not(.elementor-drop-cap-view-default) .elementor-drop-cap{margin-top:8px}.elementor-widget-text-editor:not(.elementor-drop-cap-view-default) .elementor-drop-cap-letter{width:1em;height:1em}.elementor-widget-text-editor .elementor-drop-cap{float:left;text-align:center;line-height:1;font-size:50px}.elementor-widget-text-editor .elementor-drop-cap-letter{display:inline-block}<\/style>\t\t\t\t<p><strong>K-MAK\u00a0program\u0131nda 10 de\u011fi\u015fik modelde jant d\u00fczeltme ekipman\u0131 yer almaktad\u0131r: manuel el pompal\u0131,\u00a0 elektro mekanik ve hidrolik \u00e7al\u0131\u015fan, tornal\u0131 ve tornas\u0131z, \u00f6zel aparatlar\u0131yla profesyonel tip, lastik s\u00f6kme takma ile kombine, bilgisayarl\u0131 otomatik\u2026<\/strong><\/p>\t\t\t\t\t\t<\/div>\n\t\t\t\t<\/div>\n\t\t\t\t\t<\/div>\n\t\t<\/div>\n\t\t\t\t\t\t\t<\/div>\n\t\t<\/section>\n\t\t\t\t<section class=\"elementor-section elementor-top-section elementor-element elementor-element-3ffd79b9 elementor-section-content-middle elementor-section-boxed elementor-section-height-default elementor-section-height-default parallax_section_no qode_elementor_container_no\" data-id=\"3ffd79b9\" data-element_type=\"section\">\n\t\t\t\t\t\t<div class=\"elementor-container elementor-column-gap-no\">\n\t\t\t\t\t<div class=\"elementor-column elementor-col-20 elementor-top-column elementor-element elementor-element-10e6eba6\" data-id=\"10e6eba6\" data-element_type=\"column\">\n\t\t\t<div class=\"elementor-widget-wrap elementor-element-populated\">\n\t\t\t\t\t\t\t\t<div class=\"elementor-element elementor-element-2d5dccdf elementor-widget elementor-widget-image\" data-id=\"2d5dccdf\" data-element_type=\"widget\" data-widget_type=\"image.default\">\n\t\t\t\t<div class=\"elementor-widget-container\">\n\t\t\t<style>\/*! elementor - v3.7.4 - 31-08-2022 *\/\n.elementor-widget-image{text-align:center}.elementor-widget-image a{display:inline-block}.elementor-widget-image a img[src$=\".svg\"]{width:48px}.elementor-widget-image img{vertical-align:middle;display:inline-block}<\/style>\t\t\t\t\t\t\t\t\t\t\t\t<img width=\"153\" height=\"300\" src=\"https:\/\/www.k-mak.com\/wp-content\/uploads\/2022\/09\/SAYDAM-BASIC-B-10-24-153x300.png\" class=\"attachment-medium size-medium\" alt=\"\" loading=\"lazy\" srcset=\"https:\/\/www.k-mak.com\/wp-content\/uploads\/2022\/09\/SAYDAM-BASIC-B-10-24-153x300.png 153w, https:\/\/www.k-mak.com\/wp-content\/uploads\/2022\/09\/SAYDAM-BASIC-B-10-24-600x1178.png 600w, https:\/\/www.k-mak.com\/wp-content\/uploads\/2022\/09\/SAYDAM-BASIC-B-10-24-521x1024.png 521w, https:\/\/www.k-mak.com\/wp-content\/uploads\/2022\/09\/SAYDAM-BASIC-B-10-24-768x1508.png 768w, https:\/\/www.k-mak.com\/wp-content\/uploads\/2022\/09\/SAYDAM-BASIC-B-10-24-782x1536.png 782w, https:\/\/www.k-mak.com\/wp-content\/uploads\/2022\/09\/SAYDAM-BASIC-B-10-24-1043x2048.png 1043w, https:\/\/www.k-mak.com\/wp-content\/uploads\/2022\/09\/SAYDAM-BASIC-B-10-24-700x1375.png 700w, https:\/\/www.k-mak.com\/wp-content\/uploads\/2022\/09\/SAYDAM-BASIC-B-10-24.png 1400w\" sizes=\"(max-width: 153px) 100vw, 153px\" \/>\t\t\t\t\t\t\t\t\t\t\t\t\t\t\t<\/div>\n\t\t\t\t<\/div>\n\t\t\t\t\t<\/div>\n\t\t<\/div>\n\t\t\t\t<div class=\"elementor-column elementor-col-20 elementor-top-column elementor-element elementor-element-7ac3784\" data-id=\"7ac3784\" data-element_type=\"column\">\n\t\t\t<div class=\"elementor-widget-wrap elementor-element-populated\">\n\t\t\t\t\t\t\t\t<div class=\"elementor-element elementor-element-3a83194 elementor-absolute elementor-widget elementor-widget-image\" data-id=\"3a83194\" data-element_type=\"widget\" data-settings=\"{&quot;_position&quot;:&quot;absolute&quot;}\" data-widget_type=\"image.default\">\n\t\t\t\t<div class=\"elementor-widget-container\">\n\t\t\t\t\t\t\t\t\t\t\t\t\t\t\t<img width=\"153\" height=\"300\" src=\"https:\/\/www.k-mak.com\/wp-content\/uploads\/2022\/09\/SAYDAM-BASIC-B-10-24-153x300.png\" class=\"attachment-medium size-medium\" alt=\"\" loading=\"lazy\" srcset=\"https:\/\/www.k-mak.com\/wp-content\/uploads\/2022\/09\/SAYDAM-BASIC-B-10-24-153x300.png 153w, https:\/\/www.k-mak.com\/wp-content\/uploads\/2022\/09\/SAYDAM-BASIC-B-10-24-600x1178.png 600w, https:\/\/www.k-mak.com\/wp-content\/uploads\/2022\/09\/SAYDAM-BASIC-B-10-24-521x1024.png 521w, https:\/\/www.k-mak.com\/wp-content\/uploads\/2022\/09\/SAYDAM-BASIC-B-10-24-768x1508.png 768w, https:\/\/www.k-mak.com\/wp-content\/uploads\/2022\/09\/SAYDAM-BASIC-B-10-24-782x1536.png 782w, https:\/\/www.k-mak.com\/wp-content\/uploads\/2022\/09\/SAYDAM-BASIC-B-10-24-1043x2048.png 1043w, https:\/\/www.k-mak.com\/wp-content\/uploads\/2022\/09\/SAYDAM-BASIC-B-10-24-700x1375.png 700w, https:\/\/www.k-mak.com\/wp-content\/uploads\/2022\/09\/SAYDAM-BASIC-B-10-24.png 1400w\" sizes=\"(max-width: 153px) 100vw, 153px\" \/>\t\t\t\t\t\t\t\t\t\t\t\t\t\t\t<\/div>\n\t\t\t\t<\/div>\n\t\t\t\t\t<\/div>\n\t\t<\/div>\n\t\t\t\t<div class=\"elementor-column elementor-col-20 elementor-top-column elementor-element elementor-element-ef05c0f\" data-id=\"ef05c0f\" data-element_type=\"column\">\n\t\t\t<div class=\"elementor-widget-wrap elementor-element-populated\">\n\t\t\t\t\t\t\t\t<div class=\"elementor-element elementor-element-b6408ed elementor-widget elementor-widget-image\" data-id=\"b6408ed\" data-element_type=\"widget\" data-widget_type=\"image.default\">\n\t\t\t\t<div class=\"elementor-widget-container\">\n\t\t\t\t\t\t\t\t\t\t\t\t\t\t\t<img width=\"153\" height=\"300\" src=\"https:\/\/www.k-mak.com\/wp-content\/uploads\/2022\/09\/SAYDAM-BASIC-B-10-24-153x300.png\" class=\"attachment-medium size-medium\" alt=\"\" loading=\"lazy\" srcset=\"https:\/\/www.k-mak.com\/wp-content\/uploads\/2022\/09\/SAYDAM-BASIC-B-10-24-153x300.png 153w, https:\/\/www.k-mak.com\/wp-content\/uploads\/2022\/09\/SAYDAM-BASIC-B-10-24-600x1178.png 600w, https:\/\/www.k-mak.com\/wp-content\/uploads\/2022\/09\/SAYDAM-BASIC-B-10-24-521x1024.png 521w, https:\/\/www.k-mak.com\/wp-content\/uploads\/2022\/09\/SAYDAM-BASIC-B-10-24-768x1508.png 768w, https:\/\/www.k-mak.com\/wp-content\/uploads\/2022\/09\/SAYDAM-BASIC-B-10-24-782x1536.png 782w, https:\/\/www.k-mak.com\/wp-content\/uploads\/2022\/09\/SAYDAM-BASIC-B-10-24-1043x2048.png 1043w, https:\/\/www.k-mak.com\/wp-content\/uploads\/2022\/09\/SAYDAM-BASIC-B-10-24-700x1375.png 700w, https:\/\/www.k-mak.com\/wp-content\/uploads\/2022\/09\/SAYDAM-BASIC-B-10-24.png 1400w\" sizes=\"(max-width: 153px) 100vw, 153px\" \/>\t\t\t\t\t\t\t\t\t\t\t\t\t\t\t<\/div>\n\t\t\t\t<\/div>\n\t\t\t\t\t<\/div>\n\t\t<\/div>\n\t\t\t\t<div class=\"elementor-column elementor-col-20 elementor-top-column elementor-element elementor-element-0bdad48\" data-id=\"0bdad48\" data-element_type=\"column\">\n\t\t\t<div class=\"elementor-widget-wrap elementor-element-populated\">\n\t\t\t\t\t\t\t\t<div class=\"elementor-element elementor-element-a18ce39 elementor-absolute elementor-widget elementor-widget-image\" data-id=\"a18ce39\" data-element_type=\"widget\" data-settings=\"{&quot;_position&quot;:&quot;absolute&quot;}\" data-widget_type=\"image.default\">\n\t\t\t\t<div class=\"elementor-widget-container\">\n\t\t\t\t\t\t\t\t\t\t\t\t\t\t\t<img width=\"153\" height=\"300\" src=\"https:\/\/www.k-mak.com\/wp-content\/uploads\/2022\/09\/SAYDAM-BASIC-B-10-24-153x300.png\" class=\"attachment-medium size-medium\" alt=\"\" loading=\"lazy\" srcset=\"https:\/\/www.k-mak.com\/wp-content\/uploads\/2022\/09\/SAYDAM-BASIC-B-10-24-153x300.png 153w, https:\/\/www.k-mak.com\/wp-content\/uploads\/2022\/09\/SAYDAM-BASIC-B-10-24-600x1178.png 600w, https:\/\/www.k-mak.com\/wp-content\/uploads\/2022\/09\/SAYDAM-BASIC-B-10-24-521x1024.png 521w, https:\/\/www.k-mak.com\/wp-content\/uploads\/2022\/09\/SAYDAM-BASIC-B-10-24-768x1508.png 768w, https:\/\/www.k-mak.com\/wp-content\/uploads\/2022\/09\/SAYDAM-BASIC-B-10-24-782x1536.png 782w, https:\/\/www.k-mak.com\/wp-content\/uploads\/2022\/09\/SAYDAM-BASIC-B-10-24-1043x2048.png 1043w, https:\/\/www.k-mak.com\/wp-content\/uploads\/2022\/09\/SAYDAM-BASIC-B-10-24-700x1375.png 700w, https:\/\/www.k-mak.com\/wp-content\/uploads\/2022\/09\/SAYDAM-BASIC-B-10-24.png 1400w\" sizes=\"(max-width: 153px) 100vw, 153px\" \/>\t\t\t\t\t\t\t\t\t\t\t\t\t\t\t<\/div>\n\t\t\t\t<\/div>\n\t\t\t\t\t<\/div>\n\t\t<\/div>\n\t\t\t\t<div class=\"elementor-column elementor-col-20 elementor-top-column elementor-element elementor-element-f4b3aa4\" data-id=\"f4b3aa4\" data-element_type=\"column\">\n\t\t\t<div class=\"elementor-widget-wrap elementor-element-populated\">\n\t\t\t\t\t\t\t\t<div class=\"elementor-element elementor-element-1fd1d21 elementor-widget elementor-widget-image\" data-id=\"1fd1d21\" data-element_type=\"widget\" data-widget_type=\"image.default\">\n\t\t\t\t<div class=\"elementor-widget-container\">\n\t\t\t\t\t\t\t\t\t\t\t\t\t\t\t<img width=\"521\" height=\"1024\" src=\"https:\/\/www.k-mak.com\/wp-content\/uploads\/2022\/09\/SAYDAM-BASIC-B-10-24-521x1024.png\" class=\"attachment-large size-large\" alt=\"\" loading=\"lazy\" srcset=\"https:\/\/www.k-mak.com\/wp-content\/uploads\/2022\/09\/SAYDAM-BASIC-B-10-24-521x1024.png 521w, https:\/\/www.k-mak.com\/wp-content\/uploads\/2022\/09\/SAYDAM-BASIC-B-10-24-600x1178.png 600w, https:\/\/www.k-mak.com\/wp-content\/uploads\/2022\/09\/SAYDAM-BASIC-B-10-24-153x300.png 153w, https:\/\/www.k-mak.com\/wp-content\/uploads\/2022\/09\/SAYDAM-BASIC-B-10-24-768x1508.png 768w, https:\/\/www.k-mak.com\/wp-content\/uploads\/2022\/09\/SAYDAM-BASIC-B-10-24-782x1536.png 782w, https:\/\/www.k-mak.com\/wp-content\/uploads\/2022\/09\/SAYDAM-BASIC-B-10-24-1043x2048.png 1043w, https:\/\/www.k-mak.com\/wp-content\/uploads\/2022\/09\/SAYDAM-BASIC-B-10-24-700x1375.png 700w, https:\/\/www.k-mak.com\/wp-content\/uploads\/2022\/09\/SAYDAM-BASIC-B-10-24.png 1400w\" sizes=\"(max-width: 521px) 100vw, 521px\" \/>\t\t\t\t\t\t\t\t\t\t\t\t\t\t\t<\/div>\n\t\t\t\t<\/div>\n\t\t\t\t\t<\/div>\n\t\t<\/div>\n\t\t\t\t\t\t\t<\/div>\n\t\t<\/section>\n\t\t\t\t<section class=\"elementor-section elementor-top-section elementor-element elementor-element-4d25ca3 elementor-section-boxed elementor-section-height-default elementor-section-height-default parallax_section_no qode_elementor_container_no\" data-id=\"4d25ca3\" data-element_type=\"section\">\n\t\t\t\t\t\t<div class=\"elementor-container elementor-column-gap-default\">\n\t\t\t\t\t<div class=\"elementor-column elementor-col-100 elementor-top-column elementor-element elementor-element-4a2d7b8\" data-id=\"4a2d7b8\" data-element_type=\"column\">\n\t\t\t<div class=\"elementor-widget-wrap elementor-element-populated\">\n\t\t\t\t\t\t\t\t<div class=\"elementor-element elementor-element-5bdb115b elementor-widget elementor-widget-heading\" data-id=\"5bdb115b\" data-element_type=\"widget\" data-widget_type=\"heading.default\">\n\t\t\t\t<div class=\"elementor-widget-container\">\n\t\t\t<h2 class=\"elementor-heading-title elementor-size-default\">PRODUCTS<\/h2>\t\t<\/div>\n\t\t\t\t<\/div>\n\t\t\t\t\t<\/div>\n\t\t<\/div>\n\t\t\t\t\t\t\t<\/div>\n\t\t<\/section>\n\t\t\t\t<section class=\"elementor-section elementor-top-section elementor-element elementor-element-d43946d elementor-section-boxed elementor-section-height-default elementor-section-height-default parallax_section_no qode_elementor_container_no\" data-id=\"d43946d\" data-element_type=\"section\">\n\t\t\t\t\t\t<div class=\"elementor-container elementor-column-gap-default\">\n\t\t\t\t\t<div class=\"elementor-column elementor-col-100 elementor-top-column elementor-element elementor-element-c91f8e3\" data-id=\"c91f8e3\" data-element_type=\"column\">\n\t\t\t<div class=\"elementor-widget-wrap\">\n\t\t\t\t\t\t\t\t\t<\/div>\n\t\t<\/div>\n\t\t\t\t\t\t\t<\/div>\n\t\t<\/section>\n\t\t\t\t\t\t\t<\/div>","protected":false},"excerpt":{"rendered":"<p>K-MAK YERL\u0130 \u00dcR\u00dcNLER K-MAK\u00a0program\u0131nda 10 de\u011fi\u015fik modelde jant d\u00fczeltme ekipman\u0131 yer almaktad\u0131r: manuel el pompal\u0131,\u00a0 elektro mekanik ve hidrolik \u00e7al\u0131\u015fan, tornal\u0131 ve tornas\u0131z, \u00f6zel aparatlar\u0131yla profesyonel tip, lastik s\u00f6kme takma ile kombine, bilgisayarl\u0131 otomatik\u2026 \u00dcR\u00dcNLER\u0130M\u0130Z [product_categories number=&#8221;20&#8243; columns=&#8221;5&#8243; hide_empty=&#8221;0&#8243; orderby=&#8221;name&#8221; order=&#8221;desc&#8221;]<\/p>","protected":false},"author":1,"featured_media":0,"parent":0,"menu_order":0,"comment_status":"open","ping_status":"open","template":"elementor_header_footer","meta":{"_mi_skip_tracking":false},"yoast_head":"<!-- This site is optimized with the Yoast SEO plugin v19.6.1 - https:\/\/yoast.com\/wordpress\/plugins\/seo\/ -->\r\n<title>\u00dcR\u00dcNLER\u0130M\u0130Z - K-MAK OTOMOT\u0130V SERV\u0130S EK\u0130PMANLARI<\/title>\r\n<meta name=\"robots\" content=\"index, follow, max-snippet:-1, max-image-preview:large, max-video-preview:-1\" \/>\r\n<link rel=\"canonical\" href=\"https:\/\/www.k-mak.com\/en\/urunlerimiz-2\/\" \/>\r\n<meta property=\"og:locale\" content=\"en_US\" \/>\r\n<meta property=\"og:type\" content=\"article\" \/>\r\n<meta property=\"og:title\" content=\"\u00dcR\u00dcNLER\u0130M\u0130Z - K-MAK OTOMOT\u0130V SERV\u0130S EK\u0130PMANLARI\" \/>\r\n<meta property=\"og:description\" content=\"K-MAK YERL\u0130 \u00dcR\u00dcNLER K-MAK\u00a0program\u0131nda 10 de\u011fi\u015fik modelde jant d\u00fczeltme ekipman\u0131 yer almaktad\u0131r: manuel el pompal\u0131,\u00a0 elektro mekanik ve hidrolik \u00e7al\u0131\u015fan, tornal\u0131 ve tornas\u0131z, \u00f6zel aparatlar\u0131yla profesyonel tip, lastik s\u00f6kme takma ile kombine, bilgisayarl\u0131 otomatik\u2026 \u00dcR\u00dcNLER\u0130M\u0130Z [product_categories number=&#8221;20&#8243; columns=&#8221;5&#8243; hide_empty=&#8221;0&#8243; orderby=&#8221;name&#8221; order=&#8221;desc&#8221;]\" \/>\r\n<meta property=\"og:url\" content=\"https:\/\/www.k-mak.com\/en\/urunlerimiz-2\/\" \/>\r\n<meta property=\"og:site_name\" content=\"K-MAK OTOMOT\u0130V SERV\u0130S EK\u0130PMANLARI\" \/>\r\n<meta property=\"article:modified_time\" content=\"2022-09-03T13:46:25+00:00\" \/>\r\n<meta property=\"og:image\" content=\"http:\/\/www.k-mak.com\/wp-content\/uploads\/2022\/09\/SAYDAM-BASIC-B-10-24-153x300.png\" \/>\r\n<meta name=\"twitter:card\" content=\"summary_large_image\" \/>\r\n<meta name=\"twitter:label1\" content=\"Est. reading time\" \/>\n\t<meta name=\"twitter:data1\" content=\"6 minutes\" \/>\r\n<script type=\"application\/ld+json\" class=\"yoast-schema-graph\">{\"@context\":\"https:\/\/schema.org\",\"@graph\":[{\"@type\":\"WebPage\",\"@id\":\"https:\/\/www.k-mak.com\/urunlerimiz-2\/\",\"url\":\"https:\/\/www.k-mak.com\/urunlerimiz-2\/\",\"name\":\"\u00dcR\u00dcNLER\u0130M\u0130Z - K-MAK OTOMOT\u0130V SERV\u0130S EK\u0130PMANLARI\",\"isPartOf\":{\"@id\":\"https:\/\/www.k-mak.com\/#website\"},\"datePublished\":\"2014-02-23T22:23:51+00:00\",\"dateModified\":\"2022-09-03T13:46:25+00:00\",\"breadcrumb\":{\"@id\":\"https:\/\/www.k-mak.com\/urunlerimiz-2\/#breadcrumb\"},\"inLanguage\":\"en-US\",\"potentialAction\":[{\"@type\":\"ReadAction\",\"target\":[\"https:\/\/www.k-mak.com\/urunlerimiz-2\/\"]}]},{\"@type\":\"BreadcrumbList\",\"@id\":\"https:\/\/www.k-mak.com\/urunlerimiz-2\/#breadcrumb\",\"itemListElement\":[{\"@type\":\"ListItem\",\"position\":1,\"name\":\"Anasayfa\",\"item\":\"https:\/\/www.k-mak.com\/\"},{\"@type\":\"ListItem\",\"position\":2,\"name\":\"\u00dcR\u00dcNLER\u0130M\u0130Z\"}]},{\"@type\":\"WebSite\",\"@id\":\"https:\/\/www.k-mak.com\/#website\",\"url\":\"https:\/\/www.k-mak.com\/\",\"name\":\"K-MAK OTOMOT\u0130V SERV\u0130S EK\u0130PMANLARI\",\"description\":\"Jant D\u00fczeltme Makinalar\u0131 \u00fcretimini birinci elden ger\u00e7ekle\u015ftiren K-MAK Otomotiv Servis ekipmanlar\u0131 alan\u0131nda bulunan Jant d\u00fczeltme makinas\u0131 \u00fcretiminde y\u0131llardan bu yana en kaliteli \u00fcr\u00fcnleri i\u00e7 ve d\u0131\u015f piyasaya vermektedir. Jant d\u00fczeltme makinas\u0131 fiyatlar\u0131 \u00fcr\u00fcnlerin fonksiyonlar\u0131na g\u00f6re de\u011fi\u015fmektedir.\",\"publisher\":{\"@id\":\"https:\/\/www.k-mak.com\/#organization\"},\"potentialAction\":[{\"@type\":\"SearchAction\",\"target\":{\"@type\":\"EntryPoint\",\"urlTemplate\":\"https:\/\/www.k-mak.com\/?s={search_term_string}\"},\"query-input\":\"required name=search_term_string\"}],\"inLanguage\":\"en-US\"},{\"@type\":\"Organization\",\"@id\":\"https:\/\/www.k-mak.com\/#organization\",\"name\":\"K-MAK OTOMOT\u0130V SERV\u0130S EK\u0130PMANLARI\",\"url\":\"https:\/\/www.k-mak.com\/\",\"sameAs\":[],\"logo\":{\"@type\":\"ImageObject\",\"inLanguage\":\"en-US\",\"@id\":\"https:\/\/www.k-mak.com\/#\/schema\/logo\/image\/\",\"url\":\"https:\/\/www.k-mak.com\/wp-content\/uploads\/2022\/09\/LOGO...-removebg-preview-1.png\",\"contentUrl\":\"https:\/\/www.k-mak.com\/wp-content\/uploads\/2022\/09\/LOGO...-removebg-preview-1.png\",\"width\":711,\"height\":351,\"caption\":\"K-MAK OTOMOT\u0130V SERV\u0130S EK\u0130PMANLARI\"},\"image\":{\"@id\":\"https:\/\/www.k-mak.com\/#\/schema\/logo\/image\/\"}}]}<\/script>\r\n<!-- \/ Yoast SEO plugin. -->","yoast_head_json":{"title":"\u00dcR\u00dcNLER\u0130M\u0130Z - K-MAK OTOMOT\u0130V SERV\u0130S EK\u0130PMANLARI","robots":{"index":"index","follow":"follow","max-snippet":"max-snippet:-1","max-image-preview":"max-image-preview:large","max-video-preview":"max-video-preview:-1"},"canonical":"https:\/\/www.k-mak.com\/en\/urunlerimiz-2\/","og_locale":"en_US","og_type":"article","og_title":"\u00dcR\u00dcNLER\u0130M\u0130Z - K-MAK OTOMOT\u0130V SERV\u0130S EK\u0130PMANLARI","og_description":"K-MAK YERL\u0130 \u00dcR\u00dcNLER K-MAK\u00a0program\u0131nda 10 de\u011fi\u015fik modelde jant d\u00fczeltme ekipman\u0131 yer almaktad\u0131r: manuel el pompal\u0131,\u00a0 elektro mekanik ve hidrolik \u00e7al\u0131\u015fan, tornal\u0131 ve tornas\u0131z, \u00f6zel aparatlar\u0131yla profesyonel tip, lastik s\u00f6kme takma ile kombine, bilgisayarl\u0131 otomatik\u2026 \u00dcR\u00dcNLER\u0130M\u0130Z [product_categories number=&#8221;20&#8243; columns=&#8221;5&#8243; hide_empty=&#8221;0&#8243; orderby=&#8221;name&#8221; order=&#8221;desc&#8221;]","og_url":"https:\/\/www.k-mak.com\/en\/urunlerimiz-2\/","og_site_name":"K-MAK OTOMOT\u0130V SERV\u0130S EK\u0130PMANLARI","article_modified_time":"2022-09-03T13:46:25+00:00","og_image":[{"url":"http:\/\/www.k-mak.com\/wp-content\/uploads\/2022\/09\/SAYDAM-BASIC-B-10-24-153x300.png"}],"twitter_card":"summary_large_image","twitter_misc":{"Est. reading time":"6 minutes"},"schema":{"@context":"https:\/\/schema.org","@graph":[{"@type":"WebPage","@id":"https:\/\/www.k-mak.com\/urunlerimiz-2\/","url":"https:\/\/www.k-mak.com\/urunlerimiz-2\/","name":"\u00dcR\u00dcNLER\u0130M\u0130Z - K-MAK OTOMOT\u0130V SERV\u0130S EK\u0130PMANLARI","isPartOf":{"@id":"https:\/\/www.k-mak.com\/#website"},"datePublished":"2014-02-23T22:23:51+00:00","dateModified":"2022-09-03T13:46:25+00:00","breadcrumb":{"@id":"https:\/\/www.k-mak.com\/urunlerimiz-2\/#breadcrumb"},"inLanguage":"en-US","potentialAction":[{"@type":"ReadAction","target":["https:\/\/www.k-mak.com\/urunlerimiz-2\/"]}]},{"@type":"BreadcrumbList","@id":"https:\/\/www.k-mak.com\/urunlerimiz-2\/#breadcrumb","itemListElement":[{"@type":"ListItem","position":1,"name":"Anasayfa","item":"https:\/\/www.k-mak.com\/"},{"@type":"ListItem","position":2,"name":"\u00dcR\u00dcNLER\u0130M\u0130Z"}]},{"@type":"WebSite","@id":"https:\/\/www.k-mak.com\/#website","url":"https:\/\/www.k-mak.com\/","name":"K-MAK OTOMOT\u0130V SERV\u0130S EK\u0130PMANLARI","description":"Jant D\u00fczeltme Makinalar\u0131 \u00fcretimini birinci elden ger\u00e7ekle\u015ftiren K-MAK Otomotiv Servis ekipmanlar\u0131 alan\u0131nda bulunan Jant d\u00fczeltme makinas\u0131 \u00fcretiminde y\u0131llardan bu yana en kaliteli \u00fcr\u00fcnleri i\u00e7 ve d\u0131\u015f piyasaya vermektedir. Jant d\u00fczeltme makinas\u0131 fiyatlar\u0131 \u00fcr\u00fcnlerin fonksiyonlar\u0131na g\u00f6re de\u011fi\u015fmektedir.","publisher":{"@id":"https:\/\/www.k-mak.com\/#organization"},"potentialAction":[{"@type":"SearchAction","target":{"@type":"EntryPoint","urlTemplate":"https:\/\/www.k-mak.com\/?s={search_term_string}"},"query-input":"required name=search_term_string"}],"inLanguage":"en-US"},{"@type":"Organization","@id":"https:\/\/www.k-mak.com\/#organization","name":"K-MAK OTOMOT\u0130V SERV\u0130S EK\u0130PMANLARI","url":"https:\/\/www.k-mak.com\/","sameAs":[],"logo":{"@type":"ImageObject","inLanguage":"en-US","@id":"https:\/\/www.k-mak.com\/#\/schema\/logo\/image\/","url":"https:\/\/www.k-mak.com\/wp-content\/uploads\/2022\/09\/LOGO...-removebg-preview-1.png","contentUrl":"https:\/\/www.k-mak.com\/wp-content\/uploads\/2022\/09\/LOGO...-removebg-preview-1.png","width":711,"height":351,"caption":"K-MAK OTOMOT\u0130V SERV\u0130S EK\u0130PMANLARI"},"image":{"@id":"https:\/\/www.k-mak.com\/#\/schema\/logo\/image\/"}}]}},"_links":{"self":[{"href":"https:\/\/www.k-mak.com\/en\/wp-json\/wp\/v2\/pages\/38"}],"collection":[{"href":"https:\/\/www.k-mak.com\/en\/wp-json\/wp\/v2\/pages"}],"about":[{"href":"https:\/\/www.k-mak.com\/en\/wp-json\/wp\/v2\/types\/page"}],"author":[{"embeddable":true,"href":"https:\/\/www.k-mak.com\/en\/wp-json\/wp\/v2\/users\/1"}],"replies":[{"embeddable":true,"href":"https:\/\/www.k-mak.com\/en\/wp-json\/wp\/v2\/comments?post=38"}],"version-history":[{"count":25,"href":"https:\/\/www.k-mak.com\/en\/wp-json\/wp\/v2\/pages\/38\/revisions"}],"predecessor-version":[{"id":2127,"href":"https:\/\/www.k-mak.com\/en\/wp-json\/wp\/v2\/pages\/38\/revisions\/2127"}],"wp:attachment":[{"href":"https:\/\/www.k-mak.com\/en\/wp-json\/wp\/v2\/media?parent=38"}],"curies":[{"name":"wp","href":"https:\/\/api.w.org\/{rel}","templated":true}]}}