{"id":439,"date":"2014-03-24T02:48:25","date_gmt":"2014-03-24T00:48:25","guid":{"rendered":"http:\/\/www.k-mak.com\/?page_id=439"},"modified":"2014-04-12T02:26:46","modified_gmt":"2014-04-11T23:26:46","slug":"lift-makineleri","status":"publish","type":"page","link":"https:\/\/www.k-mak.com\/en\/urunlerimiz-2\/ithal-makinalar\/lift-makineleri\/","title":{"rendered":"\u0130THAL L\u0130FT MAK\u0130NELER\u0130"},"content":{"rendered":"<div class=\"vc_row wpb_row vc_row-fluid\"><div class=\"wpb_column vc_column_container vc_col-sm-4\"><div class=\"vc_column-inner\"><div class=\"wpb_wrapper\">\n\t<div  class=\"wpb_single_image wpb_content_element vc_align_left\">\n\t\t<h2 class=\"wpb_heading wpb_singleimage_heading\">T\u0130TAN X721 - X723 ( ROT L\u0130FT )<\/h2>\n\t\t<figure class=\"wpb_wrapper vc_figure\">\n\t\t\t<div class=\"vc_single_image-wrapper   vc_box_border_grey\"><img class=\"vc_single_image-img\" src=\"https:\/\/www.k-mak.com\/wp-content\/uploads\/2014\/03\/titanx721_x723.jpg\" width=\"300\" height=\"290\" alt=\"titanx721_x723\" title=\"titanx721_x723\" \/><\/div>\n\t\t<\/figure>\n\t<\/div>\n<\/div><\/div><\/div><div class=\"wpb_column vc_column_container vc_col-sm-4\"><div class=\"vc_column-inner\"><div class=\"wpb_wrapper\">\n\t<div  class=\"wpb_single_image wpb_content_element vc_align_left\">\n\t\t<h2 class=\"wpb_heading wpb_singleimage_heading\">T\u0130TAN X130 ( MAKASLI L\u0130FT)<\/h2>\n\t\t<figure class=\"wpb_wrapper vc_figure\">\n\t\t\t<div class=\"vc_single_image-wrapper   vc_box_border_grey\"><img class=\"vc_single_image-img\" src=\"https:\/\/www.k-mak.com\/wp-content\/uploads\/2014\/03\/titanx130.jpg\" width=\"300\" height=\"290\" alt=\"titanx130\" title=\"titanx130\" \/><\/div>\n\t\t<\/figure>\n\t<\/div>\n<\/div><\/div><\/div><div class=\"wpb_column vc_column_container vc_col-sm-4\"><div class=\"vc_column-inner\"><div class=\"wpb_wrapper\">\n\t<div  class=\"wpb_single_image wpb_content_element vc_align_left\">\n\t\t<h2 class=\"wpb_heading wpb_singleimage_heading\">T\u0130TAN X130 ( MAKASLI L\u0130FT )<\/h2>\n\t\t<figure class=\"wpb_wrapper vc_figure\">\n\t\t\t<div class=\"vc_single_image-wrapper   vc_box_border_grey\"><img class=\"vc_single_image-img\" src=\"https:\/\/www.k-mak.com\/wp-content\/uploads\/2014\/03\/titanp230_bc.jpg\" width=\"300\" height=\"290\" alt=\"titanp230_bc\" title=\"titanp230_bc\" \/><\/div>\n\t\t<\/figure>\n\t<\/div>\n<\/div><\/div><\/div><\/div><div class=\"vc_row wpb_row vc_row-fluid\"><div class=\"wpb_column vc_column_container vc_col-sm-12\"><div class=\"vc_column-inner\"><div class=\"wpb_wrapper\"><div class=\"vc_separator wpb_content_element vc_separator_align_center vc_sep_width_100 vc_separator_no_text\" ><span class=\"vc_sep_holder vc_sep_holder_l\"><span  class=\"vc_sep_line\"><\/span><\/span><span class=\"vc_sep_holder vc_sep_holder_r\"><span  class=\"vc_sep_line\"><\/span><\/span>\n<\/div><\/div><\/div><\/div><\/div><div class=\"vc_row wpb_row vc_row-fluid\"><div class=\"wpb_column vc_column_container vc_col-sm-4\"><div class=\"vc_column-inner\"><div class=\"wpb_wrapper\">\n\t<div  class=\"wpb_single_image wpb_content_element vc_align_left\">\n\t\t<h2 class=\"wpb_heading wpb_singleimage_heading\">T\u0130TAN SL 25 (PLATFORM L\u0130FT)<\/h2>\n\t\t<figure class=\"wpb_wrapper vc_figure\">\n\t\t\t<div class=\"vc_single_image-wrapper   vc_box_border_grey\"><img class=\"vc_single_image-img\" src=\"https:\/\/www.k-mak.com\/wp-content\/uploads\/2014\/03\/titansl25.jpg\" width=\"300\" height=\"290\" alt=\"titansl25\" title=\"titansl25\" \/><\/div>\n\t\t<\/figure>\n\t<\/div>\n<\/div><\/div><\/div><div class=\"wpb_column vc_column_container vc_col-sm-4\"><div class=\"vc_column-inner\"><div class=\"wpb_wrapper\"><\/div><\/div><\/div><div class=\"wpb_column vc_column_container vc_col-sm-4\"><div class=\"vc_column-inner\"><div class=\"wpb_wrapper\"><\/div><\/div><\/div><\/div>","protected":false},"excerpt":{"rendered":"T\u0130TAN X721 - X723 ( ROT L\u0130FT ) T\u0130TAN X130 ( MAKASLI L\u0130FT) T\u0130TAN X130 ( MAKASLI L\u0130FT ) T\u0130TAN SL 25 (PLATFORM L\u0130FT)","protected":false},"author":1,"featured_media":0,"parent":40,"menu_order":0,"comment_status":"open","ping_status":"open","template":"","meta":{"_mi_skip_tracking":false},"yoast_head":"<!-- This site is optimized with the Yoast SEO plugin v19.6.1 - https:\/\/yoast.com\/wordpress\/plugins\/seo\/ -->\r\n<title>\u0130THAL L\u0130FT MAK\u0130NELER\u0130 - K-MAK OTOMOT\u0130V SERV\u0130S EK\u0130PMANLARI<\/title>\r\n<meta name=\"robots\" content=\"index, follow, max-snippet:-1, max-image-preview:large, max-video-preview:-1\" \/>\r\n<link rel=\"canonical\" href=\"https:\/\/www.k-mak.com\/en\/urunlerimiz-2\/ithal-makinalar\/lift-makineleri\/\" \/>\r\n<meta property=\"og:locale\" content=\"en_US\" \/>\r\n<meta property=\"og:type\" content=\"article\" \/>\r\n<meta property=\"og:title\" content=\"\u0130THAL L\u0130FT MAK\u0130NELER\u0130 - K-MAK OTOMOT\u0130V SERV\u0130S EK\u0130PMANLARI\" \/>\r\n<meta property=\"og:url\" content=\"https:\/\/www.k-mak.com\/en\/urunlerimiz-2\/ithal-makinalar\/lift-makineleri\/\" \/>\r\n<meta property=\"og:site_name\" content=\"K-MAK OTOMOT\u0130V SERV\u0130S EK\u0130PMANLARI\" \/>\r\n<meta property=\"article:modified_time\" content=\"2014-04-11T23:26:46+00:00\" \/>\r\n<meta name=\"twitter:card\" content=\"summary_large_image\" \/>\r\n<meta name=\"twitter:label1\" content=\"Est. reading time\" \/>\n\t<meta name=\"twitter:data1\" content=\"1 minute\" \/>\r\n<script type=\"application\/ld+json\" class=\"yoast-schema-graph\">{\"@context\":\"https:\/\/schema.org\",\"@graph\":[{\"@type\":\"WebPage\",\"@id\":\"https:\/\/www.k-mak.com\/urunlerimiz-2\/ithal-makinalar\/lift-makineleri\/\",\"url\":\"https:\/\/www.k-mak.com\/urunlerimiz-2\/ithal-makinalar\/lift-makineleri\/\",\"name\":\"\u0130THAL L\u0130FT MAK\u0130NELER\u0130 - K-MAK OTOMOT\u0130V SERV\u0130S EK\u0130PMANLARI\",\"isPartOf\":{\"@id\":\"https:\/\/www.k-mak.com\/#website\"},\"datePublished\":\"2014-03-24T00:48:25+00:00\",\"dateModified\":\"2014-04-11T23:26:46+00:00\",\"breadcrumb\":{\"@id\":\"https:\/\/www.k-mak.com\/urunlerimiz-2\/ithal-makinalar\/lift-makineleri\/#breadcrumb\"},\"inLanguage\":\"en-US\",\"potentialAction\":[{\"@type\":\"ReadAction\",\"target\":[\"https:\/\/www.k-mak.com\/urunlerimiz-2\/ithal-makinalar\/lift-makineleri\/\"]}]},{\"@type\":\"BreadcrumbList\",\"@id\":\"https:\/\/www.k-mak.com\/urunlerimiz-2\/ithal-makinalar\/lift-makineleri\/#breadcrumb\",\"itemListElement\":[{\"@type\":\"ListItem\",\"position\":1,\"name\":\"Anasayfa\",\"item\":\"https:\/\/www.k-mak.com\/\"},{\"@type\":\"ListItem\",\"position\":2,\"name\":\"\u00dcR\u00dcNLER\u0130M\u0130Z\",\"item\":\"https:\/\/www.k-mak.com\/urunlerimiz-2\/\"},{\"@type\":\"ListItem\",\"position\":3,\"name\":\"\u0130THAL MAK\u0130NALAR\",\"item\":\"https:\/\/www.k-mak.com\/urunlerimiz-2\/ithal-makinalar\/\"},{\"@type\":\"ListItem\",\"position\":4,\"name\":\"\u0130THAL L\u0130FT MAK\u0130NELER\u0130\"}]},{\"@type\":\"WebSite\",\"@id\":\"https:\/\/www.k-mak.com\/#website\",\"url\":\"https:\/\/www.k-mak.com\/\",\"name\":\"K-MAK OTOMOT\u0130V SERV\u0130S EK\u0130PMANLARI\",\"description\":\"Jant D\u00fczeltme Makinalar\u0131 \u00fcretimini birinci elden ger\u00e7ekle\u015ftiren K-MAK Otomotiv Servis ekipmanlar\u0131 alan\u0131nda bulunan Jant d\u00fczeltme makinas\u0131 \u00fcretiminde y\u0131llardan bu yana en kaliteli \u00fcr\u00fcnleri i\u00e7 ve d\u0131\u015f piyasaya vermektedir. Jant d\u00fczeltme makinas\u0131 fiyatlar\u0131 \u00fcr\u00fcnlerin fonksiyonlar\u0131na g\u00f6re de\u011fi\u015fmektedir.\",\"publisher\":{\"@id\":\"https:\/\/www.k-mak.com\/#organization\"},\"potentialAction\":[{\"@type\":\"SearchAction\",\"target\":{\"@type\":\"EntryPoint\",\"urlTemplate\":\"https:\/\/www.k-mak.com\/?s={search_term_string}\"},\"query-input\":\"required name=search_term_string\"}],\"inLanguage\":\"en-US\"},{\"@type\":\"Organization\",\"@id\":\"https:\/\/www.k-mak.com\/#organization\",\"name\":\"K-MAK OTOMOT\u0130V SERV\u0130S EK\u0130PMANLARI\",\"url\":\"https:\/\/www.k-mak.com\/\",\"sameAs\":[],\"logo\":{\"@type\":\"ImageObject\",\"inLanguage\":\"en-US\",\"@id\":\"https:\/\/www.k-mak.com\/#\/schema\/logo\/image\/\",\"url\":\"https:\/\/www.k-mak.com\/wp-content\/uploads\/2022\/09\/LOGO...-removebg-preview-1.png\",\"contentUrl\":\"https:\/\/www.k-mak.com\/wp-content\/uploads\/2022\/09\/LOGO...-removebg-preview-1.png\",\"width\":711,\"height\":351,\"caption\":\"K-MAK OTOMOT\u0130V SERV\u0130S EK\u0130PMANLARI\"},\"image\":{\"@id\":\"https:\/\/www.k-mak.com\/#\/schema\/logo\/image\/\"}}]}<\/script>\r\n<!-- \/ Yoast SEO plugin. -->","yoast_head_json":{"title":"\u0130THAL L\u0130FT MAK\u0130NELER\u0130 - K-MAK OTOMOT\u0130V SERV\u0130S EK\u0130PMANLARI","robots":{"index":"index","follow":"follow","max-snippet":"max-snippet:-1","max-image-preview":"max-image-preview:large","max-video-preview":"max-video-preview:-1"},"canonical":"https:\/\/www.k-mak.com\/en\/urunlerimiz-2\/ithal-makinalar\/lift-makineleri\/","og_locale":"en_US","og_type":"article","og_title":"\u0130THAL L\u0130FT MAK\u0130NELER\u0130 - K-MAK OTOMOT\u0130V SERV\u0130S EK\u0130PMANLARI","og_url":"https:\/\/www.k-mak.com\/en\/urunlerimiz-2\/ithal-makinalar\/lift-makineleri\/","og_site_name":"K-MAK OTOMOT\u0130V SERV\u0130S EK\u0130PMANLARI","article_modified_time":"2014-04-11T23:26:46+00:00","twitter_card":"summary_large_image","twitter_misc":{"Est. reading time":"1 minute"},"schema":{"@context":"https:\/\/schema.org","@graph":[{"@type":"WebPage","@id":"https:\/\/www.k-mak.com\/urunlerimiz-2\/ithal-makinalar\/lift-makineleri\/","url":"https:\/\/www.k-mak.com\/urunlerimiz-2\/ithal-makinalar\/lift-makineleri\/","name":"\u0130THAL L\u0130FT MAK\u0130NELER\u0130 - K-MAK OTOMOT\u0130V SERV\u0130S EK\u0130PMANLARI","isPartOf":{"@id":"https:\/\/www.k-mak.com\/#website"},"datePublished":"2014-03-24T00:48:25+00:00","dateModified":"2014-04-11T23:26:46+00:00","breadcrumb":{"@id":"https:\/\/www.k-mak.com\/urunlerimiz-2\/ithal-makinalar\/lift-makineleri\/#breadcrumb"},"inLanguage":"en-US","potentialAction":[{"@type":"ReadAction","target":["https:\/\/www.k-mak.com\/urunlerimiz-2\/ithal-makinalar\/lift-makineleri\/"]}]},{"@type":"BreadcrumbList","@id":"https:\/\/www.k-mak.com\/urunlerimiz-2\/ithal-makinalar\/lift-makineleri\/#breadcrumb","itemListElement":[{"@type":"ListItem","position":1,"name":"Anasayfa","item":"https:\/\/www.k-mak.com\/"},{"@type":"ListItem","position":2,"name":"\u00dcR\u00dcNLER\u0130M\u0130Z","item":"https:\/\/www.k-mak.com\/urunlerimiz-2\/"},{"@type":"ListItem","position":3,"name":"\u0130THAL MAK\u0130NALAR","item":"https:\/\/www.k-mak.com\/urunlerimiz-2\/ithal-makinalar\/"},{"@type":"ListItem","position":4,"name":"\u0130THAL L\u0130FT MAK\u0130NELER\u0130"}]},{"@type":"WebSite","@id":"https:\/\/www.k-mak.com\/#website","url":"https:\/\/www.k-mak.com\/","name":"K-MAK OTOMOT\u0130V SERV\u0130S EK\u0130PMANLARI","description":"Jant D\u00fczeltme Makinalar\u0131 \u00fcretimini birinci elden ger\u00e7ekle\u015ftiren K-MAK Otomotiv Servis ekipmanlar\u0131 alan\u0131nda bulunan Jant d\u00fczeltme makinas\u0131 \u00fcretiminde y\u0131llardan bu yana en kaliteli \u00fcr\u00fcnleri i\u00e7 ve d\u0131\u015f piyasaya vermektedir. Jant d\u00fczeltme makinas\u0131 fiyatlar\u0131 \u00fcr\u00fcnlerin fonksiyonlar\u0131na g\u00f6re de\u011fi\u015fmektedir.","publisher":{"@id":"https:\/\/www.k-mak.com\/#organization"},"potentialAction":[{"@type":"SearchAction","target":{"@type":"EntryPoint","urlTemplate":"https:\/\/www.k-mak.com\/?s={search_term_string}"},"query-input":"required name=search_term_string"}],"inLanguage":"en-US"},{"@type":"Organization","@id":"https:\/\/www.k-mak.com\/#organization","name":"K-MAK OTOMOT\u0130V SERV\u0130S EK\u0130PMANLARI","url":"https:\/\/www.k-mak.com\/","sameAs":[],"logo":{"@type":"ImageObject","inLanguage":"en-US","@id":"https:\/\/www.k-mak.com\/#\/schema\/logo\/image\/","url":"https:\/\/www.k-mak.com\/wp-content\/uploads\/2022\/09\/LOGO...-removebg-preview-1.png","contentUrl":"https:\/\/www.k-mak.com\/wp-content\/uploads\/2022\/09\/LOGO...-removebg-preview-1.png","width":711,"height":351,"caption":"K-MAK OTOMOT\u0130V SERV\u0130S EK\u0130PMANLARI"},"image":{"@id":"https:\/\/www.k-mak.com\/#\/schema\/logo\/image\/"}}]}},"_links":{"self":[{"href":"https:\/\/www.k-mak.com\/en\/wp-json\/wp\/v2\/pages\/439"}],"collection":[{"href":"https:\/\/www.k-mak.com\/en\/wp-json\/wp\/v2\/pages"}],"about":[{"href":"https:\/\/www.k-mak.com\/en\/wp-json\/wp\/v2\/types\/page"}],"author":[{"embeddable":true,"href":"https:\/\/www.k-mak.com\/en\/wp-json\/wp\/v2\/users\/1"}],"replies":[{"embeddable":true,"href":"https:\/\/www.k-mak.com\/en\/wp-json\/wp\/v2\/comments?post=439"}],"version-history":[{"count":7,"href":"https:\/\/www.k-mak.com\/en\/wp-json\/wp\/v2\/pages\/439\/revisions"}],"predecessor-version":[{"id":854,"href":"https:\/\/www.k-mak.com\/en\/wp-json\/wp\/v2\/pages\/439\/revisions\/854"}],"up":[{"embeddable":true,"href":"https:\/\/www.k-mak.com\/en\/wp-json\/wp\/v2\/pages\/40"}],"wp:attachment":[{"href":"https:\/\/www.k-mak.com\/en\/wp-json\/wp\/v2\/media?parent=439"}],"curies":[{"name":"wp","href":"https:\/\/api.w.org\/{rel}","templated":true}]}}