{"id":48,"date":"2014-02-24T00:50:15","date_gmt":"2014-02-23T22:50:15","guid":{"rendered":"http:\/\/thelostest.org\/?page_id=48"},"modified":"2022-09-04T19:46:58","modified_gmt":"2022-09-04T16:46:58","slug":"hakkimizda","status":"publish","type":"page","link":"https:\/\/www.k-mak.com\/en\/hakkimizda\/","title":{"rendered":"<!--:de-->ABOUT US<!--:--><!--:en-->ABOUT US<!--:--><!--:TR-->ABOUT US<!--:-->"},"content":{"rendered":"<div data-elementor-type=\"wp-page\" data-elementor-id=\"48\" class=\"elementor elementor-48\">\n\t\t\t\t\t\t\t\t\t<section class=\"elementor-section elementor-top-section elementor-element elementor-element-23915f79 elementor-section-boxed elementor-section-height-default elementor-section-height-default parallax_section_no qode_elementor_container_no\" data-id=\"23915f79\" data-element_type=\"section\">\n\t\t\t\t\t\t<div class=\"elementor-container elementor-column-gap-default\">\n\t\t\t\t\t<div class=\"elementor-column elementor-col-100 elementor-top-column elementor-element elementor-element-166aa751\" data-id=\"166aa751\" data-element_type=\"column\">\n\t\t\t<div class=\"elementor-widget-wrap elementor-element-populated\">\n\t\t\t\t\t\t\t\t<div class=\"elementor-element elementor-element-cc514f6 elementor-aspect-ratio-169 elementor-widget elementor-widget-video\" data-id=\"cc514f6\" data-element_type=\"widget\" data-settings=\"{&quot;youtube_url&quot;:&quot;https:\\\/\\\/www.youtube.com\\\/watch?v=PbfwsR9f6l8&quot;,&quot;autoplay&quot;:&quot;yes&quot;,&quot;video_type&quot;:&quot;youtube&quot;,&quot;controls&quot;:&quot;yes&quot;,&quot;aspect_ratio&quot;:&quot;169&quot;}\" data-widget_type=\"video.default\">\n\t\t\t\t<div class=\"elementor-widget-container\">\n\t\t\t<style>\/*! elementor - v3.7.4 - 31-08-2022 *\/\n.elementor-widget-video .elementor-widget-container{overflow:hidden;-webkit-transform:translateZ(0);transform:translateZ(0)}.elementor-widget-video .elementor-open-inline .elementor-custom-embed-image-overlay{position:absolute;top:0;left:0;width:100%;height:100%;background-size:cover;background-position:50%}.elementor-widget-video .elementor-custom-embed-image-overlay{cursor:pointer;text-align:center}.elementor-widget-video .elementor-custom-embed-image-overlay:hover .elementor-custom-embed-play i{opacity:1}.elementor-widget-video .elementor-custom-embed-image-overlay img{display:block;width:100%}.elementor-widget-video .e-hosted-video .elementor-video{-o-object-fit:cover;object-fit:cover}.e-container>.elementor-widget-video{width:var(--container-widget-width,100%)}<\/style>\t\t<div class=\"elementor-wrapper elementor-fit-aspect-ratio elementor-open-inline\">\n\t\t\t<div class=\"elementor-video\"><\/div>\t\t<\/div>\n\t\t\t\t<\/div>\n\t\t\t\t<\/div>\n\t\t\t\t\t<\/div>\n\t\t<\/div>\n\t\t\t\t\t\t\t<\/div>\n\t\t<\/section>\n\t\t\t\t<section class=\"elementor-section elementor-top-section elementor-element elementor-element-886d900 elementor-section-boxed elementor-section-height-default elementor-section-height-default parallax_section_no qode_elementor_container_no\" data-id=\"886d900\" data-element_type=\"section\">\n\t\t\t\t\t\t<div class=\"elementor-container elementor-column-gap-default\">\n\t\t\t\t\t<div class=\"elementor-column elementor-col-100 elementor-top-column elementor-element elementor-element-70efae6\" data-id=\"70efae6\" data-element_type=\"column\">\n\t\t\t<div class=\"elementor-widget-wrap elementor-element-populated\">\n\t\t\t\t\t\t\t\t<div class=\"elementor-element elementor-element-da8c9a8 elementor-widget elementor-widget-spacer\" data-id=\"da8c9a8\" data-element_type=\"widget\" data-widget_type=\"spacer.default\">\n\t\t\t\t<div class=\"elementor-widget-container\">\n\t\t\t<style>\/*! elementor - v3.7.4 - 31-08-2022 *\/\n.elementor-column .elementor-spacer-inner{height:var(--spacer-size)}.e-container{--container-widget-width:100%}.e-container>.elementor-widget-spacer{width:var(--container-widget-width,var(--spacer-size));-ms-flex-item-align:stretch;align-self:stretch;-ms-flex-negative:0;flex-shrink:0}.e-container>.elementor-widget-spacer>.elementor-widget-container,.e-container>.elementor-widget-spacer>.elementor-widget-container>.elementor-spacer{height:100%}.e-container>.elementor-widget-spacer>.elementor-widget-container>.elementor-spacer>.elementor-spacer-inner{height:var(--container-widget-height,var(--spacer-size))}<\/style>\t\t<div class=\"elementor-spacer\">\n\t\t\t<div class=\"elementor-spacer-inner\"><\/div>\n\t\t<\/div>\n\t\t\t\t<\/div>\n\t\t\t\t<\/div>\n\t\t\t\t<div class=\"elementor-element elementor-element-416440b elementor-widget elementor-widget-text-editor\" data-id=\"416440b\" data-element_type=\"widget\" data-widget_type=\"text-editor.default\">\n\t\t\t\t<div class=\"elementor-widget-container\">\n\t\t\t<style>\/*! elementor - v3.7.4 - 31-08-2022 *\/\n.elementor-widget-text-editor.elementor-drop-cap-view-stacked .elementor-drop-cap{background-color:#818a91;color:#fff}.elementor-widget-text-editor.elementor-drop-cap-view-framed .elementor-drop-cap{color:#818a91;border:3px solid;background-color:transparent}.elementor-widget-text-editor:not(.elementor-drop-cap-view-default) .elementor-drop-cap{margin-top:8px}.elementor-widget-text-editor:not(.elementor-drop-cap-view-default) .elementor-drop-cap-letter{width:1em;height:1em}.elementor-widget-text-editor .elementor-drop-cap{float:left;text-align:center;line-height:1;font-size:50px}.elementor-widget-text-editor .elementor-drop-cap-letter{display:inline-block}<\/style>\t\t\t\t<h1 style=\"text-align: center;\"><span style=\"color: #800000;\"><strong>ABOUT K-MAK AUTOMOTIVE INDUSTRY<\/strong>\u00a0<\/span><\/h1><p style=\"text-align: justify;\"><strong><span style=\"font-size: small;\">K-MAK is an industrial production organization that carries out production activities in Turkey and most of its production activities are export-oriented. K-MAK was established in 1929 under the name of Tami\u015f in the field of welding, leveling and repair work, continued its development with the production of sleeves and axles in the 50s, and started to produce service equipment in the 90s.With 93 years of experience, K-MAK is one of the oldest companies in its field in Turkey and produces well-designed and designed, quality equipment by reinforcing its knowledge and experience from yesterday with today's technologies.<\/span><\/strong><\/p><p style=\"text-align: justify;\"><strong><span style=\"font-size: small; line-height: 1.5em;\">The significant improvement in sales is due to the products and professional work in marketing. Operations within K-MAK are divided into divisions and companies, each division is responsible for its own operations.<\/span><\/strong><\/p><h1 style=\"text-align: center;\"><span style=\"color: #800000;\"><strong>PRESENT AND FUTURE<\/strong><\/span><\/h1><p style=\"text-align: justify;\"><strong><span style=\"font-size: small; line-height: 1.5em;\">During its lifetime, K-MAK has made significant investments in its infrastructure, expanding its production facilities, improving its R&amp;D and Quality Control System, and fully computerizing its operations.<\/span><\/strong><\/p><p style=\"text-align: justify;\"><strong><span style=\"font-size: small; line-height: 1.5em;\">Of course, the investments made have played the most valuable role in the modernization of the company: its employees are developing and specializing their professions, personalities and experience in international production areas.<\/span><\/strong><\/p><p style=\"text-align: justify;\"><strong><span style=\"font-size: small; line-height: 1.5em;\">Many products have been added to the basic production program in the last few years. Many products have been redesigned and re-engineered. Sales programs are constantly updated and competition oriented.<\/span><\/strong><\/p><p><strong>Today K-MAK:<\/strong> <strong>- It continues its activities in 60 countries with different companies and major distributors in the international arena.<\/strong> <strong> - Production in Turkey 5.000 m<sup>2<\/sup>\u00a0realizes its production in 2 different production facilities in a closed area.<\/strong> <strong> - It is constantly growing with a turnover of millions of USD,<\/strong> <strong> - It uses advanced management systems and constantly updated production technologies,<\/strong> <strong> - It has an extensive production program focused on customer satisfaction and continuous improvement. The production factories are located in Adapazari, the most industrialized region in the north of Turkey, between Istanbul and Ankara.<\/strong><\/p><p style=\"text-align: justify;\"><strong><span style=\"font-size: small;\">Temel fabrika,\u00a0 3.400m<sup>2<\/sup>\u00a0 It is located in a building consisting of a single section in a closed area, in which the entire management department is located. In addition, marketing, foreign trade and sales general management are located in a separate building next to the factory.<\/span><\/strong><\/p><p><span style=\"color: #800000;\"><strong>K-MAK production program consists of the following products:<\/strong><\/span> <strong>- Tire Service Machines<\/strong> <strong> - Lift Machines<\/strong> <strong> - Tire Service Machines<\/strong> <strong> - Welding Machines<\/strong> <strong> - Other garage and service machines<\/strong><\/p><p style=\"text-align: justify;\"><strong><span style=\"font-size: small;\">\u00a0<\/span><span style=\"font-size: small;\">With its wide product portfolio, K-MAK is rapidly developing and growing together with its production partners in various countries. The countries where joint production and sales activities are carried out are Italy, France, England, Scandinavia, United States of America, Asia, India, Latin America.<\/span><\/strong><\/p><p><span style=\"color: #800000;\"><strong>RIM REFINISHING EQUIPMENT PRODUCTION<\/strong><\/span><\/p><p style=\"text-align: justify;\"><strong><span style=\"line-height: 1.5em; font-size: small;\">\u00a0<\/span><span style=\"line-height: 1.5em; font-size: small;\">The K-MAK program includes 10 different models of wheel straightening equipment: manual with hand pump, electro\u00a0<\/span><\/strong><strong><span style=\"line-height: 1.5em; font-size: small;\">mechanically and hydraulically operated, with and without lathe, professional type with special apparatus, combined with tire dismounting, computerized automatic, for motorcycle, truck bus group and more...<\/span><\/strong><\/p><p><span style=\"color: #800000;\"><strong>TIRE SERVICE EQUIPMENT PRODUCTION<\/strong><\/span><\/p><p style=\"text-align: justify;\"><strong><span style=\"line-height: 1.5em; font-size: small;\">\u00a0<\/span><span style=\"line-height: 1.5em; font-size: small;\">K-MAK currently manufactures 7 models of passenger car, heavy duty, construction machinery tire dismounting and mounting equipment, 2 models of tire welding equipment, platform lift (pneumatic), shocking tubes.<\/span><\/strong><\/p><p style=\"text-align: justify;\"><strong><span style=\"font-size: small;\"> Other service equipment produced are welding machines, scissor curving machines, drum and disk lathes, hydraulic presses. Tomorrow K-MAK ...will be bigger and better...<\/span><\/strong><\/p>\t\t\t\t\t\t<\/div>\n\t\t\t\t<\/div>\n\t\t\t\t\t<\/div>\n\t\t<\/div>\n\t\t\t\t\t\t\t<\/div>\n\t\t<\/section>\n\t\t\t\t\t\t\t<\/div>","protected":false},"excerpt":{"rendered":"<p>K-MAK OTOMOT\u0130V SANAY\u0130 HAKKINDA\u00a0 K-MAK T\u00fcrkiye &#8216;de \u00fcretim faaliyetleri y\u00fcr\u00fcten ve \u00fcretim faaliyetlerinin b\u00fcy\u00fck b\u00f6l\u00fcm\u00fc ihracat a\u011f\u0131rl\u0131kl\u0131 olan bir sanayi \u00fcretim kurulu\u015fudur. A\u011f\u0131rl\u0131kl\u0131 \u00fcretimi Jant D\u00fczeltme Makinalar\u0131, Lastik ve Otomotiv\u00a0 Ekipmanlar\u0131d\u0131r.1929 y\u0131ll\u0131nda kaynak\u00e7\u0131l\u0131k, tesviye ve tamir i\u015fleri dal\u0131nda Tami\u015f ad\u0131yla kurulan K-MAK, 50 &#8216;li y\u0131llarda&#8230;<\/p>","protected":false},"author":1,"featured_media":0,"parent":0,"menu_order":0,"comment_status":"open","ping_status":"open","template":"","meta":{"_mi_skip_tracking":false},"yoast_head":"<!-- This site is optimized with the Yoast SEO plugin v19.6.1 - https:\/\/yoast.com\/wordpress\/plugins\/seo\/ -->\r\n<title>HAKKIMIZDAABOUT USHAKKIMIZDA - K-MAK OTOMOT\u0130V SERV\u0130S EK\u0130PMANLARI<\/title>\r\n<meta name=\"robots\" content=\"index, follow, max-snippet:-1, max-image-preview:large, max-video-preview:-1\" \/>\r\n<link rel=\"canonical\" href=\"https:\/\/www.k-mak.com\/en\/hakkimizda\/\" \/>\r\n<meta property=\"og:locale\" content=\"en_US\" \/>\r\n<meta property=\"og:type\" content=\"article\" \/>\r\n<meta property=\"og:title\" content=\"HAKKIMIZDAABOUT USHAKKIMIZDA - K-MAK OTOMOT\u0130V SERV\u0130S EK\u0130PMANLARI\" \/>\r\n<meta property=\"og:description\" content=\"K-MAK OTOMOT\u0130V SANAY\u0130 HAKKINDA\u00a0 K-MAK T\u00fcrkiye &#8216;de \u00fcretim faaliyetleri y\u00fcr\u00fcten ve \u00fcretim faaliyetlerinin b\u00fcy\u00fck b\u00f6l\u00fcm\u00fc ihracat a\u011f\u0131rl\u0131kl\u0131 olan bir sanayi \u00fcretim kurulu\u015fudur. A\u011f\u0131rl\u0131kl\u0131 \u00fcretimi Jant D\u00fczeltme Makinalar\u0131, Lastik ve Otomotiv\u00a0 Ekipmanlar\u0131d\u0131r.1929 y\u0131ll\u0131nda kaynak\u00e7\u0131l\u0131k, tesviye ve tamir i\u015fleri dal\u0131nda Tami\u015f ad\u0131yla kurulan K-MAK, 50 &#8216;li y\u0131llarda...\" \/>\r\n<meta property=\"og:url\" content=\"https:\/\/www.k-mak.com\/en\/hakkimizda\/\" \/>\r\n<meta property=\"og:site_name\" content=\"K-MAK OTOMOT\u0130V SERV\u0130S EK\u0130PMANLARI\" \/>\r\n<meta property=\"article:modified_time\" content=\"2022-09-04T16:46:58+00:00\" \/>\r\n<meta name=\"twitter:card\" content=\"summary_large_image\" \/>\r\n<meta name=\"twitter:label1\" content=\"Est. reading time\" \/>\n\t<meta name=\"twitter:data1\" content=\"3 minutes\" \/>\r\n<script type=\"application\/ld+json\" class=\"yoast-schema-graph\">{\"@context\":\"https:\/\/schema.org\",\"@graph\":[{\"@type\":\"WebPage\",\"@id\":\"https:\/\/www.k-mak.com\/hakkimizda\/\",\"url\":\"https:\/\/www.k-mak.com\/hakkimizda\/\",\"name\":\"HAKKIMIZDAABOUT USHAKKIMIZDA - K-MAK OTOMOT\u0130V SERV\u0130S EK\u0130PMANLARI\",\"isPartOf\":{\"@id\":\"https:\/\/www.k-mak.com\/#website\"},\"datePublished\":\"2014-02-23T22:50:15+00:00\",\"dateModified\":\"2022-09-04T16:46:58+00:00\",\"breadcrumb\":{\"@id\":\"https:\/\/www.k-mak.com\/hakkimizda\/#breadcrumb\"},\"inLanguage\":\"en-US\",\"potentialAction\":[{\"@type\":\"ReadAction\",\"target\":[\"https:\/\/www.k-mak.com\/hakkimizda\/\"]}]},{\"@type\":\"BreadcrumbList\",\"@id\":\"https:\/\/www.k-mak.com\/hakkimizda\/#breadcrumb\",\"itemListElement\":[{\"@type\":\"ListItem\",\"position\":1,\"name\":\"Anasayfa\",\"item\":\"https:\/\/www.k-mak.com\/\"},{\"@type\":\"ListItem\",\"position\":2,\"name\":\"HAKKIMIZDAABOUT USHAKKIMIZDA\"}]},{\"@type\":\"WebSite\",\"@id\":\"https:\/\/www.k-mak.com\/#website\",\"url\":\"https:\/\/www.k-mak.com\/\",\"name\":\"K-MAK OTOMOT\u0130V SERV\u0130S EK\u0130PMANLARI\",\"description\":\"Jant D\u00fczeltme Makinalar\u0131 \u00fcretimini birinci elden ger\u00e7ekle\u015ftiren K-MAK Otomotiv Servis ekipmanlar\u0131 alan\u0131nda bulunan Jant d\u00fczeltme makinas\u0131 \u00fcretiminde y\u0131llardan bu yana en kaliteli \u00fcr\u00fcnleri i\u00e7 ve d\u0131\u015f piyasaya vermektedir. Jant d\u00fczeltme makinas\u0131 fiyatlar\u0131 \u00fcr\u00fcnlerin fonksiyonlar\u0131na g\u00f6re de\u011fi\u015fmektedir.\",\"publisher\":{\"@id\":\"https:\/\/www.k-mak.com\/#organization\"},\"potentialAction\":[{\"@type\":\"SearchAction\",\"target\":{\"@type\":\"EntryPoint\",\"urlTemplate\":\"https:\/\/www.k-mak.com\/?s={search_term_string}\"},\"query-input\":\"required name=search_term_string\"}],\"inLanguage\":\"en-US\"},{\"@type\":\"Organization\",\"@id\":\"https:\/\/www.k-mak.com\/#organization\",\"name\":\"K-MAK OTOMOT\u0130V SERV\u0130S EK\u0130PMANLARI\",\"url\":\"https:\/\/www.k-mak.com\/\",\"sameAs\":[],\"logo\":{\"@type\":\"ImageObject\",\"inLanguage\":\"en-US\",\"@id\":\"https:\/\/www.k-mak.com\/#\/schema\/logo\/image\/\",\"url\":\"https:\/\/www.k-mak.com\/wp-content\/uploads\/2022\/09\/LOGO...-removebg-preview-1.png\",\"contentUrl\":\"https:\/\/www.k-mak.com\/wp-content\/uploads\/2022\/09\/LOGO...-removebg-preview-1.png\",\"width\":711,\"height\":351,\"caption\":\"K-MAK OTOMOT\u0130V SERV\u0130S EK\u0130PMANLARI\"},\"image\":{\"@id\":\"https:\/\/www.k-mak.com\/#\/schema\/logo\/image\/\"}}]}<\/script>\r\n<!-- \/ Yoast SEO plugin. -->","yoast_head_json":{"title":"HAKKIMIZDAABOUT USHAKKIMIZDA - K-MAK OTOMOT\u0130V SERV\u0130S EK\u0130PMANLARI","robots":{"index":"index","follow":"follow","max-snippet":"max-snippet:-1","max-image-preview":"max-image-preview:large","max-video-preview":"max-video-preview:-1"},"canonical":"https:\/\/www.k-mak.com\/en\/hakkimizda\/","og_locale":"en_US","og_type":"article","og_title":"HAKKIMIZDAABOUT USHAKKIMIZDA - K-MAK OTOMOT\u0130V SERV\u0130S EK\u0130PMANLARI","og_description":"K-MAK OTOMOT\u0130V SANAY\u0130 HAKKINDA\u00a0 K-MAK T\u00fcrkiye &#8216;de \u00fcretim faaliyetleri y\u00fcr\u00fcten ve \u00fcretim faaliyetlerinin b\u00fcy\u00fck b\u00f6l\u00fcm\u00fc ihracat a\u011f\u0131rl\u0131kl\u0131 olan bir sanayi \u00fcretim kurulu\u015fudur. A\u011f\u0131rl\u0131kl\u0131 \u00fcretimi Jant D\u00fczeltme Makinalar\u0131, Lastik ve Otomotiv\u00a0 Ekipmanlar\u0131d\u0131r.1929 y\u0131ll\u0131nda kaynak\u00e7\u0131l\u0131k, tesviye ve tamir i\u015fleri dal\u0131nda Tami\u015f ad\u0131yla kurulan K-MAK, 50 &#8216;li y\u0131llarda...","og_url":"https:\/\/www.k-mak.com\/en\/hakkimizda\/","og_site_name":"K-MAK OTOMOT\u0130V SERV\u0130S EK\u0130PMANLARI","article_modified_time":"2022-09-04T16:46:58+00:00","twitter_card":"summary_large_image","twitter_misc":{"Est. reading time":"3 minutes"},"schema":{"@context":"https:\/\/schema.org","@graph":[{"@type":"WebPage","@id":"https:\/\/www.k-mak.com\/hakkimizda\/","url":"https:\/\/www.k-mak.com\/hakkimizda\/","name":"HAKKIMIZDAABOUT USHAKKIMIZDA - K-MAK OTOMOT\u0130V SERV\u0130S EK\u0130PMANLARI","isPartOf":{"@id":"https:\/\/www.k-mak.com\/#website"},"datePublished":"2014-02-23T22:50:15+00:00","dateModified":"2022-09-04T16:46:58+00:00","breadcrumb":{"@id":"https:\/\/www.k-mak.com\/hakkimizda\/#breadcrumb"},"inLanguage":"en-US","potentialAction":[{"@type":"ReadAction","target":["https:\/\/www.k-mak.com\/hakkimizda\/"]}]},{"@type":"BreadcrumbList","@id":"https:\/\/www.k-mak.com\/hakkimizda\/#breadcrumb","itemListElement":[{"@type":"ListItem","position":1,"name":"Anasayfa","item":"https:\/\/www.k-mak.com\/"},{"@type":"ListItem","position":2,"name":"HAKKIMIZDAABOUT USHAKKIMIZDA"}]},{"@type":"WebSite","@id":"https:\/\/www.k-mak.com\/#website","url":"https:\/\/www.k-mak.com\/","name":"K-MAK OTOMOT\u0130V SERV\u0130S EK\u0130PMANLARI","description":"Jant D\u00fczeltme Makinalar\u0131 \u00fcretimini birinci elden ger\u00e7ekle\u015ftiren K-MAK Otomotiv Servis ekipmanlar\u0131 alan\u0131nda bulunan Jant d\u00fczeltme makinas\u0131 \u00fcretiminde y\u0131llardan bu yana en kaliteli \u00fcr\u00fcnleri i\u00e7 ve d\u0131\u015f piyasaya vermektedir. Jant d\u00fczeltme makinas\u0131 fiyatlar\u0131 \u00fcr\u00fcnlerin fonksiyonlar\u0131na g\u00f6re de\u011fi\u015fmektedir.","publisher":{"@id":"https:\/\/www.k-mak.com\/#organization"},"potentialAction":[{"@type":"SearchAction","target":{"@type":"EntryPoint","urlTemplate":"https:\/\/www.k-mak.com\/?s={search_term_string}"},"query-input":"required name=search_term_string"}],"inLanguage":"en-US"},{"@type":"Organization","@id":"https:\/\/www.k-mak.com\/#organization","name":"K-MAK OTOMOT\u0130V SERV\u0130S EK\u0130PMANLARI","url":"https:\/\/www.k-mak.com\/","sameAs":[],"logo":{"@type":"ImageObject","inLanguage":"en-US","@id":"https:\/\/www.k-mak.com\/#\/schema\/logo\/image\/","url":"https:\/\/www.k-mak.com\/wp-content\/uploads\/2022\/09\/LOGO...-removebg-preview-1.png","contentUrl":"https:\/\/www.k-mak.com\/wp-content\/uploads\/2022\/09\/LOGO...-removebg-preview-1.png","width":711,"height":351,"caption":"K-MAK OTOMOT\u0130V SERV\u0130S EK\u0130PMANLARI"},"image":{"@id":"https:\/\/www.k-mak.com\/#\/schema\/logo\/image\/"}}]}},"_links":{"self":[{"href":"https:\/\/www.k-mak.com\/en\/wp-json\/wp\/v2\/pages\/48"}],"collection":[{"href":"https:\/\/www.k-mak.com\/en\/wp-json\/wp\/v2\/pages"}],"about":[{"href":"https:\/\/www.k-mak.com\/en\/wp-json\/wp\/v2\/types\/page"}],"author":[{"embeddable":true,"href":"https:\/\/www.k-mak.com\/en\/wp-json\/wp\/v2\/users\/1"}],"replies":[{"embeddable":true,"href":"https:\/\/www.k-mak.com\/en\/wp-json\/wp\/v2\/comments?post=48"}],"version-history":[{"count":21,"href":"https:\/\/www.k-mak.com\/en\/wp-json\/wp\/v2\/pages\/48\/revisions"}],"predecessor-version":[{"id":2257,"href":"https:\/\/www.k-mak.com\/en\/wp-json\/wp\/v2\/pages\/48\/revisions\/2257"}],"wp:attachment":[{"href":"https:\/\/www.k-mak.com\/en\/wp-json\/wp\/v2\/media?parent=48"}],"curies":[{"name":"wp","href":"https:\/\/api.w.org\/{rel}","templated":true}]}}