{"id":683,"date":"2014-04-09T23:53:57","date_gmt":"2014-04-09T20:53:57","guid":{"rendered":"http:\/\/www.k-mak.com\/?page_id=683"},"modified":"2014-04-09T23:59:12","modified_gmt":"2014-04-09T20:59:12","slug":"vidali-komresorler","status":"publish","type":"page","link":"https:\/\/www.k-mak.com\/en\/urunlerimiz-2\/yerli-makinalar\/kompresor-makineleri\/vidali-komresorler\/","title":{"rendered":"V\u0130DALI KOMRES\u00d6RLER"},"content":{"rendered":"<div class=\"vc_row wpb_row vc_row-fluid\"><div class=\"wpb_column vc_column_container vc_col-sm-12\"><div class=\"vc_column-inner\"><div class=\"wpb_wrapper\">\n\t<div  class=\"wpb_single_image wpb_content_element vc_align_left\">\n\t\t\n\t\t<figure class=\"wpb_wrapper vc_figure\">\n\t\t\t<div class=\"vc_single_image-wrapper   vc_box_border_grey\"><img class=\"vc_single_image-img\" src=\"https:\/\/www.k-mak.com\/wp-content\/uploads\/2014\/04\/yeni-vidal\u0131-komp.jpg\" width=\"817\" height=\"649\" alt=\"yeni-vidal\u0131-komp\" title=\"yeni-vidal\u0131-komp\" \/><\/div>\n\t\t<\/figure>\n\t<\/div>\n<\/div><\/div><\/div><\/div>","protected":false},"excerpt":{"rendered":"","protected":false},"author":1,"featured_media":0,"parent":334,"menu_order":0,"comment_status":"open","ping_status":"open","template":"","meta":{"_mi_skip_tracking":false},"yoast_head":"<!-- This site is optimized with the Yoast SEO plugin v19.6.1 - https:\/\/yoast.com\/wordpress\/plugins\/seo\/ -->\r\n<title>V\u0130DALI KOMRES\u00d6RLER - K-MAK OTOMOT\u0130V SERV\u0130S EK\u0130PMANLARI<\/title>\r\n<meta name=\"robots\" content=\"index, follow, max-snippet:-1, max-image-preview:large, max-video-preview:-1\" \/>\r\n<link rel=\"canonical\" href=\"https:\/\/www.k-mak.com\/en\/urunlerimiz-2\/yerli-makinalar\/kompresor-makineleri\/vidali-komresorler\/\" \/>\r\n<meta property=\"og:locale\" content=\"en_US\" \/>\r\n<meta property=\"og:type\" content=\"article\" \/>\r\n<meta property=\"og:title\" content=\"V\u0130DALI KOMRES\u00d6RLER - K-MAK OTOMOT\u0130V SERV\u0130S EK\u0130PMANLARI\" \/>\r\n<meta property=\"og:url\" content=\"https:\/\/www.k-mak.com\/en\/urunlerimiz-2\/yerli-makinalar\/kompresor-makineleri\/vidali-komresorler\/\" \/>\r\n<meta property=\"og:site_name\" content=\"K-MAK OTOMOT\u0130V SERV\u0130S EK\u0130PMANLARI\" \/>\r\n<meta property=\"article:modified_time\" content=\"2014-04-09T20:59:12+00:00\" \/>\r\n<meta name=\"twitter:card\" content=\"summary_large_image\" \/>\r\n<script type=\"application\/ld+json\" class=\"yoast-schema-graph\">{\"@context\":\"https:\/\/schema.org\",\"@graph\":[{\"@type\":\"WebPage\",\"@id\":\"https:\/\/www.k-mak.com\/urunlerimiz-2\/yerli-makinalar\/kompresor-makineleri\/vidali-komresorler\/\",\"url\":\"https:\/\/www.k-mak.com\/urunlerimiz-2\/yerli-makinalar\/kompresor-makineleri\/vidali-komresorler\/\",\"name\":\"V\u0130DALI KOMRES\u00d6RLER - K-MAK OTOMOT\u0130V SERV\u0130S EK\u0130PMANLARI\",\"isPartOf\":{\"@id\":\"https:\/\/www.k-mak.com\/#website\"},\"datePublished\":\"2014-04-09T20:53:57+00:00\",\"dateModified\":\"2014-04-09T20:59:12+00:00\",\"breadcrumb\":{\"@id\":\"https:\/\/www.k-mak.com\/urunlerimiz-2\/yerli-makinalar\/kompresor-makineleri\/vidali-komresorler\/#breadcrumb\"},\"inLanguage\":\"en-US\",\"potentialAction\":[{\"@type\":\"ReadAction\",\"target\":[\"https:\/\/www.k-mak.com\/urunlerimiz-2\/yerli-makinalar\/kompresor-makineleri\/vidali-komresorler\/\"]}]},{\"@type\":\"BreadcrumbList\",\"@id\":\"https:\/\/www.k-mak.com\/urunlerimiz-2\/yerli-makinalar\/kompresor-makineleri\/vidali-komresorler\/#breadcrumb\",\"itemListElement\":[{\"@type\":\"ListItem\",\"position\":1,\"name\":\"Anasayfa\",\"item\":\"https:\/\/www.k-mak.com\/\"},{\"@type\":\"ListItem\",\"position\":2,\"name\":\"\u00dcR\u00dcNLER\u0130M\u0130Z\",\"item\":\"https:\/\/www.k-mak.com\/urunlerimiz-2\/\"},{\"@type\":\"ListItem\",\"position\":3,\"name\":\"YERL\u0130 MAK\u0130NALAR\",\"item\":\"https:\/\/www.k-mak.com\/urunlerimiz-2\/yerli-makinalar\/\"},{\"@type\":\"ListItem\",\"position\":4,\"name\":\"KOMPRES\u00d6R MAK\u0130NELER\u0130\",\"item\":\"https:\/\/www.k-mak.com\/urunlerimiz-2\/yerli-makinalar\/kompresor-makineleri\/\"},{\"@type\":\"ListItem\",\"position\":5,\"name\":\"V\u0130DALI KOMRES\u00d6RLER\"}]},{\"@type\":\"WebSite\",\"@id\":\"https:\/\/www.k-mak.com\/#website\",\"url\":\"https:\/\/www.k-mak.com\/\",\"name\":\"K-MAK OTOMOT\u0130V SERV\u0130S EK\u0130PMANLARI\",\"description\":\"Jant D\u00fczeltme Makinalar\u0131 \u00fcretimini birinci elden ger\u00e7ekle\u015ftiren K-MAK Otomotiv Servis ekipmanlar\u0131 alan\u0131nda bulunan Jant d\u00fczeltme makinas\u0131 \u00fcretiminde y\u0131llardan bu yana en kaliteli \u00fcr\u00fcnleri i\u00e7 ve d\u0131\u015f piyasaya vermektedir. Jant d\u00fczeltme makinas\u0131 fiyatlar\u0131 \u00fcr\u00fcnlerin fonksiyonlar\u0131na g\u00f6re de\u011fi\u015fmektedir.\",\"publisher\":{\"@id\":\"https:\/\/www.k-mak.com\/#organization\"},\"potentialAction\":[{\"@type\":\"SearchAction\",\"target\":{\"@type\":\"EntryPoint\",\"urlTemplate\":\"https:\/\/www.k-mak.com\/?s={search_term_string}\"},\"query-input\":\"required name=search_term_string\"}],\"inLanguage\":\"en-US\"},{\"@type\":\"Organization\",\"@id\":\"https:\/\/www.k-mak.com\/#organization\",\"name\":\"K-MAK OTOMOT\u0130V SERV\u0130S EK\u0130PMANLARI\",\"url\":\"https:\/\/www.k-mak.com\/\",\"sameAs\":[],\"logo\":{\"@type\":\"ImageObject\",\"inLanguage\":\"en-US\",\"@id\":\"https:\/\/www.k-mak.com\/#\/schema\/logo\/image\/\",\"url\":\"https:\/\/www.k-mak.com\/wp-content\/uploads\/2022\/09\/LOGO...-removebg-preview-1.png\",\"contentUrl\":\"https:\/\/www.k-mak.com\/wp-content\/uploads\/2022\/09\/LOGO...-removebg-preview-1.png\",\"width\":711,\"height\":351,\"caption\":\"K-MAK OTOMOT\u0130V SERV\u0130S EK\u0130PMANLARI\"},\"image\":{\"@id\":\"https:\/\/www.k-mak.com\/#\/schema\/logo\/image\/\"}}]}<\/script>\r\n<!-- \/ Yoast SEO plugin. -->","yoast_head_json":{"title":"V\u0130DALI KOMRES\u00d6RLER - K-MAK OTOMOT\u0130V SERV\u0130S EK\u0130PMANLARI","robots":{"index":"index","follow":"follow","max-snippet":"max-snippet:-1","max-image-preview":"max-image-preview:large","max-video-preview":"max-video-preview:-1"},"canonical":"https:\/\/www.k-mak.com\/en\/urunlerimiz-2\/yerli-makinalar\/kompresor-makineleri\/vidali-komresorler\/","og_locale":"en_US","og_type":"article","og_title":"V\u0130DALI KOMRES\u00d6RLER - K-MAK OTOMOT\u0130V SERV\u0130S EK\u0130PMANLARI","og_url":"https:\/\/www.k-mak.com\/en\/urunlerimiz-2\/yerli-makinalar\/kompresor-makineleri\/vidali-komresorler\/","og_site_name":"K-MAK OTOMOT\u0130V SERV\u0130S EK\u0130PMANLARI","article_modified_time":"2014-04-09T20:59:12+00:00","twitter_card":"summary_large_image","schema":{"@context":"https:\/\/schema.org","@graph":[{"@type":"WebPage","@id":"https:\/\/www.k-mak.com\/urunlerimiz-2\/yerli-makinalar\/kompresor-makineleri\/vidali-komresorler\/","url":"https:\/\/www.k-mak.com\/urunlerimiz-2\/yerli-makinalar\/kompresor-makineleri\/vidali-komresorler\/","name":"V\u0130DALI KOMRES\u00d6RLER - K-MAK OTOMOT\u0130V SERV\u0130S EK\u0130PMANLARI","isPartOf":{"@id":"https:\/\/www.k-mak.com\/#website"},"datePublished":"2014-04-09T20:53:57+00:00","dateModified":"2014-04-09T20:59:12+00:00","breadcrumb":{"@id":"https:\/\/www.k-mak.com\/urunlerimiz-2\/yerli-makinalar\/kompresor-makineleri\/vidali-komresorler\/#breadcrumb"},"inLanguage":"en-US","potentialAction":[{"@type":"ReadAction","target":["https:\/\/www.k-mak.com\/urunlerimiz-2\/yerli-makinalar\/kompresor-makineleri\/vidali-komresorler\/"]}]},{"@type":"BreadcrumbList","@id":"https:\/\/www.k-mak.com\/urunlerimiz-2\/yerli-makinalar\/kompresor-makineleri\/vidali-komresorler\/#breadcrumb","itemListElement":[{"@type":"ListItem","position":1,"name":"Anasayfa","item":"https:\/\/www.k-mak.com\/"},{"@type":"ListItem","position":2,"name":"\u00dcR\u00dcNLER\u0130M\u0130Z","item":"https:\/\/www.k-mak.com\/urunlerimiz-2\/"},{"@type":"ListItem","position":3,"name":"YERL\u0130 MAK\u0130NALAR","item":"https:\/\/www.k-mak.com\/urunlerimiz-2\/yerli-makinalar\/"},{"@type":"ListItem","position":4,"name":"KOMPRES\u00d6R MAK\u0130NELER\u0130","item":"https:\/\/www.k-mak.com\/urunlerimiz-2\/yerli-makinalar\/kompresor-makineleri\/"},{"@type":"ListItem","position":5,"name":"V\u0130DALI KOMRES\u00d6RLER"}]},{"@type":"WebSite","@id":"https:\/\/www.k-mak.com\/#website","url":"https:\/\/www.k-mak.com\/","name":"K-MAK OTOMOT\u0130V SERV\u0130S EK\u0130PMANLARI","description":"Jant D\u00fczeltme Makinalar\u0131 \u00fcretimini birinci elden ger\u00e7ekle\u015ftiren K-MAK Otomotiv Servis ekipmanlar\u0131 alan\u0131nda bulunan Jant d\u00fczeltme makinas\u0131 \u00fcretiminde y\u0131llardan bu yana en kaliteli \u00fcr\u00fcnleri i\u00e7 ve d\u0131\u015f piyasaya vermektedir. Jant d\u00fczeltme makinas\u0131 fiyatlar\u0131 \u00fcr\u00fcnlerin fonksiyonlar\u0131na g\u00f6re de\u011fi\u015fmektedir.","publisher":{"@id":"https:\/\/www.k-mak.com\/#organization"},"potentialAction":[{"@type":"SearchAction","target":{"@type":"EntryPoint","urlTemplate":"https:\/\/www.k-mak.com\/?s={search_term_string}"},"query-input":"required name=search_term_string"}],"inLanguage":"en-US"},{"@type":"Organization","@id":"https:\/\/www.k-mak.com\/#organization","name":"K-MAK OTOMOT\u0130V SERV\u0130S EK\u0130PMANLARI","url":"https:\/\/www.k-mak.com\/","sameAs":[],"logo":{"@type":"ImageObject","inLanguage":"en-US","@id":"https:\/\/www.k-mak.com\/#\/schema\/logo\/image\/","url":"https:\/\/www.k-mak.com\/wp-content\/uploads\/2022\/09\/LOGO...-removebg-preview-1.png","contentUrl":"https:\/\/www.k-mak.com\/wp-content\/uploads\/2022\/09\/LOGO...-removebg-preview-1.png","width":711,"height":351,"caption":"K-MAK OTOMOT\u0130V SERV\u0130S EK\u0130PMANLARI"},"image":{"@id":"https:\/\/www.k-mak.com\/#\/schema\/logo\/image\/"}}]}},"_links":{"self":[{"href":"https:\/\/www.k-mak.com\/en\/wp-json\/wp\/v2\/pages\/683"}],"collection":[{"href":"https:\/\/www.k-mak.com\/en\/wp-json\/wp\/v2\/pages"}],"about":[{"href":"https:\/\/www.k-mak.com\/en\/wp-json\/wp\/v2\/types\/page"}],"author":[{"embeddable":true,"href":"https:\/\/www.k-mak.com\/en\/wp-json\/wp\/v2\/users\/1"}],"replies":[{"embeddable":true,"href":"https:\/\/www.k-mak.com\/en\/wp-json\/wp\/v2\/comments?post=683"}],"version-history":[{"count":3,"href":"https:\/\/www.k-mak.com\/en\/wp-json\/wp\/v2\/pages\/683\/revisions"}],"predecessor-version":[{"id":685,"href":"https:\/\/www.k-mak.com\/en\/wp-json\/wp\/v2\/pages\/683\/revisions\/685"}],"up":[{"embeddable":true,"href":"https:\/\/www.k-mak.com\/en\/wp-json\/wp\/v2\/pages\/334"}],"wp:attachment":[{"href":"https:\/\/www.k-mak.com\/en\/wp-json\/wp\/v2\/media?parent=683"}],"curies":[{"name":"wp","href":"https:\/\/api.w.org\/{rel}","templated":true}]}}