{"id":739,"date":"2014-04-10T02:54:12","date_gmt":"2014-04-09T23:54:12","guid":{"rendered":"http:\/\/www.k-mak.com\/?page_id=739"},"modified":"2014-04-10T03:00:33","modified_gmt":"2014-04-10T00:00:33","slug":"as-904","status":"publish","type":"page","link":"https:\/\/www.k-mak.com\/en\/urunlerimiz-2\/ithal-makinalar\/lastik-servis-makinalari\/as-904\/","title":{"rendered":"AS 904"},"content":{"rendered":"<div class=\"vc_row wpb_row vc_row-fluid\"><div class=\"wpb_column vc_column_container vc_col-sm-12\"><div class=\"vc_column-inner\"><div class=\"wpb_wrapper\">\n\t<div  class=\"wpb_single_image wpb_content_element vc_align_left\">\n\t\t\n\t\t<figure class=\"wpb_wrapper vc_figure\">\n\t\t\t<div class=\"vc_single_image-wrapper   vc_box_border_grey\"><img class=\"vc_single_image-img\" src=\"https:\/\/www.k-mak.com\/wp-content\/uploads\/2014\/04\/as904.jpg\" width=\"700\" height=\"589\" alt=\"as904\" title=\"as904\" \/><\/div>\n\t\t<\/figure>\n\t<\/div>\n<\/div><\/div><\/div><\/div><div class=\"vc_row wpb_row vc_row-fluid\"><div class=\"wpb_column vc_column_container vc_col-sm-12\"><div class=\"vc_column-inner\"><div class=\"wpb_wrapper\">[vc_meta_block title=&#8221;AS 904 TEKN\u0130K \u00d6ZELL\u0130KLER&#8221; icon_color=&#8221;#555&#8243;]<\/p>\n<table width=\"640\" border=\"0\" cellspacing=\"0\" cellpadding=\"0\" align=\"center\">\n<tbody>\n<tr>\n<td width=\"315\">\n<h4><span style=\"color: #000000;\"><strong>JANT \u00c7API<\/strong><\/span><\/h4>\n<\/td>\n<td width=\"315\">\n<h4><span style=\"color: #000000;\"><strong>10&#8243; 23&#8243;<\/strong><\/span><\/h4>\n<\/td>\n<\/tr>\n<tr>\n<td>\n<h4><span style=\"color: #000000;\"><strong>MAX. TEKERLEK\u00a0 GEN\u0130\u015eL\u0130\u011e\u0130<\/strong><\/span><\/h4>\n<\/td>\n<td>\n<h4><span style=\"color: #000000;\"><strong>12&#8243;<\/strong><\/span><\/h4>\n<\/td>\n<\/tr>\n<tr>\n<td>\n<h4><span style=\"color: #000000;\"><strong>MAX. TEKERLEK \u00c7API<\/strong><\/span><\/h4>\n<\/td>\n<td>\n<h4><span style=\"color: #000000;\"><strong>980 mm<\/strong><\/span><\/h4>\n<\/td>\n<\/tr>\n<tr>\n<td>\n<h4><span style=\"color: #000000;\"><strong>DAMAK D\u00dc\u015e\u00dcR\u00dcC\u00dc ARALI\u011eI<\/strong><\/span><\/h4>\n<\/td>\n<td>\n<h4><span style=\"color: #000000;\"><strong>320 mm<\/strong><\/span><\/h4>\n<\/td>\n<\/tr>\n<tr>\n<td height=\"27\">\n<h4><span style=\"color: #000000;\"><strong>MOTOR G\u00dcC\u00dc<\/strong><\/span><\/h4>\n<\/td>\n<td>\n<h4><span style=\"color: #000000;\"><strong>0,55 kW<\/strong><\/span><\/h4>\n<\/td>\n<\/tr>\n<tr>\n<td>\n<h4><span style=\"color: #000000;\"><strong>D\u00d6N\u00dc\u015e HIZI<\/strong><\/span><\/h4>\n<\/td>\n<td>\n<h4><span style=\"color: #000000;\"><strong>6,5 RPM<\/strong><\/span><\/h4>\n<\/td>\n<\/tr>\n<tr>\n<td>\n<h4><span style=\"color: #000000;\"><strong>OPERATING PRESSURE<\/strong><\/span><\/h4>\n<\/td>\n<td>\n<h4><span style=\"color: #000000;\"><strong>10 bar<\/strong><\/span><\/h4>\n<\/td>\n<\/tr>\n<\/tbody>\n<\/table>\n<p>[\/vc_meta_block]<\/div><\/div><\/div><\/div>","protected":false},"excerpt":{"rendered":"[vc_meta_block title=\"AS 904 TEKN\u0130K \u00d6ZELL\u0130KLER\" icon_color=\"#555\"] JANT \u00c7API 10\" 23\" MAX. TEKERLEK\u00a0 GEN\u0130\u015eL\u0130\u011e\u0130 12\" MAX. TEKERLEK \u00c7API 980 mm DAMAK D\u00dc\u015e\u00dcR\u00dcC\u00dc ARALI\u011eI 320 mm MOTOR G\u00dcC\u00dc 0,55 kW D\u00d6N\u00dc\u015e HIZI 6,5 RPM \u00c7ALI\u015eMA BASINCI 10 bar [\/vc_meta_block]","protected":false},"author":1,"featured_media":0,"parent":402,"menu_order":0,"comment_status":"open","ping_status":"open","template":"","meta":{"_mi_skip_tracking":false},"yoast_head":"<!-- This site is optimized with the Yoast SEO plugin v19.6.1 - https:\/\/yoast.com\/wordpress\/plugins\/seo\/ -->\r\n<title>AS 904 - K-MAK OTOMOT\u0130V SERV\u0130S EK\u0130PMANLARI<\/title>\r\n<meta name=\"robots\" content=\"index, follow, max-snippet:-1, max-image-preview:large, max-video-preview:-1\" \/>\r\n<link rel=\"canonical\" href=\"https:\/\/www.k-mak.com\/en\/urunlerimiz-2\/ithal-makinalar\/lastik-servis-makinalari\/as-904\/\" \/>\r\n<meta property=\"og:locale\" content=\"en_US\" \/>\r\n<meta property=\"og:type\" content=\"article\" \/>\r\n<meta property=\"og:title\" content=\"AS 904 - K-MAK OTOMOT\u0130V SERV\u0130S EK\u0130PMANLARI\" \/>\r\n<meta property=\"og:url\" content=\"https:\/\/www.k-mak.com\/en\/urunlerimiz-2\/ithal-makinalar\/lastik-servis-makinalari\/as-904\/\" \/>\r\n<meta property=\"og:site_name\" content=\"K-MAK OTOMOT\u0130V SERV\u0130S EK\u0130PMANLARI\" \/>\r\n<meta property=\"article:modified_time\" content=\"2014-04-10T00:00:33+00:00\" \/>\r\n<meta name=\"twitter:card\" content=\"summary_large_image\" \/>\r\n<script type=\"application\/ld+json\" class=\"yoast-schema-graph\">{\"@context\":\"https:\/\/schema.org\",\"@graph\":[{\"@type\":\"WebPage\",\"@id\":\"https:\/\/www.k-mak.com\/urunlerimiz-2\/ithal-makinalar\/lastik-servis-makinalari\/as-904\/\",\"url\":\"https:\/\/www.k-mak.com\/urunlerimiz-2\/ithal-makinalar\/lastik-servis-makinalari\/as-904\/\",\"name\":\"AS 904 - K-MAK OTOMOT\u0130V SERV\u0130S EK\u0130PMANLARI\",\"isPartOf\":{\"@id\":\"https:\/\/www.k-mak.com\/#website\"},\"datePublished\":\"2014-04-09T23:54:12+00:00\",\"dateModified\":\"2014-04-10T00:00:33+00:00\",\"breadcrumb\":{\"@id\":\"https:\/\/www.k-mak.com\/urunlerimiz-2\/ithal-makinalar\/lastik-servis-makinalari\/as-904\/#breadcrumb\"},\"inLanguage\":\"en-US\",\"potentialAction\":[{\"@type\":\"ReadAction\",\"target\":[\"https:\/\/www.k-mak.com\/urunlerimiz-2\/ithal-makinalar\/lastik-servis-makinalari\/as-904\/\"]}]},{\"@type\":\"BreadcrumbList\",\"@id\":\"https:\/\/www.k-mak.com\/urunlerimiz-2\/ithal-makinalar\/lastik-servis-makinalari\/as-904\/#breadcrumb\",\"itemListElement\":[{\"@type\":\"ListItem\",\"position\":1,\"name\":\"Anasayfa\",\"item\":\"https:\/\/www.k-mak.com\/\"},{\"@type\":\"ListItem\",\"position\":2,\"name\":\"\u00dcR\u00dcNLER\u0130M\u0130Z\",\"item\":\"https:\/\/www.k-mak.com\/urunlerimiz-2\/\"},{\"@type\":\"ListItem\",\"position\":3,\"name\":\"\u0130THAL MAK\u0130NALAR\",\"item\":\"https:\/\/www.k-mak.com\/urunlerimiz-2\/ithal-makinalar\/\"},{\"@type\":\"ListItem\",\"position\":4,\"name\":\"LAST\u0130K SERV\u0130S MAK\u0130NALARI\",\"item\":\"https:\/\/www.k-mak.com\/urunlerimiz-2\/ithal-makinalar\/lastik-servis-makinalari\/\"},{\"@type\":\"ListItem\",\"position\":5,\"name\":\"AS 904\"}]},{\"@type\":\"WebSite\",\"@id\":\"https:\/\/www.k-mak.com\/#website\",\"url\":\"https:\/\/www.k-mak.com\/\",\"name\":\"K-MAK OTOMOT\u0130V SERV\u0130S EK\u0130PMANLARI\",\"description\":\"Jant D\u00fczeltme Makinalar\u0131 \u00fcretimini birinci elden ger\u00e7ekle\u015ftiren K-MAK Otomotiv Servis ekipmanlar\u0131 alan\u0131nda bulunan Jant d\u00fczeltme makinas\u0131 \u00fcretiminde y\u0131llardan bu yana en kaliteli \u00fcr\u00fcnleri i\u00e7 ve d\u0131\u015f piyasaya vermektedir. Jant d\u00fczeltme makinas\u0131 fiyatlar\u0131 \u00fcr\u00fcnlerin fonksiyonlar\u0131na g\u00f6re de\u011fi\u015fmektedir.\",\"publisher\":{\"@id\":\"https:\/\/www.k-mak.com\/#organization\"},\"potentialAction\":[{\"@type\":\"SearchAction\",\"target\":{\"@type\":\"EntryPoint\",\"urlTemplate\":\"https:\/\/www.k-mak.com\/?s={search_term_string}\"},\"query-input\":\"required name=search_term_string\"}],\"inLanguage\":\"en-US\"},{\"@type\":\"Organization\",\"@id\":\"https:\/\/www.k-mak.com\/#organization\",\"name\":\"K-MAK OTOMOT\u0130V SERV\u0130S EK\u0130PMANLARI\",\"url\":\"https:\/\/www.k-mak.com\/\",\"sameAs\":[],\"logo\":{\"@type\":\"ImageObject\",\"inLanguage\":\"en-US\",\"@id\":\"https:\/\/www.k-mak.com\/#\/schema\/logo\/image\/\",\"url\":\"https:\/\/www.k-mak.com\/wp-content\/uploads\/2022\/09\/LOGO...-removebg-preview-1.png\",\"contentUrl\":\"https:\/\/www.k-mak.com\/wp-content\/uploads\/2022\/09\/LOGO...-removebg-preview-1.png\",\"width\":711,\"height\":351,\"caption\":\"K-MAK OTOMOT\u0130V SERV\u0130S EK\u0130PMANLARI\"},\"image\":{\"@id\":\"https:\/\/www.k-mak.com\/#\/schema\/logo\/image\/\"}}]}<\/script>\r\n<!-- \/ Yoast SEO plugin. -->","yoast_head_json":{"title":"AS 904 - K-MAK OTOMOT\u0130V SERV\u0130S EK\u0130PMANLARI","robots":{"index":"index","follow":"follow","max-snippet":"max-snippet:-1","max-image-preview":"max-image-preview:large","max-video-preview":"max-video-preview:-1"},"canonical":"https:\/\/www.k-mak.com\/en\/urunlerimiz-2\/ithal-makinalar\/lastik-servis-makinalari\/as-904\/","og_locale":"en_US","og_type":"article","og_title":"AS 904 - K-MAK OTOMOT\u0130V SERV\u0130S EK\u0130PMANLARI","og_url":"https:\/\/www.k-mak.com\/en\/urunlerimiz-2\/ithal-makinalar\/lastik-servis-makinalari\/as-904\/","og_site_name":"K-MAK OTOMOT\u0130V SERV\u0130S EK\u0130PMANLARI","article_modified_time":"2014-04-10T00:00:33+00:00","twitter_card":"summary_large_image","schema":{"@context":"https:\/\/schema.org","@graph":[{"@type":"WebPage","@id":"https:\/\/www.k-mak.com\/urunlerimiz-2\/ithal-makinalar\/lastik-servis-makinalari\/as-904\/","url":"https:\/\/www.k-mak.com\/urunlerimiz-2\/ithal-makinalar\/lastik-servis-makinalari\/as-904\/","name":"AS 904 - K-MAK OTOMOT\u0130V SERV\u0130S EK\u0130PMANLARI","isPartOf":{"@id":"https:\/\/www.k-mak.com\/#website"},"datePublished":"2014-04-09T23:54:12+00:00","dateModified":"2014-04-10T00:00:33+00:00","breadcrumb":{"@id":"https:\/\/www.k-mak.com\/urunlerimiz-2\/ithal-makinalar\/lastik-servis-makinalari\/as-904\/#breadcrumb"},"inLanguage":"en-US","potentialAction":[{"@type":"ReadAction","target":["https:\/\/www.k-mak.com\/urunlerimiz-2\/ithal-makinalar\/lastik-servis-makinalari\/as-904\/"]}]},{"@type":"BreadcrumbList","@id":"https:\/\/www.k-mak.com\/urunlerimiz-2\/ithal-makinalar\/lastik-servis-makinalari\/as-904\/#breadcrumb","itemListElement":[{"@type":"ListItem","position":1,"name":"Anasayfa","item":"https:\/\/www.k-mak.com\/"},{"@type":"ListItem","position":2,"name":"\u00dcR\u00dcNLER\u0130M\u0130Z","item":"https:\/\/www.k-mak.com\/urunlerimiz-2\/"},{"@type":"ListItem","position":3,"name":"\u0130THAL MAK\u0130NALAR","item":"https:\/\/www.k-mak.com\/urunlerimiz-2\/ithal-makinalar\/"},{"@type":"ListItem","position":4,"name":"LAST\u0130K SERV\u0130S MAK\u0130NALARI","item":"https:\/\/www.k-mak.com\/urunlerimiz-2\/ithal-makinalar\/lastik-servis-makinalari\/"},{"@type":"ListItem","position":5,"name":"AS 904"}]},{"@type":"WebSite","@id":"https:\/\/www.k-mak.com\/#website","url":"https:\/\/www.k-mak.com\/","name":"K-MAK OTOMOT\u0130V SERV\u0130S EK\u0130PMANLARI","description":"Jant D\u00fczeltme Makinalar\u0131 \u00fcretimini birinci elden ger\u00e7ekle\u015ftiren K-MAK Otomotiv Servis ekipmanlar\u0131 alan\u0131nda bulunan Jant d\u00fczeltme makinas\u0131 \u00fcretiminde y\u0131llardan bu yana en kaliteli \u00fcr\u00fcnleri i\u00e7 ve d\u0131\u015f piyasaya vermektedir. Jant d\u00fczeltme makinas\u0131 fiyatlar\u0131 \u00fcr\u00fcnlerin fonksiyonlar\u0131na g\u00f6re de\u011fi\u015fmektedir.","publisher":{"@id":"https:\/\/www.k-mak.com\/#organization"},"potentialAction":[{"@type":"SearchAction","target":{"@type":"EntryPoint","urlTemplate":"https:\/\/www.k-mak.com\/?s={search_term_string}"},"query-input":"required name=search_term_string"}],"inLanguage":"en-US"},{"@type":"Organization","@id":"https:\/\/www.k-mak.com\/#organization","name":"K-MAK OTOMOT\u0130V SERV\u0130S EK\u0130PMANLARI","url":"https:\/\/www.k-mak.com\/","sameAs":[],"logo":{"@type":"ImageObject","inLanguage":"en-US","@id":"https:\/\/www.k-mak.com\/#\/schema\/logo\/image\/","url":"https:\/\/www.k-mak.com\/wp-content\/uploads\/2022\/09\/LOGO...-removebg-preview-1.png","contentUrl":"https:\/\/www.k-mak.com\/wp-content\/uploads\/2022\/09\/LOGO...-removebg-preview-1.png","width":711,"height":351,"caption":"K-MAK OTOMOT\u0130V SERV\u0130S EK\u0130PMANLARI"},"image":{"@id":"https:\/\/www.k-mak.com\/#\/schema\/logo\/image\/"}}]}},"_links":{"self":[{"href":"https:\/\/www.k-mak.com\/en\/wp-json\/wp\/v2\/pages\/739"}],"collection":[{"href":"https:\/\/www.k-mak.com\/en\/wp-json\/wp\/v2\/pages"}],"about":[{"href":"https:\/\/www.k-mak.com\/en\/wp-json\/wp\/v2\/types\/page"}],"author":[{"embeddable":true,"href":"https:\/\/www.k-mak.com\/en\/wp-json\/wp\/v2\/users\/1"}],"replies":[{"embeddable":true,"href":"https:\/\/www.k-mak.com\/en\/wp-json\/wp\/v2\/comments?post=739"}],"version-history":[{"count":3,"href":"https:\/\/www.k-mak.com\/en\/wp-json\/wp\/v2\/pages\/739\/revisions"}],"predecessor-version":[{"id":749,"href":"https:\/\/www.k-mak.com\/en\/wp-json\/wp\/v2\/pages\/739\/revisions\/749"}],"up":[{"embeddable":true,"href":"https:\/\/www.k-mak.com\/en\/wp-json\/wp\/v2\/pages\/402"}],"wp:attachment":[{"href":"https:\/\/www.k-mak.com\/en\/wp-json\/wp\/v2\/media?parent=739"}],"curies":[{"name":"wp","href":"https:\/\/api.w.org\/{rel}","templated":true}]}}