{"id":772,"date":"2014-04-10T03:32:58","date_gmt":"2014-04-10T00:32:58","guid":{"rendered":"http:\/\/www.k-mak.com\/?page_id=772"},"modified":"2015-11-08T19:28:41","modified_gmt":"2015-11-08T17:28:41","slug":"s-122","status":"publish","type":"page","link":"https:\/\/www.k-mak.com\/en\/urunlerimiz-2\/ithal-makinalar\/lastik-servis-makinalari\/s-122\/","title":{"rendered":"S 122"},"content":{"rendered":"<div class=\"vc_row wpb_row vc_row-fluid\"><div class=\"wpb_column vc_column_container vc_col-sm-8\"><div class=\"vc_column-inner\"><div class=\"wpb_wrapper\">\n\t<div  class=\"wpb_single_image wpb_content_element vc_align_left\">\n\t\t\n\t\t<figure class=\"wpb_wrapper vc_figure\">\n\t\t\t<div class=\"vc_single_image-wrapper   vc_box_border_grey\"><img width=\"490\" height=\"675\" src=\"https:\/\/www.k-mak.com\/wp-content\/uploads\/2014\/04\/s-122-yeni.jpg\" class=\"vc_single_image-img attachment-full\" alt=\"\" loading=\"lazy\" title=\"s-122-yeni\" srcset=\"https:\/\/www.k-mak.com\/wp-content\/uploads\/2014\/04\/s-122-yeni.jpg 490w, https:\/\/www.k-mak.com\/wp-content\/uploads\/2014\/04\/s-122-yeni-217x300.jpg 217w\" sizes=\"(max-width: 490px) 100vw, 490px\" \/><\/div>\n\t\t<\/figure>\n\t<\/div>\n<\/div><\/div><\/div><div class=\"wpb_column vc_column_container vc_col-sm-4\"><div class=\"vc_column-inner\"><div class=\"wpb_wrapper\">\n\t<div class=\"wpb_text_column wpb_content_element\" >\n\t\t<div class=\"wpb_wrapper\">\n\t\t\t<h3 style=\"text-align: center;\"><\/h3>\n<h3 style=\"text-align: center;\"><strong><span style=\"color: #3366ff;\">S 122 TEKN\u0130K \u00d6ZELL\u0130KLER<\/span><\/strong><\/h3>\n<table width=\"640\" border=\"0\" cellspacing=\"0\" cellpadding=\"0\" align=\"center\">\n<tbody>\n<tr>\n<td width=\"315\"><strong>JANT \u00c7API<\/strong><\/td>\n<td width=\"315\"><strong>12\u00a8 \u2013 24\u00a8<\/strong><\/p>\n<p>&nbsp;<\/td>\n<\/tr>\n<tr>\n<td><strong>MAX. \u00a0TEKERLEK \u00a0\u00c7API<\/strong><\/td>\n<td><strong>1140 mm (44,5\u201d)<\/strong><\/p>\n<p>&nbsp;<\/td>\n<\/tr>\n<tr>\n<td><strong>MAX. \u00a0TEKERLEK \u00a0GEN\u0130\u015eL\u0130\u011e\u0130<\/strong><\/td>\n<td><strong>14\u00a8<\/strong><\/p>\n<p>&nbsp;<\/td>\n<\/tr>\n<tr>\n<td><strong>D\u00d6NER TABLA TORKU<\/strong><\/td>\n<td><strong>1100 Nm<\/strong><\/p>\n<p>&nbsp;<\/td>\n<\/tr>\n<tr>\n<td height=\"27\"><strong>D\u00d6N\u00dc\u015e HIZI<\/strong><\/td>\n<td><strong>6 devir\/dakika (2V)<\/strong><\/p>\n<p>&nbsp;<\/td>\n<\/tr>\n<tr>\n<td><strong>DAMAK D\u00dc\u015e\u00dcRME KUVVET\u0130<\/strong><\/td>\n<td><strong>12.000 N<\/strong><\/p>\n<p>&nbsp;<\/td>\n<\/tr>\n<tr>\n<td><strong>DAMAK D\u00dc\u015e\u00dcR\u00dcC\u00dc ARALI\u011eI<\/strong><\/td>\n<td><strong>400 mm.<\/strong><\/p>\n<p>&nbsp;<\/td>\n<\/tr>\n<tr>\n<td><strong>OPERATING PRESSURE<\/strong><\/td>\n<td><strong>8-10 bar<\/strong><\/p>\n<p>&nbsp;<\/td>\n<\/tr>\n<tr>\n<td><strong>ELEKTR\u0130K TEK FAZ<\/strong><\/td>\n<td><strong>400 V \u2013 3 ph \u2013 50 Hz \/ 230 V-1 ph<\/strong><\/p>\n<p>&nbsp;<\/td>\n<\/tr>\n<tr>\n<td><strong>WEIGHT<\/strong><\/td>\n<td><strong>255 kg<\/strong><\/td>\n<\/tr>\n<\/tbody>\n<\/table>\n\n\t\t<\/div>\n\t<\/div>\n<\/div><\/div><\/div><\/div>","protected":false},"excerpt":{"rendered":"S 122 TEKN\u0130K \u00d6ZELL\u0130KLER JANT \u00c7API 12\u00a8 \u2013 24\u00a8 &nbsp; MAX. \u00a0TEKERLEK \u00a0\u00c7API 1140 mm (44,5\u201d) &nbsp; MAX. \u00a0TEKERLEK \u00a0GEN\u0130\u015eL\u0130\u011e\u0130 14\u00a8 &nbsp; D\u00d6NER TABLA TORKU 1100 Nm &nbsp; D\u00d6N\u00dc\u015e HIZI 6 devir\/dakika (2V) &nbsp; DAMAK D\u00dc\u015e\u00dcRME KUVVET\u0130 12.000 N &nbsp; DAMAK D\u00dc\u015e\u00dcR\u00dcC\u00dc ARALI\u011eI 400 mm....","protected":false},"author":1,"featured_media":0,"parent":402,"menu_order":0,"comment_status":"open","ping_status":"open","template":"","meta":{"_mi_skip_tracking":false},"yoast_head":"<!-- This site is optimized with the Yoast SEO plugin v19.6.1 - https:\/\/yoast.com\/wordpress\/plugins\/seo\/ -->\r\n<title>S 122 - K-MAK OTOMOT\u0130V SERV\u0130S EK\u0130PMANLARI<\/title>\r\n<meta name=\"robots\" content=\"index, follow, max-snippet:-1, max-image-preview:large, max-video-preview:-1\" \/>\r\n<link rel=\"canonical\" href=\"https:\/\/www.k-mak.com\/en\/urunlerimiz-2\/ithal-makinalar\/lastik-servis-makinalari\/s-122\/\" \/>\r\n<meta property=\"og:locale\" content=\"en_US\" \/>\r\n<meta property=\"og:type\" content=\"article\" \/>\r\n<meta property=\"og:title\" content=\"S 122 - K-MAK OTOMOT\u0130V SERV\u0130S EK\u0130PMANLARI\" \/>\r\n<meta property=\"og:url\" content=\"https:\/\/www.k-mak.com\/en\/urunlerimiz-2\/ithal-makinalar\/lastik-servis-makinalari\/s-122\/\" \/>\r\n<meta property=\"og:site_name\" content=\"K-MAK OTOMOT\u0130V SERV\u0130S EK\u0130PMANLARI\" \/>\r\n<meta property=\"article:modified_time\" content=\"2015-11-08T17:28:41+00:00\" \/>\r\n<meta name=\"twitter:card\" content=\"summary_large_image\" \/>\r\n<script type=\"application\/ld+json\" class=\"yoast-schema-graph\">{\"@context\":\"https:\/\/schema.org\",\"@graph\":[{\"@type\":\"WebPage\",\"@id\":\"https:\/\/www.k-mak.com\/urunlerimiz-2\/ithal-makinalar\/lastik-servis-makinalari\/s-122\/\",\"url\":\"https:\/\/www.k-mak.com\/urunlerimiz-2\/ithal-makinalar\/lastik-servis-makinalari\/s-122\/\",\"name\":\"S 122 - K-MAK OTOMOT\u0130V SERV\u0130S EK\u0130PMANLARI\",\"isPartOf\":{\"@id\":\"https:\/\/www.k-mak.com\/#website\"},\"datePublished\":\"2014-04-10T00:32:58+00:00\",\"dateModified\":\"2015-11-08T17:28:41+00:00\",\"breadcrumb\":{\"@id\":\"https:\/\/www.k-mak.com\/urunlerimiz-2\/ithal-makinalar\/lastik-servis-makinalari\/s-122\/#breadcrumb\"},\"inLanguage\":\"en-US\",\"potentialAction\":[{\"@type\":\"ReadAction\",\"target\":[\"https:\/\/www.k-mak.com\/urunlerimiz-2\/ithal-makinalar\/lastik-servis-makinalari\/s-122\/\"]}]},{\"@type\":\"BreadcrumbList\",\"@id\":\"https:\/\/www.k-mak.com\/urunlerimiz-2\/ithal-makinalar\/lastik-servis-makinalari\/s-122\/#breadcrumb\",\"itemListElement\":[{\"@type\":\"ListItem\",\"position\":1,\"name\":\"Anasayfa\",\"item\":\"https:\/\/www.k-mak.com\/\"},{\"@type\":\"ListItem\",\"position\":2,\"name\":\"\u00dcR\u00dcNLER\u0130M\u0130Z\",\"item\":\"https:\/\/www.k-mak.com\/urunlerimiz-2\/\"},{\"@type\":\"ListItem\",\"position\":3,\"name\":\"\u0130THAL MAK\u0130NALAR\",\"item\":\"https:\/\/www.k-mak.com\/urunlerimiz-2\/ithal-makinalar\/\"},{\"@type\":\"ListItem\",\"position\":4,\"name\":\"LAST\u0130K SERV\u0130S MAK\u0130NALARI\",\"item\":\"https:\/\/www.k-mak.com\/urunlerimiz-2\/ithal-makinalar\/lastik-servis-makinalari\/\"},{\"@type\":\"ListItem\",\"position\":5,\"name\":\"S 122\"}]},{\"@type\":\"WebSite\",\"@id\":\"https:\/\/www.k-mak.com\/#website\",\"url\":\"https:\/\/www.k-mak.com\/\",\"name\":\"K-MAK OTOMOT\u0130V SERV\u0130S EK\u0130PMANLARI\",\"description\":\"Jant D\u00fczeltme Makinalar\u0131 \u00fcretimini birinci elden ger\u00e7ekle\u015ftiren K-MAK Otomotiv Servis ekipmanlar\u0131 alan\u0131nda bulunan Jant d\u00fczeltme makinas\u0131 \u00fcretiminde y\u0131llardan bu yana en kaliteli \u00fcr\u00fcnleri i\u00e7 ve d\u0131\u015f piyasaya vermektedir. Jant d\u00fczeltme makinas\u0131 fiyatlar\u0131 \u00fcr\u00fcnlerin fonksiyonlar\u0131na g\u00f6re de\u011fi\u015fmektedir.\",\"publisher\":{\"@id\":\"https:\/\/www.k-mak.com\/#organization\"},\"potentialAction\":[{\"@type\":\"SearchAction\",\"target\":{\"@type\":\"EntryPoint\",\"urlTemplate\":\"https:\/\/www.k-mak.com\/?s={search_term_string}\"},\"query-input\":\"required name=search_term_string\"}],\"inLanguage\":\"en-US\"},{\"@type\":\"Organization\",\"@id\":\"https:\/\/www.k-mak.com\/#organization\",\"name\":\"K-MAK OTOMOT\u0130V SERV\u0130S EK\u0130PMANLARI\",\"url\":\"https:\/\/www.k-mak.com\/\",\"sameAs\":[],\"logo\":{\"@type\":\"ImageObject\",\"inLanguage\":\"en-US\",\"@id\":\"https:\/\/www.k-mak.com\/#\/schema\/logo\/image\/\",\"url\":\"https:\/\/www.k-mak.com\/wp-content\/uploads\/2022\/09\/LOGO...-removebg-preview-1.png\",\"contentUrl\":\"https:\/\/www.k-mak.com\/wp-content\/uploads\/2022\/09\/LOGO...-removebg-preview-1.png\",\"width\":711,\"height\":351,\"caption\":\"K-MAK OTOMOT\u0130V SERV\u0130S EK\u0130PMANLARI\"},\"image\":{\"@id\":\"https:\/\/www.k-mak.com\/#\/schema\/logo\/image\/\"}}]}<\/script>\r\n<!-- \/ Yoast SEO plugin. -->","yoast_head_json":{"title":"S 122 - K-MAK OTOMOT\u0130V SERV\u0130S EK\u0130PMANLARI","robots":{"index":"index","follow":"follow","max-snippet":"max-snippet:-1","max-image-preview":"max-image-preview:large","max-video-preview":"max-video-preview:-1"},"canonical":"https:\/\/www.k-mak.com\/en\/urunlerimiz-2\/ithal-makinalar\/lastik-servis-makinalari\/s-122\/","og_locale":"en_US","og_type":"article","og_title":"S 122 - K-MAK OTOMOT\u0130V SERV\u0130S EK\u0130PMANLARI","og_url":"https:\/\/www.k-mak.com\/en\/urunlerimiz-2\/ithal-makinalar\/lastik-servis-makinalari\/s-122\/","og_site_name":"K-MAK OTOMOT\u0130V SERV\u0130S EK\u0130PMANLARI","article_modified_time":"2015-11-08T17:28:41+00:00","twitter_card":"summary_large_image","schema":{"@context":"https:\/\/schema.org","@graph":[{"@type":"WebPage","@id":"https:\/\/www.k-mak.com\/urunlerimiz-2\/ithal-makinalar\/lastik-servis-makinalari\/s-122\/","url":"https:\/\/www.k-mak.com\/urunlerimiz-2\/ithal-makinalar\/lastik-servis-makinalari\/s-122\/","name":"S 122 - K-MAK OTOMOT\u0130V SERV\u0130S EK\u0130PMANLARI","isPartOf":{"@id":"https:\/\/www.k-mak.com\/#website"},"datePublished":"2014-04-10T00:32:58+00:00","dateModified":"2015-11-08T17:28:41+00:00","breadcrumb":{"@id":"https:\/\/www.k-mak.com\/urunlerimiz-2\/ithal-makinalar\/lastik-servis-makinalari\/s-122\/#breadcrumb"},"inLanguage":"en-US","potentialAction":[{"@type":"ReadAction","target":["https:\/\/www.k-mak.com\/urunlerimiz-2\/ithal-makinalar\/lastik-servis-makinalari\/s-122\/"]}]},{"@type":"BreadcrumbList","@id":"https:\/\/www.k-mak.com\/urunlerimiz-2\/ithal-makinalar\/lastik-servis-makinalari\/s-122\/#breadcrumb","itemListElement":[{"@type":"ListItem","position":1,"name":"Anasayfa","item":"https:\/\/www.k-mak.com\/"},{"@type":"ListItem","position":2,"name":"\u00dcR\u00dcNLER\u0130M\u0130Z","item":"https:\/\/www.k-mak.com\/urunlerimiz-2\/"},{"@type":"ListItem","position":3,"name":"\u0130THAL MAK\u0130NALAR","item":"https:\/\/www.k-mak.com\/urunlerimiz-2\/ithal-makinalar\/"},{"@type":"ListItem","position":4,"name":"LAST\u0130K SERV\u0130S MAK\u0130NALARI","item":"https:\/\/www.k-mak.com\/urunlerimiz-2\/ithal-makinalar\/lastik-servis-makinalari\/"},{"@type":"ListItem","position":5,"name":"S 122"}]},{"@type":"WebSite","@id":"https:\/\/www.k-mak.com\/#website","url":"https:\/\/www.k-mak.com\/","name":"K-MAK OTOMOT\u0130V SERV\u0130S EK\u0130PMANLARI","description":"Jant D\u00fczeltme Makinalar\u0131 \u00fcretimini birinci elden ger\u00e7ekle\u015ftiren K-MAK Otomotiv Servis ekipmanlar\u0131 alan\u0131nda bulunan Jant d\u00fczeltme makinas\u0131 \u00fcretiminde y\u0131llardan bu yana en kaliteli \u00fcr\u00fcnleri i\u00e7 ve d\u0131\u015f piyasaya vermektedir. Jant d\u00fczeltme makinas\u0131 fiyatlar\u0131 \u00fcr\u00fcnlerin fonksiyonlar\u0131na g\u00f6re de\u011fi\u015fmektedir.","publisher":{"@id":"https:\/\/www.k-mak.com\/#organization"},"potentialAction":[{"@type":"SearchAction","target":{"@type":"EntryPoint","urlTemplate":"https:\/\/www.k-mak.com\/?s={search_term_string}"},"query-input":"required name=search_term_string"}],"inLanguage":"en-US"},{"@type":"Organization","@id":"https:\/\/www.k-mak.com\/#organization","name":"K-MAK OTOMOT\u0130V SERV\u0130S EK\u0130PMANLARI","url":"https:\/\/www.k-mak.com\/","sameAs":[],"logo":{"@type":"ImageObject","inLanguage":"en-US","@id":"https:\/\/www.k-mak.com\/#\/schema\/logo\/image\/","url":"https:\/\/www.k-mak.com\/wp-content\/uploads\/2022\/09\/LOGO...-removebg-preview-1.png","contentUrl":"https:\/\/www.k-mak.com\/wp-content\/uploads\/2022\/09\/LOGO...-removebg-preview-1.png","width":711,"height":351,"caption":"K-MAK OTOMOT\u0130V SERV\u0130S EK\u0130PMANLARI"},"image":{"@id":"https:\/\/www.k-mak.com\/#\/schema\/logo\/image\/"}}]}},"_links":{"self":[{"href":"https:\/\/www.k-mak.com\/en\/wp-json\/wp\/v2\/pages\/772"}],"collection":[{"href":"https:\/\/www.k-mak.com\/en\/wp-json\/wp\/v2\/pages"}],"about":[{"href":"https:\/\/www.k-mak.com\/en\/wp-json\/wp\/v2\/types\/page"}],"author":[{"embeddable":true,"href":"https:\/\/www.k-mak.com\/en\/wp-json\/wp\/v2\/users\/1"}],"replies":[{"embeddable":true,"href":"https:\/\/www.k-mak.com\/en\/wp-json\/wp\/v2\/comments?post=772"}],"version-history":[{"count":16,"href":"https:\/\/www.k-mak.com\/en\/wp-json\/wp\/v2\/pages\/772\/revisions"}],"predecessor-version":[{"id":939,"href":"https:\/\/www.k-mak.com\/en\/wp-json\/wp\/v2\/pages\/772\/revisions\/939"}],"up":[{"embeddable":true,"href":"https:\/\/www.k-mak.com\/en\/wp-json\/wp\/v2\/pages\/402"}],"wp:attachment":[{"href":"https:\/\/www.k-mak.com\/en\/wp-json\/wp\/v2\/media?parent=772"}],"curies":[{"name":"wp","href":"https:\/\/api.w.org\/{rel}","templated":true}]}}