{"id":776,"date":"2014-04-10T03:38:17","date_gmt":"2014-04-10T00:38:17","guid":{"rendered":"http:\/\/www.k-mak.com\/?page_id=776"},"modified":"2014-04-10T03:38:17","modified_gmt":"2014-04-10T00:38:17","slug":"tb-126-super","status":"publish","type":"page","link":"https:\/\/www.k-mak.com\/en\/urunlerimiz-2\/ithal-makinalar\/lastik-servis-makinalari\/tb-126-super\/","title":{"rendered":"TB 126 SUPER"},"content":{"rendered":"<div class=\"vc_row wpb_row vc_row-fluid\"><div class=\"wpb_column vc_column_container vc_col-sm-12\"><div class=\"vc_column-inner\"><div class=\"wpb_wrapper\">\n\t<div  class=\"wpb_single_image wpb_content_element vc_align_left\">\n\t\t\n\t\t<figure class=\"wpb_wrapper vc_figure\">\n\t\t\t<div class=\"vc_single_image-wrapper   vc_box_border_grey\"><img class=\"vc_single_image-img\" src=\"https:\/\/www.k-mak.com\/wp-content\/uploads\/2014\/04\/tb126.jpg\" width=\"700\" height=\"589\" alt=\"tb126\" title=\"tb126\" \/><\/div>\n\t\t<\/figure>\n\t<\/div>\n<\/div><\/div><\/div><\/div><div class=\"vc_row wpb_row vc_row-fluid\"><div class=\"wpb_column vc_column_container vc_col-sm-12\"><div class=\"vc_column-inner\"><div class=\"wpb_wrapper\">[vc_meta_block title=&#8221;TB 126 SUPER TEKN\u0130K \u00d6ZELL\u0130KLER&#8221; icon_color=&#8221;#555&#8243;]<\/p>\n<table width=\"640\" border=\"0\" cellspacing=\"0\" cellpadding=\"0\" align=\"center\">\n<tbody>\n<tr>\n<td width=\"387\">\n<h4><strong><span style=\"color: #000000;\">WHEEL HOLDING CAPACITY<\/span><\/strong><\/h4>\n<\/td>\n<td width=\"253\">\n<h4><strong><span style=\"color: #000000;\">14&#8243; 26&#8243;<\/span><\/strong><\/h4>\n<\/td>\n<\/tr>\n<tr>\n<td>\n<h4><strong><span style=\"color: #000000;\">JANT GEN\u0130\u015eL\u0130\u011e\u0130<\/span><\/strong><\/h4>\n<\/td>\n<td>\n<h4><strong><span style=\"color: #000000;\">780 mm<\/span><\/strong><\/h4>\n<\/td>\n<\/tr>\n<tr>\n<td>\n<h4><strong><span style=\"color: #000000;\">TEKERLEK \u00c7API<\/span><\/strong><\/h4>\n<\/td>\n<td>\n<h4><strong><span style=\"color: #000000;\">1500 mm<\/span><\/strong><\/h4>\n<\/td>\n<\/tr>\n<tr>\n<td>\n<h4><strong><span style=\"color: #000000;\">MOTOR G\u00dcC\u00dc<\/span><\/strong><\/h4>\n<\/td>\n<td>\n<h4><strong><span style=\"color: #000000;\">1,1-1,5 kW<\/span><\/strong><\/h4>\n<\/td>\n<\/tr>\n<tr>\n<td>\n<h4><strong><span style=\"color: #000000;\">H\u0130DROL\u0130K \u00dcN\u0130TE MOTORU\u00a0(TB 126N)<\/span><\/strong><\/h4>\n<\/td>\n<td>\n<h4><strong><span style=\"color: #000000;\">1,1 kW<\/span><\/strong><\/h4>\n<\/td>\n<\/tr>\n<tr>\n<td>\n<h4><strong><span style=\"color: #000000;\">H\u0130DROL\u0130K \u00dcN\u0130TE MOTORU\u00a0(DELUXE SUPER)<\/span><\/strong><\/h4>\n<\/td>\n<td>\n<h4><strong><span style=\"color: #000000;\">1,1-1,5 kW<\/span><\/strong><\/h4>\n<\/td>\n<\/tr>\n<tr>\n<td>\n<h4><strong><span style=\"color: #000000;\">DAMAK D\u00dc\u015e\u00dcRME BASINCI<\/span><\/strong><\/h4>\n<\/td>\n<td>\n<h4><strong><span style=\"color: #000000;\">1500 bar<\/span><\/strong><\/h4>\n<\/td>\n<\/tr>\n<tr>\n<td>\n<h4><strong><span style=\"color: #000000;\">MAX. TEKERLEK A\u011eIRLI\u011eI<\/span><\/strong><\/h4>\n<\/td>\n<td>\n<h4><strong><span style=\"color: #000000;\">1000 kg<\/span><\/strong><\/h4>\n<\/td>\n<\/tr>\n<\/tbody>\n<\/table>\n<p>[\/vc_meta_block]<\/div><\/div><\/div><\/div>","protected":false},"excerpt":{"rendered":"[vc_meta_block title=\"TB 126 SUPER TEKN\u0130K \u00d6ZELL\u0130KLER\" icon_color=\"#555\"] JANT TUTMA KAPAS\u0130TES\u0130 14\" 26\" JANT GEN\u0130\u015eL\u0130\u011e\u0130 780 mm TEKERLEK \u00c7API 1500 mm MOTOR G\u00dcC\u00dc 1,1-1,5 kW H\u0130DROL\u0130K \u00dcN\u0130TE MOTORU\u00a0(TB 126N) 1,1 kW H\u0130DROL\u0130K \u00dcN\u0130TE MOTORU\u00a0(DELUXE SUPER) 1,1-1,5 kW DAMAK D\u00dc\u015e\u00dcRME BASINCI 1500 bar MAX. TEKERLEK A\u011eIRLI\u011eI 1000...","protected":false},"author":1,"featured_media":0,"parent":402,"menu_order":0,"comment_status":"open","ping_status":"open","template":"","meta":{"_mi_skip_tracking":false},"yoast_head":"<!-- This site is optimized with the Yoast SEO plugin v19.6.1 - https:\/\/yoast.com\/wordpress\/plugins\/seo\/ -->\r\n<title>TB 126 SUPER - K-MAK OTOMOT\u0130V SERV\u0130S EK\u0130PMANLARI<\/title>\r\n<meta name=\"robots\" content=\"index, follow, max-snippet:-1, max-image-preview:large, max-video-preview:-1\" \/>\r\n<link rel=\"canonical\" href=\"https:\/\/www.k-mak.com\/en\/urunlerimiz-2\/ithal-makinalar\/lastik-servis-makinalari\/tb-126-super\/\" \/>\r\n<meta property=\"og:locale\" content=\"en_US\" \/>\r\n<meta property=\"og:type\" content=\"article\" \/>\r\n<meta property=\"og:title\" content=\"TB 126 SUPER - K-MAK OTOMOT\u0130V SERV\u0130S EK\u0130PMANLARI\" \/>\r\n<meta property=\"og:url\" content=\"https:\/\/www.k-mak.com\/en\/urunlerimiz-2\/ithal-makinalar\/lastik-servis-makinalari\/tb-126-super\/\" \/>\r\n<meta property=\"og:site_name\" content=\"K-MAK OTOMOT\u0130V SERV\u0130S EK\u0130PMANLARI\" \/>\r\n<meta name=\"twitter:card\" content=\"summary_large_image\" \/>\r\n<script type=\"application\/ld+json\" class=\"yoast-schema-graph\">{\"@context\":\"https:\/\/schema.org\",\"@graph\":[{\"@type\":\"WebPage\",\"@id\":\"https:\/\/www.k-mak.com\/urunlerimiz-2\/ithal-makinalar\/lastik-servis-makinalari\/tb-126-super\/\",\"url\":\"https:\/\/www.k-mak.com\/urunlerimiz-2\/ithal-makinalar\/lastik-servis-makinalari\/tb-126-super\/\",\"name\":\"TB 126 SUPER - K-MAK OTOMOT\u0130V SERV\u0130S EK\u0130PMANLARI\",\"isPartOf\":{\"@id\":\"https:\/\/www.k-mak.com\/#website\"},\"datePublished\":\"2014-04-10T00:38:17+00:00\",\"dateModified\":\"2014-04-10T00:38:17+00:00\",\"breadcrumb\":{\"@id\":\"https:\/\/www.k-mak.com\/urunlerimiz-2\/ithal-makinalar\/lastik-servis-makinalari\/tb-126-super\/#breadcrumb\"},\"inLanguage\":\"en-US\",\"potentialAction\":[{\"@type\":\"ReadAction\",\"target\":[\"https:\/\/www.k-mak.com\/urunlerimiz-2\/ithal-makinalar\/lastik-servis-makinalari\/tb-126-super\/\"]}]},{\"@type\":\"BreadcrumbList\",\"@id\":\"https:\/\/www.k-mak.com\/urunlerimiz-2\/ithal-makinalar\/lastik-servis-makinalari\/tb-126-super\/#breadcrumb\",\"itemListElement\":[{\"@type\":\"ListItem\",\"position\":1,\"name\":\"Anasayfa\",\"item\":\"https:\/\/www.k-mak.com\/\"},{\"@type\":\"ListItem\",\"position\":2,\"name\":\"\u00dcR\u00dcNLER\u0130M\u0130Z\",\"item\":\"https:\/\/www.k-mak.com\/urunlerimiz-2\/\"},{\"@type\":\"ListItem\",\"position\":3,\"name\":\"\u0130THAL MAK\u0130NALAR\",\"item\":\"https:\/\/www.k-mak.com\/urunlerimiz-2\/ithal-makinalar\/\"},{\"@type\":\"ListItem\",\"position\":4,\"name\":\"LAST\u0130K SERV\u0130S MAK\u0130NALARI\",\"item\":\"https:\/\/www.k-mak.com\/urunlerimiz-2\/ithal-makinalar\/lastik-servis-makinalari\/\"},{\"@type\":\"ListItem\",\"position\":5,\"name\":\"TB 126 SUPER\"}]},{\"@type\":\"WebSite\",\"@id\":\"https:\/\/www.k-mak.com\/#website\",\"url\":\"https:\/\/www.k-mak.com\/\",\"name\":\"K-MAK OTOMOT\u0130V SERV\u0130S EK\u0130PMANLARI\",\"description\":\"Jant D\u00fczeltme Makinalar\u0131 \u00fcretimini birinci elden ger\u00e7ekle\u015ftiren K-MAK Otomotiv Servis ekipmanlar\u0131 alan\u0131nda bulunan Jant d\u00fczeltme makinas\u0131 \u00fcretiminde y\u0131llardan bu yana en kaliteli \u00fcr\u00fcnleri i\u00e7 ve d\u0131\u015f piyasaya vermektedir. Jant d\u00fczeltme makinas\u0131 fiyatlar\u0131 \u00fcr\u00fcnlerin fonksiyonlar\u0131na g\u00f6re de\u011fi\u015fmektedir.\",\"publisher\":{\"@id\":\"https:\/\/www.k-mak.com\/#organization\"},\"potentialAction\":[{\"@type\":\"SearchAction\",\"target\":{\"@type\":\"EntryPoint\",\"urlTemplate\":\"https:\/\/www.k-mak.com\/?s={search_term_string}\"},\"query-input\":\"required name=search_term_string\"}],\"inLanguage\":\"en-US\"},{\"@type\":\"Organization\",\"@id\":\"https:\/\/www.k-mak.com\/#organization\",\"name\":\"K-MAK OTOMOT\u0130V SERV\u0130S EK\u0130PMANLARI\",\"url\":\"https:\/\/www.k-mak.com\/\",\"sameAs\":[],\"logo\":{\"@type\":\"ImageObject\",\"inLanguage\":\"en-US\",\"@id\":\"https:\/\/www.k-mak.com\/#\/schema\/logo\/image\/\",\"url\":\"https:\/\/www.k-mak.com\/wp-content\/uploads\/2022\/09\/LOGO...-removebg-preview-1.png\",\"contentUrl\":\"https:\/\/www.k-mak.com\/wp-content\/uploads\/2022\/09\/LOGO...-removebg-preview-1.png\",\"width\":711,\"height\":351,\"caption\":\"K-MAK OTOMOT\u0130V SERV\u0130S EK\u0130PMANLARI\"},\"image\":{\"@id\":\"https:\/\/www.k-mak.com\/#\/schema\/logo\/image\/\"}}]}<\/script>\r\n<!-- \/ Yoast SEO plugin. -->","yoast_head_json":{"title":"TB 126 SUPER - K-MAK OTOMOT\u0130V SERV\u0130S EK\u0130PMANLARI","robots":{"index":"index","follow":"follow","max-snippet":"max-snippet:-1","max-image-preview":"max-image-preview:large","max-video-preview":"max-video-preview:-1"},"canonical":"https:\/\/www.k-mak.com\/en\/urunlerimiz-2\/ithal-makinalar\/lastik-servis-makinalari\/tb-126-super\/","og_locale":"en_US","og_type":"article","og_title":"TB 126 SUPER - K-MAK OTOMOT\u0130V SERV\u0130S EK\u0130PMANLARI","og_url":"https:\/\/www.k-mak.com\/en\/urunlerimiz-2\/ithal-makinalar\/lastik-servis-makinalari\/tb-126-super\/","og_site_name":"K-MAK OTOMOT\u0130V SERV\u0130S EK\u0130PMANLARI","twitter_card":"summary_large_image","schema":{"@context":"https:\/\/schema.org","@graph":[{"@type":"WebPage","@id":"https:\/\/www.k-mak.com\/urunlerimiz-2\/ithal-makinalar\/lastik-servis-makinalari\/tb-126-super\/","url":"https:\/\/www.k-mak.com\/urunlerimiz-2\/ithal-makinalar\/lastik-servis-makinalari\/tb-126-super\/","name":"TB 126 SUPER - K-MAK OTOMOT\u0130V SERV\u0130S EK\u0130PMANLARI","isPartOf":{"@id":"https:\/\/www.k-mak.com\/#website"},"datePublished":"2014-04-10T00:38:17+00:00","dateModified":"2014-04-10T00:38:17+00:00","breadcrumb":{"@id":"https:\/\/www.k-mak.com\/urunlerimiz-2\/ithal-makinalar\/lastik-servis-makinalari\/tb-126-super\/#breadcrumb"},"inLanguage":"en-US","potentialAction":[{"@type":"ReadAction","target":["https:\/\/www.k-mak.com\/urunlerimiz-2\/ithal-makinalar\/lastik-servis-makinalari\/tb-126-super\/"]}]},{"@type":"BreadcrumbList","@id":"https:\/\/www.k-mak.com\/urunlerimiz-2\/ithal-makinalar\/lastik-servis-makinalari\/tb-126-super\/#breadcrumb","itemListElement":[{"@type":"ListItem","position":1,"name":"Anasayfa","item":"https:\/\/www.k-mak.com\/"},{"@type":"ListItem","position":2,"name":"\u00dcR\u00dcNLER\u0130M\u0130Z","item":"https:\/\/www.k-mak.com\/urunlerimiz-2\/"},{"@type":"ListItem","position":3,"name":"\u0130THAL MAK\u0130NALAR","item":"https:\/\/www.k-mak.com\/urunlerimiz-2\/ithal-makinalar\/"},{"@type":"ListItem","position":4,"name":"LAST\u0130K SERV\u0130S MAK\u0130NALARI","item":"https:\/\/www.k-mak.com\/urunlerimiz-2\/ithal-makinalar\/lastik-servis-makinalari\/"},{"@type":"ListItem","position":5,"name":"TB 126 SUPER"}]},{"@type":"WebSite","@id":"https:\/\/www.k-mak.com\/#website","url":"https:\/\/www.k-mak.com\/","name":"K-MAK OTOMOT\u0130V SERV\u0130S EK\u0130PMANLARI","description":"Jant D\u00fczeltme Makinalar\u0131 \u00fcretimini birinci elden ger\u00e7ekle\u015ftiren K-MAK Otomotiv Servis ekipmanlar\u0131 alan\u0131nda bulunan Jant d\u00fczeltme makinas\u0131 \u00fcretiminde y\u0131llardan bu yana en kaliteli \u00fcr\u00fcnleri i\u00e7 ve d\u0131\u015f piyasaya vermektedir. Jant d\u00fczeltme makinas\u0131 fiyatlar\u0131 \u00fcr\u00fcnlerin fonksiyonlar\u0131na g\u00f6re de\u011fi\u015fmektedir.","publisher":{"@id":"https:\/\/www.k-mak.com\/#organization"},"potentialAction":[{"@type":"SearchAction","target":{"@type":"EntryPoint","urlTemplate":"https:\/\/www.k-mak.com\/?s={search_term_string}"},"query-input":"required name=search_term_string"}],"inLanguage":"en-US"},{"@type":"Organization","@id":"https:\/\/www.k-mak.com\/#organization","name":"K-MAK OTOMOT\u0130V SERV\u0130S EK\u0130PMANLARI","url":"https:\/\/www.k-mak.com\/","sameAs":[],"logo":{"@type":"ImageObject","inLanguage":"en-US","@id":"https:\/\/www.k-mak.com\/#\/schema\/logo\/image\/","url":"https:\/\/www.k-mak.com\/wp-content\/uploads\/2022\/09\/LOGO...-removebg-preview-1.png","contentUrl":"https:\/\/www.k-mak.com\/wp-content\/uploads\/2022\/09\/LOGO...-removebg-preview-1.png","width":711,"height":351,"caption":"K-MAK OTOMOT\u0130V SERV\u0130S EK\u0130PMANLARI"},"image":{"@id":"https:\/\/www.k-mak.com\/#\/schema\/logo\/image\/"}}]}},"_links":{"self":[{"href":"https:\/\/www.k-mak.com\/en\/wp-json\/wp\/v2\/pages\/776"}],"collection":[{"href":"https:\/\/www.k-mak.com\/en\/wp-json\/wp\/v2\/pages"}],"about":[{"href":"https:\/\/www.k-mak.com\/en\/wp-json\/wp\/v2\/types\/page"}],"author":[{"embeddable":true,"href":"https:\/\/www.k-mak.com\/en\/wp-json\/wp\/v2\/users\/1"}],"replies":[{"embeddable":true,"href":"https:\/\/www.k-mak.com\/en\/wp-json\/wp\/v2\/comments?post=776"}],"version-history":[{"count":1,"href":"https:\/\/www.k-mak.com\/en\/wp-json\/wp\/v2\/pages\/776\/revisions"}],"predecessor-version":[{"id":778,"href":"https:\/\/www.k-mak.com\/en\/wp-json\/wp\/v2\/pages\/776\/revisions\/778"}],"up":[{"embeddable":true,"href":"https:\/\/www.k-mak.com\/en\/wp-json\/wp\/v2\/pages\/402"}],"wp:attachment":[{"href":"https:\/\/www.k-mak.com\/en\/wp-json\/wp\/v2\/media?parent=776"}],"curies":[{"name":"wp","href":"https:\/\/api.w.org\/{rel}","templated":true}]}}