{"id":94,"date":"2014-02-24T23:34:58","date_gmt":"2014-02-24T21:34:58","guid":{"rendered":"http:\/\/thelostest.org\/?page_id=94"},"modified":"2021-03-29T08:26:53","modified_gmt":"2021-03-29T05:26:53","slug":"jant-duzeltme-makineleri","status":"publish","type":"page","link":"https:\/\/www.k-mak.com\/en\/urunlerimiz-2\/yerli-makinalar\/jant-duzeltme-makineleri\/","title":{"rendered":"RIM STRAIGHTENING MACHINES"},"content":{"rendered":"<div class=\"vc_row wpb_row vc_row-fluid\"><div class=\"wpb_column vc_column_container vc_col-sm-12\"><div class=\"vc_column-inner\"><div class=\"wpb_wrapper\">\n\t<div class=\"wpb_text_column wpb_content_element\" >\n\t\t<div class=\"wpb_wrapper\">\n\t\t\t<h3><strong style=\"color: #3366ff; font-size: 1.5em; line-height: 1.5em;\">RIM STRAIGHTENING MACHINES<\/strong><\/h3>\n\n\t\t<\/div>\n\t<\/div>\n<div class=\"vc_separator wpb_content_element vc_separator_align_center vc_sep_width_100 vc_separator_no_text\" ><span class=\"vc_sep_holder vc_sep_holder_l\"><span  class=\"vc_sep_line\"><\/span><\/span><span class=\"vc_sep_holder vc_sep_holder_r\"><span  class=\"vc_sep_line\"><\/span><\/span>\n<\/div><\/div><\/div><\/div><\/div><div class=\"vc_row wpb_row vc_row-fluid\"><div class=\"wpb_column vc_column_container vc_col-sm-4\"><div class=\"vc_column-inner\"><div class=\"wpb_wrapper\">\n\t<div  class=\"wpb_single_image wpb_content_element vc_align_left\">\n\t\t<h2 class=\"wpb_heading wpb_singleimage_heading\">NC Kontroll\u00fc Jant D\u00fczeltme Makinas\u0131<\/h2>\n\t\t<figure class=\"wpb_wrapper vc_figure\">\n\t\t\t<div class=\"vc_single_image-wrapper   vc_box_border_grey\"><img class=\"vc_single_image-img\" src=\"https:\/\/www.k-mak.com\/wp-content\/uploads\/2014\/02\/micro-1.jpg\" width=\"300\" height=\"290\" alt=\"micro (1)\" title=\"micro (1)\" \/><\/div>\n\t\t<\/figure>\n\t<\/div>\n<\/div><\/div><\/div><div class=\"wpb_column vc_column_container vc_col-sm-4\"><div class=\"vc_column-inner\"><div class=\"wpb_wrapper\">\n\t<div  class=\"wpb_single_image wpb_content_element vc_align_left\">\n\t\t<h2 class=\"wpb_heading wpb_singleimage_heading\">5 Pistonlu Jant D\u00fczeltme Makinas\u0131<\/h2>\n\t\t<figure class=\"wpb_wrapper vc_figure\">\n\t\t\t<div class=\"vc_single_image-wrapper   vc_box_border_grey\"><img class=\"vc_single_image-img\" src=\"https:\/\/www.k-mak.com\/wp-content\/uploads\/2014\/02\/micros-1.jpg\" width=\"300\" height=\"290\" alt=\"micros (1)\" title=\"micros (1)\" \/><\/div>\n\t\t<\/figure>\n\t<\/div>\n<\/div><\/div><\/div><div class=\"wpb_column vc_column_container vc_col-sm-4\"><div class=\"vc_column-inner\"><div class=\"wpb_wrapper\">\n\t<div  class=\"wpb_single_image wpb_content_element vc_align_left\">\n\t\t<h2 class=\"wpb_heading wpb_singleimage_heading\">4 Pistonlu Hidrolik Tornal\u0131 Jant D\u00fczeltme Makinas\u0131<\/h2>\n\t\t<figure class=\"wpb_wrapper vc_figure\">\n\t\t\t<div class=\"vc_single_image-wrapper   vc_box_border_grey\"><img class=\"vc_single_image-img\" src=\"https:\/\/www.k-mak.com\/wp-content\/uploads\/2014\/02\/d34c4bf7-ea2d-49b8-854c-70892527d11c2-300x290.jpg\" width=\"300\" height=\"290\" alt=\"d34c4bf7-ea2d-49b8-854c-70892527d11c2-300x290\" title=\"d34c4bf7-ea2d-49b8-854c-70892527d11c2-300x290\" \/><\/div>\n\t\t<\/figure>\n\t<\/div>\n<\/div><\/div><\/div><\/div><div class=\"vc_row wpb_row vc_row-fluid\"><div class=\"wpb_column vc_column_container vc_col-sm-12\"><div class=\"vc_column-inner\"><div class=\"wpb_wrapper\"><div class=\"vc_separator wpb_content_element vc_separator_align_center vc_sep_width_100 vc_separator_no_text\" ><span class=\"vc_sep_holder vc_sep_holder_l\"><span  class=\"vc_sep_line\"><\/span><\/span><span class=\"vc_sep_holder vc_sep_holder_r\"><span  class=\"vc_sep_line\"><\/span><\/span>\n<\/div><\/div><\/div><\/div><\/div><div class=\"vc_row wpb_row vc_row-fluid\"><div class=\"wpb_column vc_column_container vc_col-sm-4\"><div class=\"vc_column-inner\"><div class=\"wpb_wrapper\">\n\t<div  class=\"wpb_single_image wpb_content_element vc_align_left\">\n\t\t<h2 class=\"wpb_heading wpb_singleimage_heading\">Profesyonel Tip Hidrolik Tornal\u0131 Jant D\u00fczeltme Makinas\u0131<\/h2>\n\t\t<figure class=\"wpb_wrapper vc_figure\">\n\t\t\t<div class=\"vc_single_image-wrapper   vc_box_border_grey\"><img class=\"vc_single_image-img\" src=\"https:\/\/www.k-mak.com\/wp-content\/uploads\/2014\/02\/39a5e5a1-9ecc-4ac8-a349-95eacbe3cb43.fw_-400x400.png\" width=\"400\" height=\"400\" alt=\"39a5e5a1-9ecc-4ac8-a349-95eacbe3cb43.fw\" title=\"39a5e5a1-9ecc-4ac8-a349-95eacbe3cb43.fw\" \/><\/div>\n\t\t<\/figure>\n\t<\/div>\n<\/div><\/div><\/div><div class=\"wpb_column vc_column_container vc_col-sm-4\"><div class=\"vc_column-inner\"><div class=\"wpb_wrapper\">\n\t<div  class=\"wpb_single_image wpb_content_element vc_align_left\">\n\t\t<h2 class=\"wpb_heading wpb_singleimage_heading\">A\u011f\u0131r Hizmet Jant D\u00fczeltme Makinas\u0131<\/h2>\n\t\t<figure class=\"wpb_wrapper vc_figure\">\n\t\t\t<div class=\"vc_single_image-wrapper   vc_box_border_grey\"><img class=\"vc_single_image-img\" src=\"https:\/\/www.k-mak.com\/wp-content\/uploads\/2014\/02\/doruk_master.jpg\" width=\"300\" height=\"290\" alt=\"doruk_master\" title=\"doruk_master\" \/><\/div>\n\t\t<\/figure>\n\t<\/div>\n<\/div><\/div><\/div><div class=\"wpb_column vc_column_container vc_col-sm-4\"><div class=\"vc_column-inner\"><div class=\"wpb_wrapper\">\n\t<div  class=\"wpb_single_image wpb_content_element vc_align_left\">\n\t\t<h2 class=\"wpb_heading wpb_singleimage_heading\">DORUK 10&quot;-28&quot; Elektro-Hidrolik Tornal\u0131 Jant D\u00fczeltme Makinas\u0131<\/h2>\n\t\t<figure class=\"wpb_wrapper vc_figure\">\n\t\t\t<div class=\"vc_single_image-wrapper   vc_box_border_grey\"><img class=\"vc_single_image-img\" src=\"https:\/\/www.k-mak.com\/wp-content\/uploads\/2014\/02\/569a0063-1eae-4dd7-8cd3-1c8a6b3801e8-300x290.jpg\" width=\"300\" height=\"290\" alt=\"569a0063-1eae-4dd7-8cd3-1c8a6b3801e8\" title=\"569a0063-1eae-4dd7-8cd3-1c8a6b3801e8\" \/><\/div>\n\t\t<\/figure>\n\t<\/div>\n<\/div><\/div><\/div><\/div><div class=\"vc_row wpb_row vc_row-fluid\"><div class=\"wpb_column vc_column_container vc_col-sm-12\"><div class=\"vc_column-inner\"><div class=\"wpb_wrapper\"><div class=\"vc_separator wpb_content_element vc_separator_align_center vc_sep_width_100 vc_separator_no_text\" ><span class=\"vc_sep_holder vc_sep_holder_l\"><span  class=\"vc_sep_line\"><\/span><\/span><span class=\"vc_sep_holder vc_sep_holder_r\"><span  class=\"vc_sep_line\"><\/span><\/span>\n<\/div><\/div><\/div><\/div><\/div><div class=\"vc_row wpb_row vc_row-fluid\"><div class=\"wpb_column vc_column_container vc_col-sm-4\"><div class=\"vc_column-inner\"><div class=\"wpb_wrapper\">\n\t<div  class=\"wpb_single_image wpb_content_element vc_align_left\">\n\t\t<h2 class=\"wpb_heading wpb_singleimage_heading\">Hidrolik Tornal\u0131 Jant D\u00fczeltme Makinas\u0131<\/h2>\n\t\t<figure class=\"wpb_wrapper vc_figure\">\n\t\t\t<div class=\"vc_single_image-wrapper   vc_box_border_grey\"><img class=\"vc_single_image-img\" src=\"https:\/\/www.k-mak.com\/wp-content\/uploads\/2014\/02\/05a54c37-fdcf-4540-8bc4-cdcb7b67ca37-300x290.jpg\" width=\"300\" height=\"290\" alt=\"05a54c37-fdcf-4540-8bc4-cdcb7b67ca37\" title=\"05a54c37-fdcf-4540-8bc4-cdcb7b67ca37\" \/><\/div>\n\t\t<\/figure>\n\t<\/div>\n<\/div><\/div><\/div><div class=\"wpb_column vc_column_container vc_col-sm-4\"><div class=\"vc_column-inner\"><div class=\"wpb_wrapper\">\n\t<div  class=\"wpb_single_image wpb_content_element vc_align_left\">\n\t\t<h2 class=\"wpb_heading wpb_singleimage_heading\">Manuel Hidrolik Jant D\u00fczeltme Makinas\u0131 BASIC-B 10&quot;-24&quot;<\/h2>\n\t\t<figure class=\"wpb_wrapper vc_figure\">\n\t\t\t<div class=\"vc_single_image-wrapper   vc_box_border_grey\"><img class=\"vc_single_image-img\" src=\"https:\/\/www.k-mak.com\/wp-content\/uploads\/2014\/02\/basic.jpg\" width=\"300\" height=\"290\" alt=\"basic\" title=\"basic\" \/><\/div>\n\t\t<\/figure>\n\t<\/div>\n<\/div><\/div><\/div><div class=\"wpb_column vc_column_container vc_col-sm-4\"><div class=\"vc_column-inner\"><div class=\"wpb_wrapper\">\n\t<div  class=\"wpb_single_image wpb_content_element vc_align_left\">\n\t\t<h2 class=\"wpb_heading wpb_singleimage_heading\">Manuel Hidrolik Jant D\u00fczeltme Makinas\u0131 BASIC-A 10&quot;-24&quot;<\/h2>\n\t\t<figure class=\"wpb_wrapper vc_figure\">\n\t\t\t<div class=\"vc_single_image-wrapper   vc_box_border_grey\"><img class=\"vc_single_image-img\" src=\"https:\/\/www.k-mak.com\/wp-content\/uploads\/2014\/02\/basic-b-b.jpg\" width=\"300\" height=\"290\" alt=\"basic-b-b\" title=\"basic-b-b\" \/><\/div>\n\t\t<\/figure>\n\t<\/div>\n<\/div><\/div><\/div><\/div><div class=\"vc_row wpb_row vc_row-fluid\"><div class=\"wpb_column vc_column_container vc_col-sm-12\"><div class=\"vc_column-inner\"><div class=\"wpb_wrapper\"><div class=\"vc_separator wpb_content_element vc_separator_align_center vc_sep_width_100 vc_separator_no_text\" ><span class=\"vc_sep_holder vc_sep_holder_l\"><span  class=\"vc_sep_line\"><\/span><\/span><span class=\"vc_sep_holder vc_sep_holder_r\"><span  class=\"vc_sep_line\"><\/span><\/span>\n<\/div><\/div><\/div><\/div><\/div><div class=\"vc_row wpb_row vc_row-fluid\"><div class=\"wpb_column vc_column_container vc_col-sm-4\"><div class=\"vc_column-inner\"><div class=\"wpb_wrapper\">\n\t<div  class=\"wpb_single_image wpb_content_element vc_align_left\">\n\t\t<h2 class=\"wpb_heading wpb_singleimage_heading\">Manuel Hidrolik Jant D\u00fczeltme Makinas\u0131 BASIC-C 10&quot;-24&quot;<\/h2>\n\t\t<figure class=\"wpb_wrapper vc_figure\">\n\t\t\t<div class=\"vc_single_image-wrapper   vc_box_border_grey\"><img class=\"vc_single_image-img\" src=\"https:\/\/www.k-mak.com\/wp-content\/uploads\/2014\/02\/basic-c-c.jpg\" width=\"300\" height=\"290\" alt=\"basic-c-c\" title=\"basic-c-c\" \/><\/div>\n\t\t<\/figure>\n\t<\/div>\n<\/div><\/div><\/div><div class=\"wpb_column vc_column_container vc_col-sm-4\"><div class=\"vc_column-inner\"><div class=\"wpb_wrapper\">\n\t<div  class=\"wpb_single_image wpb_content_element vc_align_left\">\n\t\t<h2 class=\"wpb_heading wpb_singleimage_heading\">Lastik S\u00f6kme-Takma &amp; Jant D\u00fczeltme Makinas\u0131 <\/h2>\n\t\t<figure class=\"wpb_wrapper vc_figure\">\n\t\t\t<div class=\"vc_single_image-wrapper   vc_box_border_grey\"><img class=\"vc_single_image-img\" src=\"https:\/\/www.k-mak.com\/wp-content\/uploads\/2014\/02\/twin.jpg\" width=\"300\" height=\"290\" alt=\"twin\" title=\"twin\" \/><\/div>\n\t\t<\/figure>\n\t<\/div>\n<\/div><\/div><\/div><div class=\"wpb_column vc_column_container vc_col-sm-4\"><div class=\"vc_column-inner\"><div class=\"wpb_wrapper\"><\/div><\/div><\/div><\/div>","protected":false},"excerpt":{"rendered":"JANT D\u00dcZELTME MAK\u0130NELER\u0130 NC Kontroll\u00fc Jant D\u00fczeltme Makinas\u0131 5 Pistonlu Jant D\u00fczeltme Makinas\u0131 4 Pistonlu Hidrolik Tornal\u0131 Jant D\u00fczeltme Makinas\u0131 Profesyonel Tip Hidrolik Tornal\u0131 Jant D\u00fczeltme Makinas\u0131 A\u011f\u0131r Hizmet Jant D\u00fczeltme Makinas\u0131 DORUK 10&quot;-28&quot; Elektro-Hidrolik Tornal\u0131 Jant D\u00fczeltme Makinas\u0131 Hidrolik Tornal\u0131 Jant D\u00fczeltme Makinas\u0131 Manuel...","protected":false},"author":1,"featured_media":0,"parent":36,"menu_order":0,"comment_status":"open","ping_status":"open","template":"","meta":{"_mi_skip_tracking":false},"yoast_head":"<!-- This site is optimized with the Yoast SEO plugin v19.6.1 - https:\/\/yoast.com\/wordpress\/plugins\/seo\/ -->\r\n<title>JANT D\u00dcZELTME MAK\u0130NELER\u0130 - K-MAK OTOMOT\u0130V SERV\u0130S EK\u0130PMANLARI<\/title>\r\n<meta name=\"robots\" content=\"index, follow, max-snippet:-1, max-image-preview:large, max-video-preview:-1\" \/>\r\n<link rel=\"canonical\" href=\"https:\/\/www.k-mak.com\/en\/urunlerimiz-2\/yerli-makinalar\/jant-duzeltme-makineleri\/\" \/>\r\n<meta property=\"og:locale\" content=\"en_US\" \/>\r\n<meta property=\"og:type\" content=\"article\" \/>\r\n<meta property=\"og:title\" content=\"JANT D\u00dcZELTME MAK\u0130NELER\u0130 - K-MAK OTOMOT\u0130V SERV\u0130S EK\u0130PMANLARI\" \/>\r\n<meta property=\"og:url\" content=\"https:\/\/www.k-mak.com\/en\/urunlerimiz-2\/yerli-makinalar\/jant-duzeltme-makineleri\/\" \/>\r\n<meta property=\"og:site_name\" content=\"K-MAK OTOMOT\u0130V SERV\u0130S EK\u0130PMANLARI\" \/>\r\n<meta property=\"article:modified_time\" content=\"2021-03-29T05:26:53+00:00\" \/>\r\n<meta name=\"twitter:card\" content=\"summary_large_image\" \/>\r\n<meta name=\"twitter:label1\" content=\"Est. reading time\" \/>\n\t<meta name=\"twitter:data1\" content=\"2 minutes\" \/>\r\n<script type=\"application\/ld+json\" class=\"yoast-schema-graph\">{\"@context\":\"https:\/\/schema.org\",\"@graph\":[{\"@type\":\"WebPage\",\"@id\":\"https:\/\/www.k-mak.com\/urunlerimiz-2\/yerli-makinalar\/jant-duzeltme-makineleri\/\",\"url\":\"https:\/\/www.k-mak.com\/urunlerimiz-2\/yerli-makinalar\/jant-duzeltme-makineleri\/\",\"name\":\"JANT D\u00dcZELTME MAK\u0130NELER\u0130 - K-MAK OTOMOT\u0130V SERV\u0130S EK\u0130PMANLARI\",\"isPartOf\":{\"@id\":\"https:\/\/www.k-mak.com\/#website\"},\"datePublished\":\"2014-02-24T21:34:58+00:00\",\"dateModified\":\"2021-03-29T05:26:53+00:00\",\"breadcrumb\":{\"@id\":\"https:\/\/www.k-mak.com\/urunlerimiz-2\/yerli-makinalar\/jant-duzeltme-makineleri\/#breadcrumb\"},\"inLanguage\":\"en-US\",\"potentialAction\":[{\"@type\":\"ReadAction\",\"target\":[\"https:\/\/www.k-mak.com\/urunlerimiz-2\/yerli-makinalar\/jant-duzeltme-makineleri\/\"]}]},{\"@type\":\"BreadcrumbList\",\"@id\":\"https:\/\/www.k-mak.com\/urunlerimiz-2\/yerli-makinalar\/jant-duzeltme-makineleri\/#breadcrumb\",\"itemListElement\":[{\"@type\":\"ListItem\",\"position\":1,\"name\":\"Anasayfa\",\"item\":\"https:\/\/www.k-mak.com\/\"},{\"@type\":\"ListItem\",\"position\":2,\"name\":\"\u00dcR\u00dcNLER\u0130M\u0130Z\",\"item\":\"https:\/\/www.k-mak.com\/urunlerimiz-2\/\"},{\"@type\":\"ListItem\",\"position\":3,\"name\":\"YERL\u0130 MAK\u0130NALAR\",\"item\":\"https:\/\/www.k-mak.com\/urunlerimiz-2\/yerli-makinalar\/\"},{\"@type\":\"ListItem\",\"position\":4,\"name\":\"JANT D\u00dcZELTME MAK\u0130NELER\u0130\"}]},{\"@type\":\"WebSite\",\"@id\":\"https:\/\/www.k-mak.com\/#website\",\"url\":\"https:\/\/www.k-mak.com\/\",\"name\":\"K-MAK OTOMOT\u0130V SERV\u0130S EK\u0130PMANLARI\",\"description\":\"Jant D\u00fczeltme Makinalar\u0131 \u00fcretimini birinci elden ger\u00e7ekle\u015ftiren K-MAK Otomotiv Servis ekipmanlar\u0131 alan\u0131nda bulunan Jant d\u00fczeltme makinas\u0131 \u00fcretiminde y\u0131llardan bu yana en kaliteli \u00fcr\u00fcnleri i\u00e7 ve d\u0131\u015f piyasaya vermektedir. Jant d\u00fczeltme makinas\u0131 fiyatlar\u0131 \u00fcr\u00fcnlerin fonksiyonlar\u0131na g\u00f6re de\u011fi\u015fmektedir.\",\"publisher\":{\"@id\":\"https:\/\/www.k-mak.com\/#organization\"},\"potentialAction\":[{\"@type\":\"SearchAction\",\"target\":{\"@type\":\"EntryPoint\",\"urlTemplate\":\"https:\/\/www.k-mak.com\/?s={search_term_string}\"},\"query-input\":\"required name=search_term_string\"}],\"inLanguage\":\"en-US\"},{\"@type\":\"Organization\",\"@id\":\"https:\/\/www.k-mak.com\/#organization\",\"name\":\"K-MAK OTOMOT\u0130V SERV\u0130S EK\u0130PMANLARI\",\"url\":\"https:\/\/www.k-mak.com\/\",\"sameAs\":[],\"logo\":{\"@type\":\"ImageObject\",\"inLanguage\":\"en-US\",\"@id\":\"https:\/\/www.k-mak.com\/#\/schema\/logo\/image\/\",\"url\":\"https:\/\/www.k-mak.com\/wp-content\/uploads\/2022\/09\/LOGO...-removebg-preview-1.png\",\"contentUrl\":\"https:\/\/www.k-mak.com\/wp-content\/uploads\/2022\/09\/LOGO...-removebg-preview-1.png\",\"width\":711,\"height\":351,\"caption\":\"K-MAK OTOMOT\u0130V SERV\u0130S EK\u0130PMANLARI\"},\"image\":{\"@id\":\"https:\/\/www.k-mak.com\/#\/schema\/logo\/image\/\"}}]}<\/script>\r\n<!-- \/ Yoast SEO plugin. -->","yoast_head_json":{"title":"JANT D\u00dcZELTME MAK\u0130NELER\u0130 - K-MAK OTOMOT\u0130V SERV\u0130S EK\u0130PMANLARI","robots":{"index":"index","follow":"follow","max-snippet":"max-snippet:-1","max-image-preview":"max-image-preview:large","max-video-preview":"max-video-preview:-1"},"canonical":"https:\/\/www.k-mak.com\/en\/urunlerimiz-2\/yerli-makinalar\/jant-duzeltme-makineleri\/","og_locale":"en_US","og_type":"article","og_title":"JANT D\u00dcZELTME MAK\u0130NELER\u0130 - K-MAK OTOMOT\u0130V SERV\u0130S EK\u0130PMANLARI","og_url":"https:\/\/www.k-mak.com\/en\/urunlerimiz-2\/yerli-makinalar\/jant-duzeltme-makineleri\/","og_site_name":"K-MAK OTOMOT\u0130V SERV\u0130S EK\u0130PMANLARI","article_modified_time":"2021-03-29T05:26:53+00:00","twitter_card":"summary_large_image","twitter_misc":{"Est. reading time":"2 minutes"},"schema":{"@context":"https:\/\/schema.org","@graph":[{"@type":"WebPage","@id":"https:\/\/www.k-mak.com\/urunlerimiz-2\/yerli-makinalar\/jant-duzeltme-makineleri\/","url":"https:\/\/www.k-mak.com\/urunlerimiz-2\/yerli-makinalar\/jant-duzeltme-makineleri\/","name":"JANT D\u00dcZELTME MAK\u0130NELER\u0130 - K-MAK OTOMOT\u0130V SERV\u0130S EK\u0130PMANLARI","isPartOf":{"@id":"https:\/\/www.k-mak.com\/#website"},"datePublished":"2014-02-24T21:34:58+00:00","dateModified":"2021-03-29T05:26:53+00:00","breadcrumb":{"@id":"https:\/\/www.k-mak.com\/urunlerimiz-2\/yerli-makinalar\/jant-duzeltme-makineleri\/#breadcrumb"},"inLanguage":"en-US","potentialAction":[{"@type":"ReadAction","target":["https:\/\/www.k-mak.com\/urunlerimiz-2\/yerli-makinalar\/jant-duzeltme-makineleri\/"]}]},{"@type":"BreadcrumbList","@id":"https:\/\/www.k-mak.com\/urunlerimiz-2\/yerli-makinalar\/jant-duzeltme-makineleri\/#breadcrumb","itemListElement":[{"@type":"ListItem","position":1,"name":"Anasayfa","item":"https:\/\/www.k-mak.com\/"},{"@type":"ListItem","position":2,"name":"\u00dcR\u00dcNLER\u0130M\u0130Z","item":"https:\/\/www.k-mak.com\/urunlerimiz-2\/"},{"@type":"ListItem","position":3,"name":"YERL\u0130 MAK\u0130NALAR","item":"https:\/\/www.k-mak.com\/urunlerimiz-2\/yerli-makinalar\/"},{"@type":"ListItem","position":4,"name":"JANT D\u00dcZELTME MAK\u0130NELER\u0130"}]},{"@type":"WebSite","@id":"https:\/\/www.k-mak.com\/#website","url":"https:\/\/www.k-mak.com\/","name":"K-MAK OTOMOT\u0130V SERV\u0130S EK\u0130PMANLARI","description":"Jant D\u00fczeltme Makinalar\u0131 \u00fcretimini birinci elden ger\u00e7ekle\u015ftiren K-MAK Otomotiv Servis ekipmanlar\u0131 alan\u0131nda bulunan Jant d\u00fczeltme makinas\u0131 \u00fcretiminde y\u0131llardan bu yana en kaliteli \u00fcr\u00fcnleri i\u00e7 ve d\u0131\u015f piyasaya vermektedir. Jant d\u00fczeltme makinas\u0131 fiyatlar\u0131 \u00fcr\u00fcnlerin fonksiyonlar\u0131na g\u00f6re de\u011fi\u015fmektedir.","publisher":{"@id":"https:\/\/www.k-mak.com\/#organization"},"potentialAction":[{"@type":"SearchAction","target":{"@type":"EntryPoint","urlTemplate":"https:\/\/www.k-mak.com\/?s={search_term_string}"},"query-input":"required name=search_term_string"}],"inLanguage":"en-US"},{"@type":"Organization","@id":"https:\/\/www.k-mak.com\/#organization","name":"K-MAK OTOMOT\u0130V SERV\u0130S EK\u0130PMANLARI","url":"https:\/\/www.k-mak.com\/","sameAs":[],"logo":{"@type":"ImageObject","inLanguage":"en-US","@id":"https:\/\/www.k-mak.com\/#\/schema\/logo\/image\/","url":"https:\/\/www.k-mak.com\/wp-content\/uploads\/2022\/09\/LOGO...-removebg-preview-1.png","contentUrl":"https:\/\/www.k-mak.com\/wp-content\/uploads\/2022\/09\/LOGO...-removebg-preview-1.png","width":711,"height":351,"caption":"K-MAK OTOMOT\u0130V SERV\u0130S EK\u0130PMANLARI"},"image":{"@id":"https:\/\/www.k-mak.com\/#\/schema\/logo\/image\/"}}]}},"_links":{"self":[{"href":"https:\/\/www.k-mak.com\/en\/wp-json\/wp\/v2\/pages\/94"}],"collection":[{"href":"https:\/\/www.k-mak.com\/en\/wp-json\/wp\/v2\/pages"}],"about":[{"href":"https:\/\/www.k-mak.com\/en\/wp-json\/wp\/v2\/types\/page"}],"author":[{"embeddable":true,"href":"https:\/\/www.k-mak.com\/en\/wp-json\/wp\/v2\/users\/1"}],"replies":[{"embeddable":true,"href":"https:\/\/www.k-mak.com\/en\/wp-json\/wp\/v2\/comments?post=94"}],"version-history":[{"count":32,"href":"https:\/\/www.k-mak.com\/en\/wp-json\/wp\/v2\/pages\/94\/revisions"}],"predecessor-version":[{"id":1104,"href":"https:\/\/www.k-mak.com\/en\/wp-json\/wp\/v2\/pages\/94\/revisions\/1104"}],"up":[{"embeddable":true,"href":"https:\/\/www.k-mak.com\/en\/wp-json\/wp\/v2\/pages\/36"}],"wp:attachment":[{"href":"https:\/\/www.k-mak.com\/en\/wp-json\/wp\/v2\/media?parent=94"}],"curies":[{"name":"wp","href":"https:\/\/api.w.org\/{rel}","templated":true}]}}